{"id":296,"date":"2020-10-04T00:57:53","date_gmt":"2020-10-04T00:57:53","guid":{"rendered":"http:\/\/vonsaten.net\/?page_id=296"},"modified":"2023-02-18T22:27:53","modified_gmt":"2023-02-18T22:27:53","slug":"tanecni-zona","status":"publish","type":"page","link":"https:\/\/vonsaten.net\/index.php\/von-saten-2\/tanecni-zona\/","title":{"rendered":"Dancing Zone Magazine"},"content":{"rendered":"\t\t<div data-elementor-type=\"wp-page\" data-elementor-id=\"296\" class=\"elementor elementor-296\">\n\t\t\t\t\t\t<div class=\"elementor-inner\">\n\t\t\t\t<div class=\"elementor-section-wrap\">\n\t\t\t\t\t\t\t\t\t<section class=\"elementor-section elementor-top-section elementor-element elementor-element-494f61b elementor-section-full_width elementor-section-height-default elementor-section-height-default\" data-id=\"494f61b\" data-element_type=\"section\" data-settings=\"{&quot;background_background&quot;:&quot;classic&quot;}\">\n\t\t\t\t\t\t<div class=\"elementor-container elementor-column-gap-custom\">\n\t\t\t\t\t\t\t<div class=\"elementor-row\">\n\t\t\t\t\t<div class=\"elementor-column elementor-col-50 elementor-top-column elementor-element elementor-element-e014f1f\" data-id=\"e014f1f\" data-element_type=\"column\">\n\t\t\t<div class=\"elementor-column-wrap elementor-element-populated\">\n\t\t\t\t\t\t\t<div class=\"elementor-widget-wrap\">\n\t\t\t\t\t\t<div class=\"elementor-element elementor-element-810d2c5 elementor-widget elementor-widget-text-editor\" data-id=\"810d2c5\" data-element_type=\"widget\" data-widget_type=\"text-editor.default\">\n\t\t\t\t<div class=\"elementor-widget-container\">\n\t\t\t\t\t\t\t\t<div class=\"elementor-text-editor elementor-clearfix\">\n\t\t\t\tDancing Zone Magazine\t\t\t\t\t<\/div>\n\t\t\t\t\t\t<\/div>\n\t\t\t\t<\/div>\n\t\t\t\t\t\t<\/div>\n\t\t\t\t\t<\/div>\n\t\t<\/div>\n\t\t\t\t<div class=\"elementor-column elementor-col-50 elementor-top-column elementor-element elementor-element-810b1dc\" data-id=\"810b1dc\" data-element_type=\"column\">\n\t\t\t<div class=\"elementor-column-wrap elementor-element-populated\">\n\t\t\t\t\t\t\t<div class=\"elementor-widget-wrap\">\n\t\t\t\t\t\t<div class=\"elementor-element elementor-element-5c0066b elementor-widget elementor-widget-text-editor\" data-id=\"5c0066b\" data-element_type=\"widget\" data-widget_type=\"text-editor.default\">\n\t\t\t\t<div class=\"elementor-widget-container\">\n\t\t\t\t\t\t\t\t<div class=\"elementor-text-editor elementor-clearfix\">\n\t\t\t\t<p>I have made more than three years long journey of working on a magazine Tane\u010dn\u00ed Z\u00f3na \/ Dancing Zone dedicated to the motion theater and dance culture. During that time were released 12 issues.<\/p>\t\t\t\t\t<\/div>\n\t\t\t\t\t\t<\/div>\n\t\t\t\t<\/div>\n\t\t\t\t\t\t<\/div>\n\t\t\t\t\t<\/div>\n\t\t<\/div>\n\t\t\t\t\t\t\t\t<\/div>\n\t\t\t\t\t<\/div>\n\t\t<\/section>\n\t\t\t\t<section class=\"elementor-section elementor-top-section elementor-element elementor-element-b0882e3 elementor-section-full_width elementor-section-height-default elementor-section-height-default\" data-id=\"b0882e3\" data-element_type=\"section\" data-settings=\"{&quot;background_background&quot;:&quot;classic&quot;}\">\n\t\t\t\t\t\t<div class=\"elementor-container elementor-column-gap-custom\">\n\t\t\t\t\t\t\t<div class=\"elementor-row\">\n\t\t\t\t\t<div class=\"elementor-column elementor-col-100 elementor-top-column elementor-element elementor-element-c972ed1\" data-id=\"c972ed1\" data-element_type=\"column\">\n\t\t\t<div class=\"elementor-column-wrap elementor-element-populated\">\n\t\t\t\t\t\t\t<div class=\"elementor-widget-wrap\">\n\t\t\t\t\t\t<div class=\"elementor-element elementor-element-1c48a6c elementor-widget elementor-widget-gallery\" data-id=\"1c48a6c\" data-element_type=\"widget\" data-settings=\"{&quot;gallery_layout&quot;:&quot;masonry&quot;,&quot;columns&quot;:2,&quot;gap&quot;:{&quot;unit&quot;:&quot;px&quot;,&quot;size&quot;:50,&quot;sizes&quot;:[]},&quot;lazyload&quot;:&quot;yes&quot;,&quot;columns_tablet&quot;:2,&quot;columns_mobile&quot;:1,&quot;gap_tablet&quot;:{&quot;unit&quot;:&quot;px&quot;,&quot;size&quot;:10,&quot;sizes&quot;:[]},&quot;gap_mobile&quot;:{&quot;unit&quot;:&quot;px&quot;,&quot;size&quot;:10,&quot;sizes&quot;:[]},&quot;link_to&quot;:&quot;file&quot;,&quot;overlay_background&quot;:&quot;yes&quot;,&quot;content_hover_animation&quot;:&quot;fade-in&quot;}\" data-widget_type=\"gallery.default\">\n\t\t\t\t<div class=\"elementor-widget-container\">\n\t\t\t\t\t<div class=\"elementor-gallery__container\">\n\t\t\t\t\t\t\t<a class=\"e-gallery-item elementor-gallery-item elementor-animated-content\" href=\"https:\/\/vonsaten.net\/wp-content\/uploads\/2020\/10\/tz_main.jpg\" data-elementor-open-lightbox=\"yes\" data-elementor-lightbox-slideshow=\"all-1c48a6c\" data-elementor-lightbox-title=\"tz_main\" e-action-hash=\"#elementor-action%3Aaction%3Dlightbox%26settings%3DeyJpZCI6Mjk3LCJ1cmwiOiJodHRwczpcL1wvdm9uc2F0ZW4ubmV0XC93cC1jb250ZW50XC91cGxvYWRzXC8yMDIwXC8xMFwvdHpfbWFpbi5qcGciLCJzbGlkZXNob3ciOiJhbGwtMWM0OGE2YyJ9\">\n\t\t\t\t\t<div class=\"e-gallery-image elementor-gallery-item__image\" data-thumbnail=\"https:\/\/vonsaten.net\/wp-content\/uploads\/2020\/10\/tz_main-1024x652.jpg\" data-width=\"620\" data-height=\"395\" alt=\"\" ><\/div>\n\t\t\t\t\t\t\t\t\t\t\t<div class=\"elementor-gallery-item__overlay\"><\/div>\n\t\t\t\t\t\t\t\t\t\t\t\t\t\t<\/a>\n\t\t\t\t\t\t\t<a class=\"e-gallery-item elementor-gallery-item elementor-animated-content\" href=\"https:\/\/vonsaten.net\/wp-content\/uploads\/2020\/10\/tz14.jpeg\" data-elementor-open-lightbox=\"yes\" data-elementor-lightbox-slideshow=\"all-1c48a6c\" data-elementor-lightbox-title=\"tz14\" e-action-hash=\"#elementor-action%3Aaction%3Dlightbox%26settings%3DeyJpZCI6MzEwLCJ1cmwiOiJodHRwczpcL1wvdm9uc2F0ZW4ubmV0XC93cC1jb250ZW50XC91cGxvYWRzXC8yMDIwXC8xMFwvdHoxNC5qcGVnIiwic2xpZGVzaG93IjoiYWxsLTFjNDhhNmMifQ%3D%3D\">\n\t\t\t\t\t<div class=\"e-gallery-image elementor-gallery-item__image\" data-thumbnail=\"https:\/\/vonsaten.net\/wp-content\/uploads\/2020\/10\/tz14-1024x683.jpeg\" data-width=\"620\" data-height=\"414\" alt=\"\" ><\/div>\n\t\t\t\t\t\t\t\t\t\t\t<div class=\"elementor-gallery-item__overlay\"><\/div>\n\t\t\t\t\t\t\t\t\t\t\t\t\t\t<\/a>\n\t\t\t\t\t\t\t<a class=\"e-gallery-item elementor-gallery-item elementor-animated-content\" href=\"https:\/\/vonsaten.net\/wp-content\/uploads\/2020\/10\/tz22.jpeg\" data-elementor-open-lightbox=\"yes\" data-elementor-lightbox-slideshow=\"all-1c48a6c\" data-elementor-lightbox-title=\"tz22\" e-action-hash=\"#elementor-action%3Aaction%3Dlightbox%26settings%3DeyJpZCI6MzE4LCJ1cmwiOiJodHRwczpcL1wvdm9uc2F0ZW4ubmV0XC93cC1jb250ZW50XC91cGxvYWRzXC8yMDIwXC8xMFwvdHoyMi5qcGVnIiwic2xpZGVzaG93IjoiYWxsLTFjNDhhNmMifQ%3D%3D\">\n\t\t\t\t\t<div class=\"e-gallery-image elementor-gallery-item__image\" data-thumbnail=\"https:\/\/vonsaten.net\/wp-content\/uploads\/2020\/10\/tz22-1024x683.jpeg\" data-width=\"620\" data-height=\"414\" alt=\"\" ><\/div>\n\t\t\t\t\t\t\t\t\t\t\t<div class=\"elementor-gallery-item__overlay\"><\/div>\n\t\t\t\t\t\t\t\t\t\t\t\t\t\t<\/a>\n\t\t\t\t\t\t\t<a class=\"e-gallery-item elementor-gallery-item elementor-animated-content\" href=\"https:\/\/vonsaten.net\/wp-content\/uploads\/2020\/10\/tz11.jpeg\" data-elementor-open-lightbox=\"yes\" data-elementor-lightbox-slideshow=\"all-1c48a6c\" data-elementor-lightbox-title=\"tz11\" e-action-hash=\"#elementor-action%3Aaction%3Dlightbox%26settings%3DeyJpZCI6MzA3LCJ1cmwiOiJodHRwczpcL1wvdm9uc2F0ZW4ubmV0XC93cC1jb250ZW50XC91cGxvYWRzXC8yMDIwXC8xMFwvdHoxMS5qcGVnIiwic2xpZGVzaG93IjoiYWxsLTFjNDhhNmMifQ%3D%3D\">\n\t\t\t\t\t<div class=\"e-gallery-image elementor-gallery-item__image\" data-thumbnail=\"https:\/\/vonsaten.net\/wp-content\/uploads\/2020\/10\/tz11-1024x683.jpeg\" data-width=\"620\" data-height=\"414\" alt=\"\" ><\/div>\n\t\t\t\t\t\t\t\t\t\t\t<div class=\"elementor-gallery-item__overlay\"><\/div>\n\t\t\t\t\t\t\t\t\t\t\t\t\t\t<\/a>\n\t\t\t\t\t\t\t<a class=\"e-gallery-item elementor-gallery-item elementor-animated-content\" href=\"https:\/\/vonsaten.net\/wp-content\/uploads\/2020\/10\/tz21.jpeg\" data-elementor-open-lightbox=\"yes\" data-elementor-lightbox-slideshow=\"all-1c48a6c\" data-elementor-lightbox-title=\"tz21\" e-action-hash=\"#elementor-action%3Aaction%3Dlightbox%26settings%3DeyJpZCI6MzE3LCJ1cmwiOiJodHRwczpcL1wvdm9uc2F0ZW4ubmV0XC93cC1jb250ZW50XC91cGxvYWRzXC8yMDIwXC8xMFwvdHoyMS5qcGVnIiwic2xpZGVzaG93IjoiYWxsLTFjNDhhNmMifQ%3D%3D\">\n\t\t\t\t\t<div class=\"e-gallery-image elementor-gallery-item__image\" data-thumbnail=\"https:\/\/vonsaten.net\/wp-content\/uploads\/2020\/10\/tz21-1024x683.jpeg\" data-width=\"620\" data-height=\"414\" alt=\"\" ><\/div>\n\t\t\t\t\t\t\t\t\t\t\t<div class=\"elementor-gallery-item__overlay\"><\/div>\n\t\t\t\t\t\t\t\t\t\t\t\t\t\t<\/a>\n\t\t\t\t\t\t\t<a class=\"e-gallery-item elementor-gallery-item elementor-animated-content\" href=\"https:\/\/vonsaten.net\/wp-content\/uploads\/2020\/10\/tz20.jpeg\" data-elementor-open-lightbox=\"yes\" data-elementor-lightbox-slideshow=\"all-1c48a6c\" data-elementor-lightbox-title=\"tz20\" e-action-hash=\"#elementor-action%3Aaction%3Dlightbox%26settings%3DeyJpZCI6MzE2LCJ1cmwiOiJodHRwczpcL1wvdm9uc2F0ZW4ubmV0XC93cC1jb250ZW50XC91cGxvYWRzXC8yMDIwXC8xMFwvdHoyMC5qcGVnIiwic2xpZGVzaG93IjoiYWxsLTFjNDhhNmMifQ%3D%3D\">\n\t\t\t\t\t<div class=\"e-gallery-image elementor-gallery-item__image\" data-thumbnail=\"https:\/\/vonsaten.net\/wp-content\/uploads\/2020\/10\/tz20-1024x683.jpeg\" data-width=\"620\" data-height=\"414\" alt=\"\" ><\/div>\n\t\t\t\t\t\t\t\t\t\t\t<div class=\"elementor-gallery-item__overlay\"><\/div>\n\t\t\t\t\t\t\t\t\t\t\t\t\t\t<\/a>\n\t\t\t\t\t\t\t<a class=\"e-gallery-item elementor-gallery-item elementor-animated-content\" href=\"https:\/\/vonsaten.net\/wp-content\/uploads\/2020\/10\/tz23.jpeg\" data-elementor-open-lightbox=\"yes\" data-elementor-lightbox-slideshow=\"all-1c48a6c\" data-elementor-lightbox-title=\"tz23\" e-action-hash=\"#elementor-action%3Aaction%3Dlightbox%26settings%3DeyJpZCI6MzE5LCJ1cmwiOiJodHRwczpcL1wvdm9uc2F0ZW4ubmV0XC93cC1jb250ZW50XC91cGxvYWRzXC8yMDIwXC8xMFwvdHoyMy5qcGVnIiwic2xpZGVzaG93IjoiYWxsLTFjNDhhNmMifQ%3D%3D\">\n\t\t\t\t\t<div class=\"e-gallery-image elementor-gallery-item__image\" data-thumbnail=\"https:\/\/vonsaten.net\/wp-content\/uploads\/2020\/10\/tz23-1024x683.jpeg\" data-width=\"620\" data-height=\"414\" alt=\"\" ><\/div>\n\t\t\t\t\t\t\t\t\t\t\t<div class=\"elementor-gallery-item__overlay\"><\/div>\n\t\t\t\t\t\t\t\t\t\t\t\t\t\t<\/a>\n\t\t\t\t\t\t\t<a class=\"e-gallery-item elementor-gallery-item elementor-animated-content\" href=\"https:\/\/vonsaten.net\/wp-content\/uploads\/2020\/10\/tz19.jpeg\" data-elementor-open-lightbox=\"yes\" data-elementor-lightbox-slideshow=\"all-1c48a6c\" data-elementor-lightbox-title=\"tz19\" e-action-hash=\"#elementor-action%3Aaction%3Dlightbox%26settings%3DeyJpZCI6MzE1LCJ1cmwiOiJodHRwczpcL1wvdm9uc2F0ZW4ubmV0XC93cC1jb250ZW50XC91cGxvYWRzXC8yMDIwXC8xMFwvdHoxOS5qcGVnIiwic2xpZGVzaG93IjoiYWxsLTFjNDhhNmMifQ%3D%3D\">\n\t\t\t\t\t<div class=\"e-gallery-image elementor-gallery-item__image\" data-thumbnail=\"https:\/\/vonsaten.net\/wp-content\/uploads\/2020\/10\/tz19-1024x683.jpeg\" data-width=\"620\" data-height=\"414\" alt=\"\" ><\/div>\n\t\t\t\t\t\t\t\t\t\t\t<div class=\"elementor-gallery-item__overlay\"><\/div>\n\t\t\t\t\t\t\t\t\t\t\t\t\t\t<\/a>\n\t\t\t\t\t\t\t<a class=\"e-gallery-item elementor-gallery-item elementor-animated-content\" href=\"https:\/\/vonsaten.net\/wp-content\/uploads\/2020\/10\/tz18.jpeg\" data-elementor-open-lightbox=\"yes\" data-elementor-lightbox-slideshow=\"all-1c48a6c\" data-elementor-lightbox-title=\"tz18\" e-action-hash=\"#elementor-action%3Aaction%3Dlightbox%26settings%3DeyJpZCI6MzE0LCJ1cmwiOiJodHRwczpcL1wvdm9uc2F0ZW4ubmV0XC93cC1jb250ZW50XC91cGxvYWRzXC8yMDIwXC8xMFwvdHoxOC5qcGVnIiwic2xpZGVzaG93IjoiYWxsLTFjNDhhNmMifQ%3D%3D\">\n\t\t\t\t\t<div class=\"e-gallery-image elementor-gallery-item__image\" data-thumbnail=\"https:\/\/vonsaten.net\/wp-content\/uploads\/2020\/10\/tz18-1024x683.jpeg\" data-width=\"620\" data-height=\"414\" alt=\"\" ><\/div>\n\t\t\t\t\t\t\t\t\t\t\t<div class=\"elementor-gallery-item__overlay\"><\/div>\n\t\t\t\t\t\t\t\t\t\t\t\t\t\t<\/a>\n\t\t\t\t\t\t\t<a class=\"e-gallery-item elementor-gallery-item elementor-animated-content\" href=\"https:\/\/vonsaten.net\/wp-content\/uploads\/2020\/10\/tz17.jpeg\" data-elementor-open-lightbox=\"yes\" data-elementor-lightbox-slideshow=\"all-1c48a6c\" data-elementor-lightbox-title=\"tz17\" e-action-hash=\"#elementor-action%3Aaction%3Dlightbox%26settings%3DeyJpZCI6MzEzLCJ1cmwiOiJodHRwczpcL1wvdm9uc2F0ZW4ubmV0XC93cC1jb250ZW50XC91cGxvYWRzXC8yMDIwXC8xMFwvdHoxNy5qcGVnIiwic2xpZGVzaG93IjoiYWxsLTFjNDhhNmMifQ%3D%3D\">\n\t\t\t\t\t<div class=\"e-gallery-image elementor-gallery-item__image\" data-thumbnail=\"https:\/\/vonsaten.net\/wp-content\/uploads\/2020\/10\/tz17-1024x683.jpeg\" data-width=\"620\" data-height=\"414\" alt=\"\" ><\/div>\n\t\t\t\t\t\t\t\t\t\t\t<div class=\"elementor-gallery-item__overlay\"><\/div>\n\t\t\t\t\t\t\t\t\t\t\t\t\t\t<\/a>\n\t\t\t\t\t\t\t<a class=\"e-gallery-item elementor-gallery-item elementor-animated-content\" href=\"https:\/\/vonsaten.net\/wp-content\/uploads\/2020\/10\/tz16.jpeg\" data-elementor-open-lightbox=\"yes\" data-elementor-lightbox-slideshow=\"all-1c48a6c\" data-elementor-lightbox-title=\"tz16\" e-action-hash=\"#elementor-action%3Aaction%3Dlightbox%26settings%3DeyJpZCI6MzEyLCJ1cmwiOiJodHRwczpcL1wvdm9uc2F0ZW4ubmV0XC93cC1jb250ZW50XC91cGxvYWRzXC8yMDIwXC8xMFwvdHoxNi5qcGVnIiwic2xpZGVzaG93IjoiYWxsLTFjNDhhNmMifQ%3D%3D\">\n\t\t\t\t\t<div class=\"e-gallery-image elementor-gallery-item__image\" data-thumbnail=\"https:\/\/vonsaten.net\/wp-content\/uploads\/2020\/10\/tz16-1024x683.jpeg\" data-width=\"620\" data-height=\"414\" alt=\"\" ><\/div>\n\t\t\t\t\t\t\t\t\t\t\t<div class=\"elementor-gallery-item__overlay\"><\/div>\n\t\t\t\t\t\t\t\t\t\t\t\t\t\t<\/a>\n\t\t\t\t\t\t\t<a class=\"e-gallery-item elementor-gallery-item elementor-animated-content\" href=\"https:\/\/vonsaten.net\/wp-content\/uploads\/2020\/10\/tz15.jpeg\" data-elementor-open-lightbox=\"yes\" data-elementor-lightbox-slideshow=\"all-1c48a6c\" data-elementor-lightbox-title=\"tz15\" e-action-hash=\"#elementor-action%3Aaction%3Dlightbox%26settings%3DeyJpZCI6MzExLCJ1cmwiOiJodHRwczpcL1wvdm9uc2F0ZW4ubmV0XC93cC1jb250ZW50XC91cGxvYWRzXC8yMDIwXC8xMFwvdHoxNS5qcGVnIiwic2xpZGVzaG93IjoiYWxsLTFjNDhhNmMifQ%3D%3D\">\n\t\t\t\t\t<div class=\"e-gallery-image elementor-gallery-item__image\" data-thumbnail=\"https:\/\/vonsaten.net\/wp-content\/uploads\/2020\/10\/tz15-1024x683.jpeg\" data-width=\"620\" data-height=\"414\" alt=\"\" ><\/div>\n\t\t\t\t\t\t\t\t\t\t\t<div class=\"elementor-gallery-item__overlay\"><\/div>\n\t\t\t\t\t\t\t\t\t\t\t\t\t\t<\/a>\n\t\t\t\t\t\t\t<a class=\"e-gallery-item elementor-gallery-item elementor-animated-content\" href=\"https:\/\/vonsaten.net\/wp-content\/uploads\/2020\/10\/tz13.jpeg\" data-elementor-open-lightbox=\"yes\" data-elementor-lightbox-slideshow=\"all-1c48a6c\" data-elementor-lightbox-title=\"tz13\" e-action-hash=\"#elementor-action%3Aaction%3Dlightbox%26settings%3DeyJpZCI6MzA5LCJ1cmwiOiJodHRwczpcL1wvdm9uc2F0ZW4ubmV0XC93cC1jb250ZW50XC91cGxvYWRzXC8yMDIwXC8xMFwvdHoxMy5qcGVnIiwic2xpZGVzaG93IjoiYWxsLTFjNDhhNmMifQ%3D%3D\">\n\t\t\t\t\t<div class=\"e-gallery-image elementor-gallery-item__image\" data-thumbnail=\"https:\/\/vonsaten.net\/wp-content\/uploads\/2020\/10\/tz13-1024x683.jpeg\" data-width=\"620\" data-height=\"414\" alt=\"\" ><\/div>\n\t\t\t\t\t\t\t\t\t\t\t<div class=\"elementor-gallery-item__overlay\"><\/div>\n\t\t\t\t\t\t\t\t\t\t\t\t\t\t<\/a>\n\t\t\t\t\t\t\t<a class=\"e-gallery-item elementor-gallery-item elementor-animated-content\" href=\"https:\/\/vonsaten.net\/wp-content\/uploads\/2020\/10\/tz12.jpeg\" data-elementor-open-lightbox=\"yes\" data-elementor-lightbox-slideshow=\"all-1c48a6c\" data-elementor-lightbox-title=\"tz12\" e-action-hash=\"#elementor-action%3Aaction%3Dlightbox%26settings%3DeyJpZCI6MzA4LCJ1cmwiOiJodHRwczpcL1wvdm9uc2F0ZW4ubmV0XC93cC1jb250ZW50XC91cGxvYWRzXC8yMDIwXC8xMFwvdHoxMi5qcGVnIiwic2xpZGVzaG93IjoiYWxsLTFjNDhhNmMifQ%3D%3D\">\n\t\t\t\t\t<div class=\"e-gallery-image elementor-gallery-item__image\" data-thumbnail=\"https:\/\/vonsaten.net\/wp-content\/uploads\/2020\/10\/tz12-1024x683.jpeg\" data-width=\"620\" data-height=\"414\" alt=\"\" ><\/div>\n\t\t\t\t\t\t\t\t\t\t\t<div class=\"elementor-gallery-item__overlay\"><\/div>\n\t\t\t\t\t\t\t\t\t\t\t\t\t\t<\/a>\n\t\t\t\t\t\t\t<a class=\"e-gallery-item elementor-gallery-item elementor-animated-content\" href=\"https:\/\/vonsaten.net\/wp-content\/uploads\/2020\/10\/tz5.jpg\" data-elementor-open-lightbox=\"yes\" data-elementor-lightbox-slideshow=\"all-1c48a6c\" data-elementor-lightbox-title=\"tz5\" e-action-hash=\"#elementor-action%3Aaction%3Dlightbox%26settings%3DeyJpZCI6MzAxLCJ1cmwiOiJodHRwczpcL1wvdm9uc2F0ZW4ubmV0XC93cC1jb250ZW50XC91cGxvYWRzXC8yMDIwXC8xMFwvdHo1LmpwZyIsInNsaWRlc2hvdyI6ImFsbC0xYzQ4YTZjIn0%3D\">\n\t\t\t\t\t<div class=\"e-gallery-image elementor-gallery-item__image\" data-thumbnail=\"https:\/\/vonsaten.net\/wp-content\/uploads\/2020\/10\/tz5-1024x783.jpg\" data-width=\"620\" data-height=\"474\" alt=\"\" ><\/div>\n\t\t\t\t\t\t\t\t\t\t\t<div class=\"elementor-gallery-item__overlay\"><\/div>\n\t\t\t\t\t\t\t\t\t\t\t\t\t\t<\/a>\n\t\t\t\t\t\t\t<a class=\"e-gallery-item elementor-gallery-item elementor-animated-content\" href=\"https:\/\/vonsaten.net\/wp-content\/uploads\/2020\/10\/tz4.jpg\" data-elementor-open-lightbox=\"yes\" data-elementor-lightbox-slideshow=\"all-1c48a6c\" data-elementor-lightbox-title=\"tz4\" e-action-hash=\"#elementor-action%3Aaction%3Dlightbox%26settings%3DeyJpZCI6MzAwLCJ1cmwiOiJodHRwczpcL1wvdm9uc2F0ZW4ubmV0XC93cC1jb250ZW50XC91cGxvYWRzXC8yMDIwXC8xMFwvdHo0LmpwZyIsInNsaWRlc2hvdyI6ImFsbC0xYzQ4YTZjIn0%3D\">\n\t\t\t\t\t<div class=\"e-gallery-image elementor-gallery-item__image\" data-thumbnail=\"https:\/\/vonsaten.net\/wp-content\/uploads\/2020\/10\/tz4-1024x783.jpg\" data-width=\"620\" data-height=\"474\" alt=\"\" ><\/div>\n\t\t\t\t\t\t\t\t\t\t\t<div class=\"elementor-gallery-item__overlay\"><\/div>\n\t\t\t\t\t\t\t\t\t\t\t\t\t\t<\/a>\n\t\t\t\t\t\t\t<a class=\"e-gallery-item elementor-gallery-item elementor-animated-content\" href=\"https:\/\/vonsaten.net\/wp-content\/uploads\/2020\/10\/tz3.jpg\" data-elementor-open-lightbox=\"yes\" data-elementor-lightbox-slideshow=\"all-1c48a6c\" data-elementor-lightbox-title=\"tz3\" e-action-hash=\"#elementor-action%3Aaction%3Dlightbox%26settings%3DeyJpZCI6Mjk5LCJ1cmwiOiJodHRwczpcL1wvdm9uc2F0ZW4ubmV0XC93cC1jb250ZW50XC91cGxvYWRzXC8yMDIwXC8xMFwvdHozLmpwZyIsInNsaWRlc2hvdyI6ImFsbC0xYzQ4YTZjIn0%3D\">\n\t\t\t\t\t<div class=\"e-gallery-image elementor-gallery-item__image\" data-thumbnail=\"https:\/\/vonsaten.net\/wp-content\/uploads\/2020\/10\/tz3-1024x652.jpg\" data-width=\"620\" data-height=\"395\" alt=\"\" ><\/div>\n\t\t\t\t\t\t\t\t\t\t\t<div class=\"elementor-gallery-item__overlay\"><\/div>\n\t\t\t\t\t\t\t\t\t\t\t\t\t\t<\/a>\n\t\t\t\t\t\t\t<a class=\"e-gallery-item elementor-gallery-item elementor-animated-content\" href=\"https:\/\/vonsaten.net\/wp-content\/uploads\/2020\/10\/tz2.jpg\" data-elementor-open-lightbox=\"yes\" data-elementor-lightbox-slideshow=\"all-1c48a6c\" data-elementor-lightbox-title=\"tz2\" e-action-hash=\"#elementor-action%3Aaction%3Dlightbox%26settings%3DeyJpZCI6Mjk4LCJ1cmwiOiJodHRwczpcL1wvdm9uc2F0ZW4ubmV0XC93cC1jb250ZW50XC91cGxvYWRzXC8yMDIwXC8xMFwvdHoyLmpwZyIsInNsaWRlc2hvdyI6ImFsbC0xYzQ4YTZjIn0%3D\">\n\t\t\t\t\t<div class=\"e-gallery-image elementor-gallery-item__image\" data-thumbnail=\"https:\/\/vonsaten.net\/wp-content\/uploads\/2020\/10\/tz2-1024x783.jpg\" data-width=\"620\" data-height=\"474\" alt=\"\" ><\/div>\n\t\t\t\t\t\t\t\t\t\t\t<div class=\"elementor-gallery-item__overlay\"><\/div>\n\t\t\t\t\t\t\t\t\t\t\t\t\t\t<\/a>\n\t\t\t\t\t<\/div>\n\t\t\t<\/div>\n\t\t\t\t<\/div>\n\t\t\t\t\t\t<\/div>\n\t\t\t\t\t<\/div>\n\t\t<\/div>\n\t\t\t\t\t\t\t\t<\/div>\n\t\t\t\t\t<\/div>\n\t\t<\/section>\n\t\t\t\t\t\t\t\t\t<\/div>\n\t\t\t<\/div>\n\t\t\t\t\t<\/div>\n\t\t","protected":false},"excerpt":{"rendered":"<p>I have made more than three years long journey of working on a magazine Tane\u010dn\u00ed Z\u00f3na \/ Dancing Zone dedicated to the motion theater and dance culture. During that time were released 12 issues.<\/p>\n","protected":false},"author":1,"featured_media":307,"parent":239,"menu_order":-1,"comment_status":"closed","ping_status":"open","template":"elementor_header_footer","meta":[],"_links":{"self":[{"href":"https:\/\/vonsaten.net\/index.php\/wp-json\/wp\/v2\/pages\/296"}],"collection":[{"href":"https:\/\/vonsaten.net\/index.php\/wp-json\/wp\/v2\/pages"}],"about":[{"href":"https:\/\/vonsaten.net\/index.php\/wp-json\/wp\/v2\/types\/page"}],"author":[{"embeddable":true,"href":"https:\/\/vonsaten.net\/index.php\/wp-json\/wp\/v2\/users\/1"}],"replies":[{"embeddable":true,"href":"https:\/\/vonsaten.net\/index.php\/wp-json\/wp\/v2\/comments?post=296"}],"version-history":[{"count":6,"href":"https:\/\/vonsaten.net\/index.php\/wp-json\/wp\/v2\/pages\/296\/revisions"}],"predecessor-version":[{"id":3879,"href":"https:\/\/vonsaten.net\/index.php\/wp-json\/wp\/v2\/pages\/296\/revisions\/3879"}],"up":[{"embeddable":true,"href":"https:\/\/vonsaten.net\/index.php\/wp-json\/wp\/v2\/pages\/239"}],"wp:featuredmedia":[{"embeddable":true,"href":"https:\/\/vonsaten.net\/index.php\/wp-json\/wp\/v2\/media\/307"}],"wp:attachment":[{"href":"https:\/\/vonsaten.net\/index.php\/wp-json\/wp\/v2\/media?parent=296"}],"curies":[{"name":"wp","href":"https:\/\/api.w.org\/{rel}","templated":true}]}}