{"id":475,"date":"2020-10-04T04:15:05","date_gmt":"2020-10-04T04:15:05","guid":{"rendered":"http:\/\/vonsaten.net\/?page_id=475"},"modified":"2023-02-18T23:00:44","modified_gmt":"2023-02-18T23:00:44","slug":"lhomme-est-condamne-a-etre-libre","status":"publish","type":"page","link":"https:\/\/vonsaten.net\/index.php\/von-saten-2\/lhomme-est-condamne-a-etre-libre\/","title":{"rendered":"L&#8217;homme est condamn\u00e9 a \u00eatre libre"},"content":{"rendered":"\t\t<div data-elementor-type=\"wp-page\" data-elementor-id=\"475\" class=\"elementor elementor-475\">\n\t\t\t\t\t\t<div class=\"elementor-inner\">\n\t\t\t\t<div class=\"elementor-section-wrap\">\n\t\t\t\t\t\t\t\t\t<section class=\"elementor-section elementor-top-section elementor-element elementor-element-6d3a9e7 elementor-section-full_width elementor-section-height-default elementor-section-height-default\" data-id=\"6d3a9e7\" data-element_type=\"section\" data-settings=\"{&quot;background_background&quot;:&quot;classic&quot;}\">\n\t\t\t\t\t\t<div class=\"elementor-container elementor-column-gap-custom\">\n\t\t\t\t\t\t\t<div class=\"elementor-row\">\n\t\t\t\t\t<div class=\"elementor-column elementor-col-50 elementor-top-column elementor-element elementor-element-93309c9\" data-id=\"93309c9\" data-element_type=\"column\">\n\t\t\t<div class=\"elementor-column-wrap elementor-element-populated\">\n\t\t\t\t\t\t\t<div class=\"elementor-widget-wrap\">\n\t\t\t\t\t\t<div class=\"elementor-element elementor-element-c755da7 elementor-widget elementor-widget-text-editor\" data-id=\"c755da7\" data-element_type=\"widget\" data-widget_type=\"text-editor.default\">\n\t\t\t\t<div class=\"elementor-widget-container\">\n\t\t\t\t\t\t\t\t<div class=\"elementor-text-editor elementor-clearfix\">\n\t\t\t\tL&#8217;homme est condamn\u00e9 a \u00eatre libre\t\t\t\t\t<\/div>\n\t\t\t\t\t\t<\/div>\n\t\t\t\t<\/div>\n\t\t\t\t\t\t<\/div>\n\t\t\t\t\t<\/div>\n\t\t<\/div>\n\t\t\t\t<div class=\"elementor-column elementor-col-50 elementor-top-column elementor-element elementor-element-5ba1201\" data-id=\"5ba1201\" data-element_type=\"column\">\n\t\t\t<div class=\"elementor-column-wrap elementor-element-populated\">\n\t\t\t\t\t\t\t<div class=\"elementor-widget-wrap\">\n\t\t\t\t\t\t<div class=\"elementor-element elementor-element-0dc5bb2 elementor-widget elementor-widget-text-editor\" data-id=\"0dc5bb2\" data-element_type=\"widget\" data-widget_type=\"text-editor.default\">\n\t\t\t\t<div class=\"elementor-widget-container\">\n\t\t\t\t\t\t\t\t<div class=\"elementor-text-editor elementor-clearfix\">\n\t\t\t\t<p>Visual style and design of various materials for Czech festival of alternative theatre and music &#8230;p\u0159\u00ed\u0161t\u00ed vlna\/next wave&#8230;<\/p>\t\t\t\t\t<\/div>\n\t\t\t\t\t\t<\/div>\n\t\t\t\t<\/div>\n\t\t\t\t\t\t<\/div>\n\t\t\t\t\t<\/div>\n\t\t<\/div>\n\t\t\t\t\t\t\t\t<\/div>\n\t\t\t\t\t<\/div>\n\t\t<\/section>\n\t\t\t\t<section class=\"elementor-section elementor-top-section elementor-element elementor-element-40b489b elementor-section-full_width elementor-section-height-default elementor-section-height-default\" data-id=\"40b489b\" data-element_type=\"section\" data-settings=\"{&quot;background_background&quot;:&quot;classic&quot;}\">\n\t\t\t\t\t\t<div class=\"elementor-container elementor-column-gap-custom\">\n\t\t\t\t\t\t\t<div class=\"elementor-row\">\n\t\t\t\t\t<div class=\"elementor-column elementor-col-100 elementor-top-column elementor-element elementor-element-1acfed9\" data-id=\"1acfed9\" data-element_type=\"column\">\n\t\t\t<div class=\"elementor-column-wrap elementor-element-populated\">\n\t\t\t\t\t\t\t<div class=\"elementor-widget-wrap\">\n\t\t\t\t\t\t<div class=\"elementor-element elementor-element-b492c1d elementor-invisible elementor-widget elementor-widget-image\" data-id=\"b492c1d\" data-element_type=\"widget\" data-settings=\"{&quot;_animation&quot;:&quot;fadeIn&quot;}\" data-widget_type=\"image.default\">\n\t\t\t\t<div class=\"elementor-widget-container\">\n\t\t\t\t\t\t\t\t<div class=\"elementor-image\">\n\t\t\t\t\t\t\t\t\t\t\t\t<img decoding=\"async\" width=\"2000\" height=\"1333\" src=\"https:\/\/vonsaten.net\/wp-content\/uploads\/2020\/10\/nw19_main.jpg\" class=\"attachment-full size-full wp-image-476\" alt=\"\" loading=\"lazy\" srcset=\"https:\/\/vonsaten.net\/wp-content\/uploads\/2020\/10\/nw19_main.jpg 2000w, https:\/\/vonsaten.net\/wp-content\/uploads\/2020\/10\/nw19_main-1024x682.jpg 1024w, https:\/\/vonsaten.net\/wp-content\/uploads\/2020\/10\/nw19_main-768x512.jpg 768w, https:\/\/vonsaten.net\/wp-content\/uploads\/2020\/10\/nw19_main-1536x1024.jpg 1536w, https:\/\/vonsaten.net\/wp-content\/uploads\/2020\/10\/nw19_main-600x400.jpg 600w\" sizes=\"(max-width: 2000px) 100vw, 2000px\" \/>\t\t\t\t\t\t\t\t\t\t\t\t\t\t<\/div>\n\t\t\t\t\t\t<\/div>\n\t\t\t\t<\/div>\n\t\t\t\t<div class=\"elementor-element elementor-element-d175b2f elementor-widget elementor-widget-gallery\" data-id=\"d175b2f\" data-element_type=\"widget\" data-settings=\"{&quot;gallery_layout&quot;:&quot;masonry&quot;,&quot;columns&quot;:2,&quot;gap&quot;:{&quot;unit&quot;:&quot;px&quot;,&quot;size&quot;:50,&quot;sizes&quot;:[]},&quot;lazyload&quot;:&quot;yes&quot;,&quot;columns_tablet&quot;:2,&quot;columns_mobile&quot;:1,&quot;gap_tablet&quot;:{&quot;unit&quot;:&quot;px&quot;,&quot;size&quot;:10,&quot;sizes&quot;:[]},&quot;gap_mobile&quot;:{&quot;unit&quot;:&quot;px&quot;,&quot;size&quot;:10,&quot;sizes&quot;:[]},&quot;link_to&quot;:&quot;file&quot;,&quot;overlay_background&quot;:&quot;yes&quot;,&quot;content_hover_animation&quot;:&quot;fade-in&quot;}\" data-widget_type=\"gallery.default\">\n\t\t\t\t<div class=\"elementor-widget-container\">\n\t\t\t\t\t<div class=\"elementor-gallery__container\">\n\t\t\t\t\t\t\t<a class=\"e-gallery-item elementor-gallery-item elementor-animated-content\" href=\"https:\/\/vonsaten.net\/wp-content\/uploads\/2020\/10\/nw1915.jpg\" data-elementor-open-lightbox=\"yes\" data-elementor-lightbox-slideshow=\"all-d175b2f\" data-elementor-lightbox-title=\"nw1915\" e-action-hash=\"#elementor-action%3Aaction%3Dlightbox%26settings%3DeyJpZCI6NDkxLCJ1cmwiOiJodHRwczpcL1wvdm9uc2F0ZW4ubmV0XC93cC1jb250ZW50XC91cGxvYWRzXC8yMDIwXC8xMFwvbncxOTE1LmpwZyIsInNsaWRlc2hvdyI6ImFsbC1kMTc1YjJmIn0%3D\">\n\t\t\t\t\t<div class=\"e-gallery-image elementor-gallery-item__image\" data-thumbnail=\"https:\/\/vonsaten.net\/wp-content\/uploads\/2020\/10\/nw1915-1024x387.jpg\" data-width=\"620\" data-height=\"234\" alt=\"\" ><\/div>\n\t\t\t\t\t\t\t\t\t\t\t<div class=\"elementor-gallery-item__overlay\"><\/div>\n\t\t\t\t\t\t\t\t\t\t\t\t\t\t<\/a>\n\t\t\t\t\t\t\t<a class=\"e-gallery-item elementor-gallery-item elementor-animated-content\" href=\"https:\/\/vonsaten.net\/wp-content\/uploads\/2020\/10\/nw193.jpg\" data-elementor-open-lightbox=\"yes\" data-elementor-lightbox-slideshow=\"all-d175b2f\" data-elementor-lightbox-title=\"nw193\" e-action-hash=\"#elementor-action%3Aaction%3Dlightbox%26settings%3DeyJpZCI6NDc5LCJ1cmwiOiJodHRwczpcL1wvdm9uc2F0ZW4ubmV0XC93cC1jb250ZW50XC91cGxvYWRzXC8yMDIwXC8xMFwvbncxOTMuanBnIiwic2xpZGVzaG93IjoiYWxsLWQxNzViMmYifQ%3D%3D\">\n\t\t\t\t\t<div class=\"e-gallery-image elementor-gallery-item__image\" data-thumbnail=\"https:\/\/vonsaten.net\/wp-content\/uploads\/2020\/10\/nw193-1024x683.jpg\" data-width=\"620\" data-height=\"414\" alt=\"\" ><\/div>\n\t\t\t\t\t\t\t\t\t\t\t<div class=\"elementor-gallery-item__overlay\"><\/div>\n\t\t\t\t\t\t\t\t\t\t\t\t\t\t<\/a>\n\t\t\t\t\t\t\t<a class=\"e-gallery-item elementor-gallery-item elementor-animated-content\" href=\"https:\/\/vonsaten.net\/wp-content\/uploads\/2020\/10\/nw191.jpg\" data-elementor-open-lightbox=\"yes\" data-elementor-lightbox-slideshow=\"all-d175b2f\" data-elementor-lightbox-title=\"nw191\" e-action-hash=\"#elementor-action%3Aaction%3Dlightbox%26settings%3DeyJpZCI6NDc3LCJ1cmwiOiJodHRwczpcL1wvdm9uc2F0ZW4ubmV0XC93cC1jb250ZW50XC91cGxvYWRzXC8yMDIwXC8xMFwvbncxOTEuanBnIiwic2xpZGVzaG93IjoiYWxsLWQxNzViMmYifQ%3D%3D\">\n\t\t\t\t\t<div class=\"e-gallery-image elementor-gallery-item__image\" data-thumbnail=\"https:\/\/vonsaten.net\/wp-content\/uploads\/2020\/10\/nw191-1024x683.jpg\" data-width=\"620\" data-height=\"414\" alt=\"\" ><\/div>\n\t\t\t\t\t\t\t\t\t\t\t<div class=\"elementor-gallery-item__overlay\"><\/div>\n\t\t\t\t\t\t\t\t\t\t\t\t\t\t<\/a>\n\t\t\t\t\t\t\t<a class=\"e-gallery-item elementor-gallery-item elementor-animated-content\" href=\"https:\/\/vonsaten.net\/wp-content\/uploads\/2020\/10\/nw194.jpg\" data-elementor-open-lightbox=\"yes\" data-elementor-lightbox-slideshow=\"all-d175b2f\" data-elementor-lightbox-title=\"nw194\" e-action-hash=\"#elementor-action%3Aaction%3Dlightbox%26settings%3DeyJpZCI6NDgwLCJ1cmwiOiJodHRwczpcL1wvdm9uc2F0ZW4ubmV0XC93cC1jb250ZW50XC91cGxvYWRzXC8yMDIwXC8xMFwvbncxOTQuanBnIiwic2xpZGVzaG93IjoiYWxsLWQxNzViMmYifQ%3D%3D\">\n\t\t\t\t\t<div class=\"e-gallery-image elementor-gallery-item__image\" data-thumbnail=\"https:\/\/vonsaten.net\/wp-content\/uploads\/2020\/10\/nw194-683x1024.jpg\" data-width=\"620\" data-height=\"930\" alt=\"\" ><\/div>\n\t\t\t\t\t\t\t\t\t\t\t<div class=\"elementor-gallery-item__overlay\"><\/div>\n\t\t\t\t\t\t\t\t\t\t\t\t\t\t<\/a>\n\t\t\t\t\t\t\t<a class=\"e-gallery-item elementor-gallery-item elementor-animated-content\" href=\"https:\/\/vonsaten.net\/wp-content\/uploads\/2020\/10\/nw1910.jpg\" data-elementor-open-lightbox=\"yes\" data-elementor-lightbox-slideshow=\"all-d175b2f\" data-elementor-lightbox-title=\"nw1910\" e-action-hash=\"#elementor-action%3Aaction%3Dlightbox%26settings%3DeyJpZCI6NDg2LCJ1cmwiOiJodHRwczpcL1wvdm9uc2F0ZW4ubmV0XC93cC1jb250ZW50XC91cGxvYWRzXC8yMDIwXC8xMFwvbncxOTEwLmpwZyIsInNsaWRlc2hvdyI6ImFsbC1kMTc1YjJmIn0%3D\">\n\t\t\t\t\t<div class=\"e-gallery-image elementor-gallery-item__image\" data-thumbnail=\"https:\/\/vonsaten.net\/wp-content\/uploads\/2020\/10\/nw1910-1024x683.jpg\" data-width=\"620\" data-height=\"414\" alt=\"\" ><\/div>\n\t\t\t\t\t\t\t\t\t\t\t<div class=\"elementor-gallery-item__overlay\"><\/div>\n\t\t\t\t\t\t\t\t\t\t\t\t\t\t<\/a>\n\t\t\t\t\t\t\t<a class=\"e-gallery-item elementor-gallery-item elementor-animated-content\" href=\"https:\/\/vonsaten.net\/wp-content\/uploads\/2020\/10\/nw199.jpg\" data-elementor-open-lightbox=\"yes\" data-elementor-lightbox-slideshow=\"all-d175b2f\" data-elementor-lightbox-title=\"nw199\" e-action-hash=\"#elementor-action%3Aaction%3Dlightbox%26settings%3DeyJpZCI6NDg1LCJ1cmwiOiJodHRwczpcL1wvdm9uc2F0ZW4ubmV0XC93cC1jb250ZW50XC91cGxvYWRzXC8yMDIwXC8xMFwvbncxOTkuanBnIiwic2xpZGVzaG93IjoiYWxsLWQxNzViMmYifQ%3D%3D\">\n\t\t\t\t\t<div class=\"e-gallery-image elementor-gallery-item__image\" data-thumbnail=\"https:\/\/vonsaten.net\/wp-content\/uploads\/2020\/10\/nw199-1024x683.jpg\" data-width=\"620\" data-height=\"414\" alt=\"\" ><\/div>\n\t\t\t\t\t\t\t\t\t\t\t<div class=\"elementor-gallery-item__overlay\"><\/div>\n\t\t\t\t\t\t\t\t\t\t\t\t\t\t<\/a>\n\t\t\t\t\t\t\t<a class=\"e-gallery-item elementor-gallery-item elementor-animated-content\" href=\"https:\/\/vonsaten.net\/wp-content\/uploads\/2020\/10\/nw198.jpg\" data-elementor-open-lightbox=\"yes\" data-elementor-lightbox-slideshow=\"all-d175b2f\" data-elementor-lightbox-title=\"nw198\" e-action-hash=\"#elementor-action%3Aaction%3Dlightbox%26settings%3DeyJpZCI6NDg0LCJ1cmwiOiJodHRwczpcL1wvdm9uc2F0ZW4ubmV0XC93cC1jb250ZW50XC91cGxvYWRzXC8yMDIwXC8xMFwvbncxOTguanBnIiwic2xpZGVzaG93IjoiYWxsLWQxNzViMmYifQ%3D%3D\">\n\t\t\t\t\t<div class=\"e-gallery-image elementor-gallery-item__image\" data-thumbnail=\"https:\/\/vonsaten.net\/wp-content\/uploads\/2020\/10\/nw198-1024x683.jpg\" data-width=\"620\" data-height=\"414\" alt=\"\" ><\/div>\n\t\t\t\t\t\t\t\t\t\t\t<div class=\"elementor-gallery-item__overlay\"><\/div>\n\t\t\t\t\t\t\t\t\t\t\t\t\t\t<\/a>\n\t\t\t\t\t\t\t<a class=\"e-gallery-item elementor-gallery-item elementor-animated-content\" href=\"https:\/\/vonsaten.net\/wp-content\/uploads\/2020\/10\/nw197.jpg\" data-elementor-open-lightbox=\"yes\" data-elementor-lightbox-slideshow=\"all-d175b2f\" data-elementor-lightbox-title=\"nw197\" e-action-hash=\"#elementor-action%3Aaction%3Dlightbox%26settings%3DeyJpZCI6NDgzLCJ1cmwiOiJodHRwczpcL1wvdm9uc2F0ZW4ubmV0XC93cC1jb250ZW50XC91cGxvYWRzXC8yMDIwXC8xMFwvbncxOTcuanBnIiwic2xpZGVzaG93IjoiYWxsLWQxNzViMmYifQ%3D%3D\">\n\t\t\t\t\t<div class=\"e-gallery-image elementor-gallery-item__image\" data-thumbnail=\"https:\/\/vonsaten.net\/wp-content\/uploads\/2020\/10\/nw197-1024x683.jpg\" data-width=\"620\" data-height=\"414\" alt=\"\" ><\/div>\n\t\t\t\t\t\t\t\t\t\t\t<div class=\"elementor-gallery-item__overlay\"><\/div>\n\t\t\t\t\t\t\t\t\t\t\t\t\t\t<\/a>\n\t\t\t\t\t\t\t<a class=\"e-gallery-item elementor-gallery-item elementor-animated-content\" href=\"https:\/\/vonsaten.net\/wp-content\/uploads\/2020\/10\/nw1914.jpg\" data-elementor-open-lightbox=\"yes\" data-elementor-lightbox-slideshow=\"all-d175b2f\" data-elementor-lightbox-title=\"nw1914\" e-action-hash=\"#elementor-action%3Aaction%3Dlightbox%26settings%3DeyJpZCI6NDkwLCJ1cmwiOiJodHRwczpcL1wvdm9uc2F0ZW4ubmV0XC93cC1jb250ZW50XC91cGxvYWRzXC8yMDIwXC8xMFwvbncxOTE0LmpwZyIsInNsaWRlc2hvdyI6ImFsbC1kMTc1YjJmIn0%3D\">\n\t\t\t\t\t<div class=\"e-gallery-image elementor-gallery-item__image\" data-thumbnail=\"https:\/\/vonsaten.net\/wp-content\/uploads\/2020\/10\/nw1914-597x1024.jpg\" data-width=\"597\" data-height=\"1024\" alt=\"\" ><\/div>\n\t\t\t\t\t\t\t\t\t\t\t<div class=\"elementor-gallery-item__overlay\"><\/div>\n\t\t\t\t\t\t\t\t\t\t\t\t\t\t<\/a>\n\t\t\t\t\t\t\t<a class=\"e-gallery-item elementor-gallery-item elementor-animated-content\" href=\"https:\/\/vonsaten.net\/wp-content\/uploads\/2020\/10\/nw196.jpg\" data-elementor-open-lightbox=\"yes\" data-elementor-lightbox-slideshow=\"all-d175b2f\" data-elementor-lightbox-title=\"nw196\" e-action-hash=\"#elementor-action%3Aaction%3Dlightbox%26settings%3DeyJpZCI6NDgyLCJ1cmwiOiJodHRwczpcL1wvdm9uc2F0ZW4ubmV0XC93cC1jb250ZW50XC91cGxvYWRzXC8yMDIwXC8xMFwvbncxOTYuanBnIiwic2xpZGVzaG93IjoiYWxsLWQxNzViMmYifQ%3D%3D\">\n\t\t\t\t\t<div class=\"e-gallery-image elementor-gallery-item__image\" data-thumbnail=\"https:\/\/vonsaten.net\/wp-content\/uploads\/2020\/10\/nw196-1024x683.jpg\" data-width=\"620\" data-height=\"414\" alt=\"\" ><\/div>\n\t\t\t\t\t\t\t\t\t\t\t<div class=\"elementor-gallery-item__overlay\"><\/div>\n\t\t\t\t\t\t\t\t\t\t\t\t\t\t<\/a>\n\t\t\t\t\t\t\t<a class=\"e-gallery-item elementor-gallery-item elementor-animated-content\" href=\"https:\/\/vonsaten.net\/wp-content\/uploads\/2020\/10\/nw1913.jpg\" data-elementor-open-lightbox=\"yes\" data-elementor-lightbox-slideshow=\"all-d175b2f\" data-elementor-lightbox-title=\"nw1913\" e-action-hash=\"#elementor-action%3Aaction%3Dlightbox%26settings%3DeyJpZCI6NDg5LCJ1cmwiOiJodHRwczpcL1wvdm9uc2F0ZW4ubmV0XC93cC1jb250ZW50XC91cGxvYWRzXC8yMDIwXC8xMFwvbncxOTEzLmpwZyIsInNsaWRlc2hvdyI6ImFsbC1kMTc1YjJmIn0%3D\">\n\t\t\t\t\t<div class=\"e-gallery-image elementor-gallery-item__image\" data-thumbnail=\"https:\/\/vonsaten.net\/wp-content\/uploads\/2020\/10\/nw1913-1024x683.jpg\" data-width=\"620\" data-height=\"414\" alt=\"\" ><\/div>\n\t\t\t\t\t\t\t\t\t\t\t<div class=\"elementor-gallery-item__overlay\"><\/div>\n\t\t\t\t\t\t\t\t\t\t\t\t\t\t<\/a>\n\t\t\t\t\t\t\t<a class=\"e-gallery-item elementor-gallery-item elementor-animated-content\" href=\"https:\/\/vonsaten.net\/wp-content\/uploads\/2020\/10\/nw195.jpg\" data-elementor-open-lightbox=\"yes\" data-elementor-lightbox-slideshow=\"all-d175b2f\" data-elementor-lightbox-title=\"nw195\" e-action-hash=\"#elementor-action%3Aaction%3Dlightbox%26settings%3DeyJpZCI6NDgxLCJ1cmwiOiJodHRwczpcL1wvdm9uc2F0ZW4ubmV0XC93cC1jb250ZW50XC91cGxvYWRzXC8yMDIwXC8xMFwvbncxOTUuanBnIiwic2xpZGVzaG93IjoiYWxsLWQxNzViMmYifQ%3D%3D\">\n\t\t\t\t\t<div class=\"e-gallery-image elementor-gallery-item__image\" data-thumbnail=\"https:\/\/vonsaten.net\/wp-content\/uploads\/2020\/10\/nw195-1024x683.jpg\" data-width=\"620\" data-height=\"414\" alt=\"\" ><\/div>\n\t\t\t\t\t\t\t\t\t\t\t<div class=\"elementor-gallery-item__overlay\"><\/div>\n\t\t\t\t\t\t\t\t\t\t\t\t\t\t<\/a>\n\t\t\t\t\t\t\t<a class=\"e-gallery-item elementor-gallery-item elementor-animated-content\" href=\"https:\/\/vonsaten.net\/wp-content\/uploads\/2020\/10\/nw192.jpg\" data-elementor-open-lightbox=\"yes\" data-elementor-lightbox-slideshow=\"all-d175b2f\" data-elementor-lightbox-title=\"nw192\" e-action-hash=\"#elementor-action%3Aaction%3Dlightbox%26settings%3DeyJpZCI6NDc4LCJ1cmwiOiJodHRwczpcL1wvdm9uc2F0ZW4ubmV0XC93cC1jb250ZW50XC91cGxvYWRzXC8yMDIwXC8xMFwvbncxOTIuanBnIiwic2xpZGVzaG93IjoiYWxsLWQxNzViMmYifQ%3D%3D\">\n\t\t\t\t\t<div class=\"e-gallery-image elementor-gallery-item__image\" data-thumbnail=\"https:\/\/vonsaten.net\/wp-content\/uploads\/2020\/10\/nw192-1024x683.jpg\" data-width=\"620\" data-height=\"414\" alt=\"\" ><\/div>\n\t\t\t\t\t\t\t\t\t\t\t<div class=\"elementor-gallery-item__overlay\"><\/div>\n\t\t\t\t\t\t\t\t\t\t\t\t\t\t<\/a>\n\t\t\t\t\t\t\t<a class=\"e-gallery-item elementor-gallery-item elementor-animated-content\" href=\"https:\/\/vonsaten.net\/wp-content\/uploads\/2020\/10\/nw1911.jpg\" data-elementor-open-lightbox=\"yes\" data-elementor-lightbox-slideshow=\"all-d175b2f\" data-elementor-lightbox-title=\"nw1911\" e-action-hash=\"#elementor-action%3Aaction%3Dlightbox%26settings%3DeyJpZCI6NDg3LCJ1cmwiOiJodHRwczpcL1wvdm9uc2F0ZW4ubmV0XC93cC1jb250ZW50XC91cGxvYWRzXC8yMDIwXC8xMFwvbncxOTExLmpwZyIsInNsaWRlc2hvdyI6ImFsbC1kMTc1YjJmIn0%3D\">\n\t\t\t\t\t<div class=\"e-gallery-image elementor-gallery-item__image\" data-thumbnail=\"https:\/\/vonsaten.net\/wp-content\/uploads\/2020\/10\/nw1911-1024x683.jpg\" data-width=\"620\" data-height=\"414\" alt=\"\" ><\/div>\n\t\t\t\t\t\t\t\t\t\t\t<div class=\"elementor-gallery-item__overlay\"><\/div>\n\t\t\t\t\t\t\t\t\t\t\t\t\t\t<\/a>\n\t\t\t\t\t\t\t<a class=\"e-gallery-item elementor-gallery-item elementor-animated-content\" href=\"https:\/\/vonsaten.net\/wp-content\/uploads\/2020\/10\/nw1912.jpg\" data-elementor-open-lightbox=\"yes\" data-elementor-lightbox-slideshow=\"all-d175b2f\" data-elementor-lightbox-title=\"nw1912\" e-action-hash=\"#elementor-action%3Aaction%3Dlightbox%26settings%3DeyJpZCI6NDg4LCJ1cmwiOiJodHRwczpcL1wvdm9uc2F0ZW4ubmV0XC93cC1jb250ZW50XC91cGxvYWRzXC8yMDIwXC8xMFwvbncxOTEyLmpwZyIsInNsaWRlc2hvdyI6ImFsbC1kMTc1YjJmIn0%3D\">\n\t\t\t\t\t<div class=\"e-gallery-image elementor-gallery-item__image\" data-thumbnail=\"https:\/\/vonsaten.net\/wp-content\/uploads\/2020\/10\/nw1912-1024x683.jpg\" data-width=\"620\" data-height=\"414\" alt=\"\" ><\/div>\n\t\t\t\t\t\t\t\t\t\t\t<div class=\"elementor-gallery-item__overlay\"><\/div>\n\t\t\t\t\t\t\t\t\t\t\t\t\t\t<\/a>\n\t\t\t\t\t<\/div>\n\t\t\t<\/div>\n\t\t\t\t<\/div>\n\t\t\t\t\t\t<\/div>\n\t\t\t\t\t<\/div>\n\t\t<\/div>\n\t\t\t\t\t\t\t\t<\/div>\n\t\t\t\t\t<\/div>\n\t\t<\/section>\n\t\t\t\t\t\t\t\t\t<\/div>\n\t\t\t<\/div>\n\t\t\t\t\t<\/div>\n\t\t","protected":false},"excerpt":{"rendered":"<p>Visual style and design of various materials for Czech festival of alternative theatre and music &#8230;p\u0159\u00ed\u0161t\u00ed vlna\/next wave&#8230;<\/p>\n","protected":false},"author":1,"featured_media":476,"parent":239,"menu_order":-1,"comment_status":"closed","ping_status":"open","template":"elementor_header_footer","meta":[],"_links":{"self":[{"href":"https:\/\/vonsaten.net\/index.php\/wp-json\/wp\/v2\/pages\/475"}],"collection":[{"href":"https:\/\/vonsaten.net\/index.php\/wp-json\/wp\/v2\/pages"}],"about":[{"href":"https:\/\/vonsaten.net\/index.php\/wp-json\/wp\/v2\/types\/page"}],"author":[{"embeddable":true,"href":"https:\/\/vonsaten.net\/index.php\/wp-json\/wp\/v2\/users\/1"}],"replies":[{"embeddable":true,"href":"https:\/\/vonsaten.net\/index.php\/wp-json\/wp\/v2\/comments?post=475"}],"version-history":[{"count":5,"href":"https:\/\/vonsaten.net\/index.php\/wp-json\/wp\/v2\/pages\/475\/revisions"}],"predecessor-version":[{"id":3910,"href":"https:\/\/vonsaten.net\/index.php\/wp-json\/wp\/v2\/pages\/475\/revisions\/3910"}],"up":[{"embeddable":true,"href":"https:\/\/vonsaten.net\/index.php\/wp-json\/wp\/v2\/pages\/239"}],"wp:featuredmedia":[{"embeddable":true,"href":"https:\/\/vonsaten.net\/index.php\/wp-json\/wp\/v2\/media\/476"}],"wp:attachment":[{"href":"https:\/\/vonsaten.net\/index.php\/wp-json\/wp\/v2\/media?parent=475"}],"curies":[{"name":"wp","href":"https:\/\/api.w.org\/{rel}","templated":true}]}}