{"id":509,"date":"2020-10-04T12:03:08","date_gmt":"2020-10-04T12:03:08","guid":{"rendered":"http:\/\/vonsaten.net\/?page_id=509"},"modified":"2023-02-19T17:08:45","modified_gmt":"2023-02-19T17:08:45","slug":"lhomme-est-condamne-a-etre-libre-2","status":"publish","type":"page","link":"https:\/\/vonsaten.net\/index.php\/von-saten-2\/lhomme-est-condamne-a-etre-libre-2\/","title":{"rendered":"Smrt Divadla"},"content":{"rendered":"\t\t<div data-elementor-type=\"wp-page\" data-elementor-id=\"509\" class=\"elementor elementor-509\">\n\t\t\t\t\t\t<div class=\"elementor-inner\">\n\t\t\t\t<div class=\"elementor-section-wrap\">\n\t\t\t\t\t\t\t\t\t<section class=\"elementor-section elementor-top-section elementor-element elementor-element-6ccf017 elementor-section-full_width elementor-section-height-default elementor-section-height-default\" data-id=\"6ccf017\" data-element_type=\"section\" data-settings=\"{&quot;background_background&quot;:&quot;classic&quot;}\">\n\t\t\t\t\t\t<div class=\"elementor-container elementor-column-gap-custom\">\n\t\t\t\t\t\t\t<div class=\"elementor-row\">\n\t\t\t\t\t<div class=\"elementor-column elementor-col-50 elementor-top-column elementor-element elementor-element-2d102a9\" data-id=\"2d102a9\" data-element_type=\"column\">\n\t\t\t<div class=\"elementor-column-wrap elementor-element-populated\">\n\t\t\t\t\t\t\t<div class=\"elementor-widget-wrap\">\n\t\t\t\t\t\t<div class=\"elementor-element elementor-element-0b32429 elementor-widget elementor-widget-text-editor\" data-id=\"0b32429\" data-element_type=\"widget\" data-widget_type=\"text-editor.default\">\n\t\t\t\t<div class=\"elementor-widget-container\">\n\t\t\t\t\t\t\t\t<div class=\"elementor-text-editor elementor-clearfix\">\n\t\t\t\tSmrt Divadla\t\t\t\t\t<\/div>\n\t\t\t\t\t\t<\/div>\n\t\t\t\t<\/div>\n\t\t\t\t\t\t<\/div>\n\t\t\t\t\t<\/div>\n\t\t<\/div>\n\t\t\t\t<div class=\"elementor-column elementor-col-50 elementor-top-column elementor-element elementor-element-db514bf\" data-id=\"db514bf\" data-element_type=\"column\">\n\t\t\t<div class=\"elementor-column-wrap elementor-element-populated\">\n\t\t\t\t\t\t\t<div class=\"elementor-widget-wrap\">\n\t\t\t\t\t\t<div class=\"elementor-element elementor-element-6edcab7 elementor-widget elementor-widget-text-editor\" data-id=\"6edcab7\" data-element_type=\"widget\" data-widget_type=\"text-editor.default\">\n\t\t\t\t<div class=\"elementor-widget-container\">\n\t\t\t\t\t\t\t\t<div class=\"elementor-text-editor elementor-clearfix\">\n\t\t\t\t<p>Visual style and design of various materials for Czech festival of alternative theatre and music &#8230;p\u0159\u00ed\u0161t\u00ed vlna\/next wave&#8230;<\/p>\t\t\t\t\t<\/div>\n\t\t\t\t\t\t<\/div>\n\t\t\t\t<\/div>\n\t\t\t\t\t\t<\/div>\n\t\t\t\t\t<\/div>\n\t\t<\/div>\n\t\t\t\t\t\t\t\t<\/div>\n\t\t\t\t\t<\/div>\n\t\t<\/section>\n\t\t\t\t<section class=\"elementor-section elementor-top-section elementor-element elementor-element-3d84f6b elementor-section-full_width elementor-section-height-default elementor-section-height-default\" data-id=\"3d84f6b\" data-element_type=\"section\" data-settings=\"{&quot;background_background&quot;:&quot;classic&quot;}\">\n\t\t\t\t\t\t<div class=\"elementor-container elementor-column-gap-custom\">\n\t\t\t\t\t\t\t<div class=\"elementor-row\">\n\t\t\t\t\t<div class=\"elementor-column elementor-col-100 elementor-top-column elementor-element elementor-element-afb6113\" data-id=\"afb6113\" data-element_type=\"column\">\n\t\t\t<div class=\"elementor-column-wrap elementor-element-populated\">\n\t\t\t\t\t\t\t<div class=\"elementor-widget-wrap\">\n\t\t\t\t\t\t<div class=\"elementor-element elementor-element-228eab5 elementor-widget elementor-widget-gallery\" data-id=\"228eab5\" data-element_type=\"widget\" data-settings=\"{&quot;gallery_layout&quot;:&quot;masonry&quot;,&quot;columns&quot;:2,&quot;gap&quot;:{&quot;unit&quot;:&quot;px&quot;,&quot;size&quot;:50,&quot;sizes&quot;:[]},&quot;lazyload&quot;:&quot;yes&quot;,&quot;columns_tablet&quot;:2,&quot;columns_mobile&quot;:1,&quot;gap_tablet&quot;:{&quot;unit&quot;:&quot;px&quot;,&quot;size&quot;:10,&quot;sizes&quot;:[]},&quot;gap_mobile&quot;:{&quot;unit&quot;:&quot;px&quot;,&quot;size&quot;:10,&quot;sizes&quot;:[]},&quot;link_to&quot;:&quot;file&quot;,&quot;overlay_background&quot;:&quot;yes&quot;,&quot;content_hover_animation&quot;:&quot;fade-in&quot;}\" data-widget_type=\"gallery.default\">\n\t\t\t\t<div class=\"elementor-widget-container\">\n\t\t\t\t\t<div class=\"elementor-gallery__container\">\n\t\t\t\t\t\t\t<a class=\"e-gallery-item elementor-gallery-item elementor-animated-content\" href=\"https:\/\/vonsaten.net\/wp-content\/uploads\/2020\/10\/NW2020_PLAKAT_FINAL_V01.jpg\" data-elementor-open-lightbox=\"yes\" data-elementor-lightbox-slideshow=\"all-228eab5\" data-elementor-lightbox-title=\"NW2020_PLAKAT_FINAL_V01\" e-action-hash=\"#elementor-action%3Aaction%3Dlightbox%26settings%3DeyJpZCI6NTIwLCJ1cmwiOiJodHRwczpcL1wvdm9uc2F0ZW4ubmV0XC93cC1jb250ZW50XC91cGxvYWRzXC8yMDIwXC8xMFwvTlcyMDIwX1BMQUtBVF9GSU5BTF9WMDEuanBnIiwic2xpZGVzaG93IjoiYWxsLTIyOGVhYjUifQ%3D%3D\">\n\t\t\t\t\t<div class=\"e-gallery-image elementor-gallery-item__image\" data-thumbnail=\"https:\/\/vonsaten.net\/wp-content\/uploads\/2020\/10\/NW2020_PLAKAT_FINAL_V01-723x1024.jpg\" data-width=\"620\" data-height=\"878\" alt=\"\" ><\/div>\n\t\t\t\t\t\t\t\t\t\t\t<div class=\"elementor-gallery-item__overlay\"><\/div>\n\t\t\t\t\t\t\t\t\t\t\t\t\t\t<\/a>\n\t\t\t\t\t\t\t<a class=\"e-gallery-item elementor-gallery-item elementor-animated-content\" href=\"https:\/\/vonsaten.net\/wp-content\/uploads\/2020\/10\/Projekty_15-1.jpg\" data-elementor-open-lightbox=\"yes\" data-elementor-lightbox-slideshow=\"all-228eab5\" data-elementor-lightbox-title=\"Projekty_15\" e-action-hash=\"#elementor-action%3Aaction%3Dlightbox%26settings%3DeyJpZCI6NTI2LCJ1cmwiOiJodHRwczpcL1wvdm9uc2F0ZW4ubmV0XC93cC1jb250ZW50XC91cGxvYWRzXC8yMDIwXC8xMFwvUHJvamVrdHlfMTUtMS5qcGciLCJzbGlkZXNob3ciOiJhbGwtMjI4ZWFiNSJ9\">\n\t\t\t\t\t<div class=\"e-gallery-image elementor-gallery-item__image\" data-thumbnail=\"https:\/\/vonsaten.net\/wp-content\/uploads\/2020\/10\/Projekty_15-1-1024x682.jpg\" data-width=\"620\" data-height=\"413\" alt=\"\" ><\/div>\n\t\t\t\t\t\t\t\t\t\t\t<div class=\"elementor-gallery-item__overlay\"><\/div>\n\t\t\t\t\t\t\t\t\t\t\t\t\t\t<\/a>\n\t\t\t\t\t\t\t<a class=\"e-gallery-item elementor-gallery-item elementor-animated-content\" href=\"https:\/\/vonsaten.net\/wp-content\/uploads\/2020\/10\/NW2020_PLAKAT_FINAL_V012.jpg\" data-elementor-open-lightbox=\"yes\" data-elementor-lightbox-slideshow=\"all-228eab5\" data-elementor-lightbox-title=\"NW2020_PLAKAT_FINAL_V012\" e-action-hash=\"#elementor-action%3Aaction%3Dlightbox%26settings%3DeyJpZCI6NTIxLCJ1cmwiOiJodHRwczpcL1wvdm9uc2F0ZW4ubmV0XC93cC1jb250ZW50XC91cGxvYWRzXC8yMDIwXC8xMFwvTlcyMDIwX1BMQUtBVF9GSU5BTF9WMDEyLmpwZyIsInNsaWRlc2hvdyI6ImFsbC0yMjhlYWI1In0%3D\">\n\t\t\t\t\t<div class=\"e-gallery-image elementor-gallery-item__image\" data-thumbnail=\"https:\/\/vonsaten.net\/wp-content\/uploads\/2020\/10\/NW2020_PLAKAT_FINAL_V012-724x1024.jpg\" data-width=\"620\" data-height=\"877\" alt=\"\" ><\/div>\n\t\t\t\t\t\t\t\t\t\t\t<div class=\"elementor-gallery-item__overlay\"><\/div>\n\t\t\t\t\t\t\t\t\t\t\t\t\t\t<\/a>\n\t\t\t\t\t\t\t<a class=\"e-gallery-item elementor-gallery-item elementor-animated-content\" href=\"https:\/\/vonsaten.net\/wp-content\/uploads\/2020\/10\/Snimek-obrazovky-2020-10-04-v-14.05.22.png\" data-elementor-open-lightbox=\"yes\" data-elementor-lightbox-slideshow=\"all-228eab5\" data-elementor-lightbox-title=\"Sn\u00edmek obrazovky 2020-10-04 v\u00a014.05.22\" e-action-hash=\"#elementor-action%3Aaction%3Dlightbox%26settings%3DeyJpZCI6NTI3LCJ1cmwiOiJodHRwczpcL1wvdm9uc2F0ZW4ubmV0XC93cC1jb250ZW50XC91cGxvYWRzXC8yMDIwXC8xMFwvU25pbWVrLW9icmF6b3ZreS0yMDIwLTEwLTA0LXYtMTQuMDUuMjIucG5nIiwic2xpZGVzaG93IjoiYWxsLTIyOGVhYjUifQ%3D%3D\">\n\t\t\t\t\t<div class=\"e-gallery-image elementor-gallery-item__image\" data-thumbnail=\"https:\/\/vonsaten.net\/wp-content\/uploads\/2020\/10\/Snimek-obrazovky-2020-10-04-v-14.05.22-1024x681.png\" data-width=\"620\" data-height=\"412\" alt=\"\" ><\/div>\n\t\t\t\t\t\t\t\t\t\t\t<div class=\"elementor-gallery-item__overlay\"><\/div>\n\t\t\t\t\t\t\t\t\t\t\t\t\t\t<\/a>\n\t\t\t\t\t\t\t<a class=\"e-gallery-item elementor-gallery-item elementor-animated-content\" href=\"https:\/\/vonsaten.net\/wp-content\/uploads\/2020\/10\/Projekty_14-1.jpg\" data-elementor-open-lightbox=\"yes\" data-elementor-lightbox-slideshow=\"all-228eab5\" data-elementor-lightbox-title=\"Projekty_14\" e-action-hash=\"#elementor-action%3Aaction%3Dlightbox%26settings%3DeyJpZCI6NTI1LCJ1cmwiOiJodHRwczpcL1wvdm9uc2F0ZW4ubmV0XC93cC1jb250ZW50XC91cGxvYWRzXC8yMDIwXC8xMFwvUHJvamVrdHlfMTQtMS5qcGciLCJzbGlkZXNob3ciOiJhbGwtMjI4ZWFiNSJ9\">\n\t\t\t\t\t<div class=\"e-gallery-image elementor-gallery-item__image\" data-thumbnail=\"https:\/\/vonsaten.net\/wp-content\/uploads\/2020\/10\/Projekty_14-1-1024x682.jpg\" data-width=\"620\" data-height=\"413\" alt=\"\" ><\/div>\n\t\t\t\t\t\t\t\t\t\t\t<div class=\"elementor-gallery-item__overlay\"><\/div>\n\t\t\t\t\t\t\t\t\t\t\t\t\t\t<\/a>\n\t\t\t\t\t\t\t<a class=\"e-gallery-item elementor-gallery-item elementor-animated-content\" href=\"https:\/\/vonsaten.net\/wp-content\/uploads\/2020\/10\/IMG_8535-copy-scaled.jpg\" data-elementor-open-lightbox=\"yes\" data-elementor-lightbox-slideshow=\"all-228eab5\" data-elementor-lightbox-title=\"IMG_8535 copy\" e-action-hash=\"#elementor-action%3Aaction%3Dlightbox%26settings%3DeyJpZCI6NTEyLCJ1cmwiOiJodHRwczpcL1wvdm9uc2F0ZW4ubmV0XC93cC1jb250ZW50XC91cGxvYWRzXC8yMDIwXC8xMFwvSU1HXzg1MzUtY29weS1zY2FsZWQuanBnIiwic2xpZGVzaG93IjoiYWxsLTIyOGVhYjUifQ%3D%3D\">\n\t\t\t\t\t<div class=\"e-gallery-image elementor-gallery-item__image\" data-thumbnail=\"https:\/\/vonsaten.net\/wp-content\/uploads\/2020\/10\/IMG_8535-copy-683x1024.jpg\" data-width=\"620\" data-height=\"930\" alt=\"\" ><\/div>\n\t\t\t\t\t\t\t\t\t\t\t<div class=\"elementor-gallery-item__overlay\"><\/div>\n\t\t\t\t\t\t\t\t\t\t\t\t\t\t<\/a>\n\t\t\t\t\t\t\t<a class=\"e-gallery-item elementor-gallery-item elementor-animated-content\" href=\"https:\/\/vonsaten.net\/wp-content\/uploads\/2020\/10\/IMG_4856-scaled.jpg\" data-elementor-open-lightbox=\"yes\" data-elementor-lightbox-slideshow=\"all-228eab5\" data-elementor-lightbox-title=\"IMG_4856\" e-action-hash=\"#elementor-action%3Aaction%3Dlightbox%26settings%3DeyJpZCI6NTExLCJ1cmwiOiJodHRwczpcL1wvdm9uc2F0ZW4ubmV0XC93cC1jb250ZW50XC91cGxvYWRzXC8yMDIwXC8xMFwvSU1HXzQ4NTYtc2NhbGVkLmpwZyIsInNsaWRlc2hvdyI6ImFsbC0yMjhlYWI1In0%3D\">\n\t\t\t\t\t<div class=\"e-gallery-image elementor-gallery-item__image\" data-thumbnail=\"https:\/\/vonsaten.net\/wp-content\/uploads\/2020\/10\/IMG_4856-614x1024.jpg\" data-width=\"614\" data-height=\"1024\" alt=\"\" ><\/div>\n\t\t\t\t\t\t\t\t\t\t\t<div class=\"elementor-gallery-item__overlay\"><\/div>\n\t\t\t\t\t\t\t\t\t\t\t\t\t\t<\/a>\n\t\t\t\t\t\t\t<a class=\"e-gallery-item elementor-gallery-item elementor-animated-content\" href=\"https:\/\/vonsaten.net\/wp-content\/uploads\/2020\/10\/Projekty_12-1.jpg\" data-elementor-open-lightbox=\"yes\" data-elementor-lightbox-slideshow=\"all-228eab5\" data-elementor-lightbox-title=\"Projekty_12\" e-action-hash=\"#elementor-action%3Aaction%3Dlightbox%26settings%3DeyJpZCI6NTIzLCJ1cmwiOiJodHRwczpcL1wvdm9uc2F0ZW4ubmV0XC93cC1jb250ZW50XC91cGxvYWRzXC8yMDIwXC8xMFwvUHJvamVrdHlfMTItMS5qcGciLCJzbGlkZXNob3ciOiJhbGwtMjI4ZWFiNSJ9\">\n\t\t\t\t\t<div class=\"e-gallery-image elementor-gallery-item__image\" data-thumbnail=\"https:\/\/vonsaten.net\/wp-content\/uploads\/2020\/10\/Projekty_12-1-1024x682.jpg\" data-width=\"620\" data-height=\"413\" alt=\"\" ><\/div>\n\t\t\t\t\t\t\t\t\t\t\t<div class=\"elementor-gallery-item__overlay\"><\/div>\n\t\t\t\t\t\t\t\t\t\t\t\t\t\t<\/a>\n\t\t\t\t\t\t\t<a class=\"e-gallery-item elementor-gallery-item elementor-animated-content\" href=\"https:\/\/vonsaten.net\/wp-content\/uploads\/2020\/10\/pismo.jpg\" data-elementor-open-lightbox=\"yes\" data-elementor-lightbox-slideshow=\"all-228eab5\" data-elementor-lightbox-title=\"pismo\" e-action-hash=\"#elementor-action%3Aaction%3Dlightbox%26settings%3DeyJpZCI6NTIyLCJ1cmwiOiJodHRwczpcL1wvdm9uc2F0ZW4ubmV0XC93cC1jb250ZW50XC91cGxvYWRzXC8yMDIwXC8xMFwvcGlzbW8uanBnIiwic2xpZGVzaG93IjoiYWxsLTIyOGVhYjUifQ%3D%3D\">\n\t\t\t\t\t<div class=\"e-gallery-image elementor-gallery-item__image\" data-thumbnail=\"https:\/\/vonsaten.net\/wp-content\/uploads\/2020\/10\/pismo-819x1024.jpg\" data-width=\"620\" data-height=\"775\" alt=\"\" ><\/div>\n\t\t\t\t\t\t\t\t\t\t\t<div class=\"elementor-gallery-item__overlay\"><\/div>\n\t\t\t\t\t\t\t\t\t\t\t\t\t\t<\/a>\n\t\t\t\t\t\t\t<a class=\"e-gallery-item elementor-gallery-item elementor-animated-content\" href=\"https:\/\/vonsaten.net\/wp-content\/uploads\/2020\/10\/NW20_PROGRAM_735x148mm_TISK2-scaled.jpg\" data-elementor-open-lightbox=\"yes\" data-elementor-lightbox-slideshow=\"all-228eab5\" data-elementor-lightbox-title=\"NW20_PROGRAM_735x148mm_TISK2\" e-action-hash=\"#elementor-action%3Aaction%3Dlightbox%26settings%3DeyJpZCI6NTE5LCJ1cmwiOiJodHRwczpcL1wvdm9uc2F0ZW4ubmV0XC93cC1jb250ZW50XC91cGxvYWRzXC8yMDIwXC8xMFwvTlcyMF9QUk9HUkFNXzczNXgxNDhtbV9USVNLMi1zY2FsZWQuanBnIiwic2xpZGVzaG93IjoiYWxsLTIyOGVhYjUifQ%3D%3D\">\n\t\t\t\t\t<div class=\"e-gallery-image elementor-gallery-item__image\" data-thumbnail=\"https:\/\/vonsaten.net\/wp-content\/uploads\/2020\/10\/NW20_PROGRAM_735x148mm_TISK2-1024x206.jpg\" data-width=\"620\" data-height=\"125\" alt=\"\" ><\/div>\n\t\t\t\t\t\t\t\t\t\t\t<div class=\"elementor-gallery-item__overlay\"><\/div>\n\t\t\t\t\t\t\t\t\t\t\t\t\t\t<\/a>\n\t\t\t\t\t\t\t<a class=\"e-gallery-item elementor-gallery-item elementor-animated-content\" href=\"https:\/\/vonsaten.net\/wp-content\/uploads\/2020\/10\/NW20_PROGRAM_735x148mm_TISK-scaled.jpg\" data-elementor-open-lightbox=\"yes\" data-elementor-lightbox-slideshow=\"all-228eab5\" data-elementor-lightbox-title=\"NW20_PROGRAM_735x148mm_TISK\" e-action-hash=\"#elementor-action%3Aaction%3Dlightbox%26settings%3DeyJpZCI6NTE4LCJ1cmwiOiJodHRwczpcL1wvdm9uc2F0ZW4ubmV0XC93cC1jb250ZW50XC91cGxvYWRzXC8yMDIwXC8xMFwvTlcyMF9QUk9HUkFNXzczNXgxNDhtbV9USVNLLXNjYWxlZC5qcGciLCJzbGlkZXNob3ciOiJhbGwtMjI4ZWFiNSJ9\">\n\t\t\t\t\t<div class=\"e-gallery-image elementor-gallery-item__image\" data-thumbnail=\"https:\/\/vonsaten.net\/wp-content\/uploads\/2020\/10\/NW20_PROGRAM_735x148mm_TISK-1024x206.jpg\" data-width=\"620\" data-height=\"125\" alt=\"\" ><\/div>\n\t\t\t\t\t\t\t\t\t\t\t<div class=\"elementor-gallery-item__overlay\"><\/div>\n\t\t\t\t\t\t\t\t\t\t\t\t\t\t<\/a>\n\t\t\t\t\t\t\t<a class=\"e-gallery-item elementor-gallery-item elementor-animated-content\" href=\"https:\/\/vonsaten.net\/wp-content\/uploads\/2020\/10\/NW20_Kino_Aero_Slide_V03.jpg\" data-elementor-open-lightbox=\"yes\" data-elementor-lightbox-slideshow=\"all-228eab5\" data-elementor-lightbox-title=\"NW20_Kino_Aero_Slide_V03\" e-action-hash=\"#elementor-action%3Aaction%3Dlightbox%26settings%3DeyJpZCI6NTE3LCJ1cmwiOiJodHRwczpcL1wvdm9uc2F0ZW4ubmV0XC93cC1jb250ZW50XC91cGxvYWRzXC8yMDIwXC8xMFwvTlcyMF9LaW5vX0Flcm9fU2xpZGVfVjAzLmpwZyIsInNsaWRlc2hvdyI6ImFsbC0yMjhlYWI1In0%3D\">\n\t\t\t\t\t<div class=\"e-gallery-image elementor-gallery-item__image\" data-thumbnail=\"https:\/\/vonsaten.net\/wp-content\/uploads\/2020\/10\/NW20_Kino_Aero_Slide_V03-1024x768.jpg\" data-width=\"620\" data-height=\"465\" alt=\"\" ><\/div>\n\t\t\t\t\t\t\t\t\t\t\t<div class=\"elementor-gallery-item__overlay\"><\/div>\n\t\t\t\t\t\t\t\t\t\t\t\t\t\t<\/a>\n\t\t\t\t\t\t\t<a class=\"e-gallery-item elementor-gallery-item elementor-animated-content\" href=\"https:\/\/vonsaten.net\/wp-content\/uploads\/2020\/10\/Krusha_s_napisem-scaled.jpg\" data-elementor-open-lightbox=\"yes\" data-elementor-lightbox-slideshow=\"all-228eab5\" data-elementor-lightbox-title=\"Krusha_s_napisem\" e-action-hash=\"#elementor-action%3Aaction%3Dlightbox%26settings%3DeyJpZCI6NTE1LCJ1cmwiOiJodHRwczpcL1wvdm9uc2F0ZW4ubmV0XC93cC1jb250ZW50XC91cGxvYWRzXC8yMDIwXC8xMFwvS3J1c2hhX3NfbmFwaXNlbS1zY2FsZWQuanBnIiwic2xpZGVzaG93IjoiYWxsLTIyOGVhYjUifQ%3D%3D\">\n\t\t\t\t\t<div class=\"e-gallery-image elementor-gallery-item__image\" data-thumbnail=\"https:\/\/vonsaten.net\/wp-content\/uploads\/2020\/10\/Krusha_s_napisem-scaled.jpg\" data-width=\"620\" data-height=\"413\" alt=\"\" ><\/div>\n\t\t\t\t\t\t\t\t\t\t\t<div class=\"elementor-gallery-item__overlay\"><\/div>\n\t\t\t\t\t\t\t\t\t\t\t\t\t\t<\/a>\n\t\t\t\t\t\t\t<a class=\"e-gallery-item elementor-gallery-item elementor-animated-content\" href=\"https:\/\/vonsaten.net\/wp-content\/uploads\/2020\/10\/IMG_8544-scaled.jpg\" data-elementor-open-lightbox=\"yes\" data-elementor-lightbox-slideshow=\"all-228eab5\" data-elementor-lightbox-title=\"IMG_8544\" e-action-hash=\"#elementor-action%3Aaction%3Dlightbox%26settings%3DeyJpZCI6NTE0LCJ1cmwiOiJodHRwczpcL1wvdm9uc2F0ZW4ubmV0XC93cC1jb250ZW50XC91cGxvYWRzXC8yMDIwXC8xMFwvSU1HXzg1NDQtc2NhbGVkLmpwZyIsInNsaWRlc2hvdyI6ImFsbC0yMjhlYWI1In0%3D\">\n\t\t\t\t\t<div class=\"e-gallery-image elementor-gallery-item__image\" data-thumbnail=\"https:\/\/vonsaten.net\/wp-content\/uploads\/2020\/10\/IMG_8544-683x1024.jpg\" data-width=\"620\" data-height=\"930\" alt=\"\" ><\/div>\n\t\t\t\t\t\t\t\t\t\t\t<div class=\"elementor-gallery-item__overlay\"><\/div>\n\t\t\t\t\t\t\t\t\t\t\t\t\t\t<\/a>\n\t\t\t\t\t\t\t<a class=\"e-gallery-item elementor-gallery-item elementor-animated-content\" href=\"https:\/\/vonsaten.net\/wp-content\/uploads\/2020\/10\/IMG_8537-copy.jpg\" data-elementor-open-lightbox=\"yes\" data-elementor-lightbox-slideshow=\"all-228eab5\" data-elementor-lightbox-title=\"IMG_8537 copy\" e-action-hash=\"#elementor-action%3Aaction%3Dlightbox%26settings%3DeyJpZCI6NTEzLCJ1cmwiOiJodHRwczpcL1wvdm9uc2F0ZW4ubmV0XC93cC1jb250ZW50XC91cGxvYWRzXC8yMDIwXC8xMFwvSU1HXzg1MzctY29weS5qcGciLCJzbGlkZXNob3ciOiJhbGwtMjI4ZWFiNSJ9\">\n\t\t\t\t\t<div class=\"e-gallery-image elementor-gallery-item__image\" data-thumbnail=\"https:\/\/vonsaten.net\/wp-content\/uploads\/2020\/10\/IMG_8537-copy-1024x752.jpg\" data-width=\"620\" data-height=\"455\" alt=\"\" ><\/div>\n\t\t\t\t\t\t\t\t\t\t\t<div class=\"elementor-gallery-item__overlay\"><\/div>\n\t\t\t\t\t\t\t\t\t\t\t\t\t\t<\/a>\n\t\t\t\t\t\t\t<a class=\"e-gallery-item elementor-gallery-item elementor-animated-content\" href=\"https:\/\/vonsaten.net\/wp-content\/uploads\/2020\/10\/Projekty_13-1.jpg\" data-elementor-open-lightbox=\"yes\" data-elementor-lightbox-slideshow=\"all-228eab5\" data-elementor-lightbox-title=\"Projekty_13\" e-action-hash=\"#elementor-action%3Aaction%3Dlightbox%26settings%3DeyJpZCI6NTI0LCJ1cmwiOiJodHRwczpcL1wvdm9uc2F0ZW4ubmV0XC93cC1jb250ZW50XC91cGxvYWRzXC8yMDIwXC8xMFwvUHJvamVrdHlfMTMtMS5qcGciLCJzbGlkZXNob3ciOiJhbGwtMjI4ZWFiNSJ9\">\n\t\t\t\t\t<div class=\"e-gallery-image elementor-gallery-item__image\" data-thumbnail=\"https:\/\/vonsaten.net\/wp-content\/uploads\/2020\/10\/Projekty_13-1-1024x547.jpg\" data-width=\"620\" data-height=\"331\" alt=\"\" ><\/div>\n\t\t\t\t\t\t\t\t\t\t\t<div class=\"elementor-gallery-item__overlay\"><\/div>\n\t\t\t\t\t\t\t\t\t\t\t\t\t\t<\/a>\n\t\t\t\t\t<\/div>\n\t\t\t<\/div>\n\t\t\t\t<\/div>\n\t\t\t\t\t\t<\/div>\n\t\t\t\t\t<\/div>\n\t\t<\/div>\n\t\t\t\t\t\t\t\t<\/div>\n\t\t\t\t\t<\/div>\n\t\t<\/section>\n\t\t\t\t\t\t\t\t\t<\/div>\n\t\t\t<\/div>\n\t\t\t\t\t<\/div>\n\t\t","protected":false},"excerpt":{"rendered":"<p>Visual style and design of various materials for Czech festival of alternative theatre and music &#8230;p\u0159\u00ed\u0161t\u00ed vlna\/next wave&#8230;<\/p>\n","protected":false},"author":1,"featured_media":517,"parent":239,"menu_order":-1,"comment_status":"closed","ping_status":"open","template":"elementor_header_footer","meta":[],"_links":{"self":[{"href":"https:\/\/vonsaten.net\/index.php\/wp-json\/wp\/v2\/pages\/509"}],"collection":[{"href":"https:\/\/vonsaten.net\/index.php\/wp-json\/wp\/v2\/pages"}],"about":[{"href":"https:\/\/vonsaten.net\/index.php\/wp-json\/wp\/v2\/types\/page"}],"author":[{"embeddable":true,"href":"https:\/\/vonsaten.net\/index.php\/wp-json\/wp\/v2\/users\/1"}],"replies":[{"embeddable":true,"href":"https:\/\/vonsaten.net\/index.php\/wp-json\/wp\/v2\/comments?post=509"}],"version-history":[{"count":6,"href":"https:\/\/vonsaten.net\/index.php\/wp-json\/wp\/v2\/pages\/509\/revisions"}],"predecessor-version":[{"id":4043,"href":"https:\/\/vonsaten.net\/index.php\/wp-json\/wp\/v2\/pages\/509\/revisions\/4043"}],"up":[{"embeddable":true,"href":"https:\/\/vonsaten.net\/index.php\/wp-json\/wp\/v2\/pages\/239"}],"wp:featuredmedia":[{"embeddable":true,"href":"https:\/\/vonsaten.net\/index.php\/wp-json\/wp\/v2\/media\/517"}],"wp:attachment":[{"href":"https:\/\/vonsaten.net\/index.php\/wp-json\/wp\/v2\/media?parent=509"}],"curies":[{"name":"wp","href":"https:\/\/api.w.org\/{rel}","templated":true}]}}