{"id":530,"date":"2020-10-04T12:44:47","date_gmt":"2020-10-04T12:44:47","guid":{"rendered":"http:\/\/vonsaten.net\/?page_id=530"},"modified":"2023-02-19T16:34:17","modified_gmt":"2023-02-19T16:34:17","slug":"pamet-mesta","status":"publish","type":"page","link":"https:\/\/vonsaten.net\/index.php\/von-saten-2\/pamet-mesta\/","title":{"rendered":"Pam\u011b\u0165 M\u011bsta"},"content":{"rendered":"\t\t<div data-elementor-type=\"wp-page\" data-elementor-id=\"530\" class=\"elementor elementor-530\">\n\t\t\t\t\t\t<div class=\"elementor-inner\">\n\t\t\t\t<div class=\"elementor-section-wrap\">\n\t\t\t\t\t\t\t\t\t<section class=\"elementor-section elementor-top-section elementor-element elementor-element-5f54722 elementor-section-full_width elementor-section-height-default elementor-section-height-default\" data-id=\"5f54722\" data-element_type=\"section\" data-settings=\"{&quot;background_background&quot;:&quot;classic&quot;}\">\n\t\t\t\t\t\t<div class=\"elementor-container elementor-column-gap-custom\">\n\t\t\t\t\t\t\t<div class=\"elementor-row\">\n\t\t\t\t\t<div class=\"elementor-column elementor-col-50 elementor-top-column elementor-element elementor-element-f116a84\" data-id=\"f116a84\" data-element_type=\"column\">\n\t\t\t<div class=\"elementor-column-wrap elementor-element-populated\">\n\t\t\t\t\t\t\t<div class=\"elementor-widget-wrap\">\n\t\t\t\t\t\t<div class=\"elementor-element elementor-element-647f9f9 elementor-widget elementor-widget-text-editor\" data-id=\"647f9f9\" data-element_type=\"widget\" data-widget_type=\"text-editor.default\">\n\t\t\t\t<div class=\"elementor-widget-container\">\n\t\t\t\t\t\t\t\t<div class=\"elementor-text-editor elementor-clearfix\">\n\t\t\t\tPam\u011b\u0165 M\u011bsta\t\t\t\t\t<\/div>\n\t\t\t\t\t\t<\/div>\n\t\t\t\t<\/div>\n\t\t\t\t\t\t<\/div>\n\t\t\t\t\t<\/div>\n\t\t<\/div>\n\t\t\t\t<div class=\"elementor-column elementor-col-50 elementor-top-column elementor-element elementor-element-db3fc69\" data-id=\"db3fc69\" data-element_type=\"column\">\n\t\t\t<div class=\"elementor-column-wrap elementor-element-populated\">\n\t\t\t\t\t\t\t<div class=\"elementor-widget-wrap\">\n\t\t\t\t\t\t<div class=\"elementor-element elementor-element-d86530c elementor-widget elementor-widget-text-editor\" data-id=\"d86530c\" data-element_type=\"widget\" data-widget_type=\"text-editor.default\">\n\t\t\t\t<div class=\"elementor-widget-container\">\n\t\t\t\t\t\t\t\t<div class=\"elementor-text-editor elementor-clearfix\">\n\t\t\t\t<p>Reconstructions, gentrification, affordable housing, mass tourism. The project Pam\u011b\u0165 M\u011bsta <em>(City Memory)<\/em> maps the modern transformations of five Prague districts. Sm\u00edchov, Hole\u0161ovice, \u017di\u017ekov, Karl\u00edn, Star\u00e9 a Nov\u00e9 m\u011bsto. Five Prague districts and countless stories hidden in their streets.<\/p>\t\t\t\t\t<\/div>\n\t\t\t\t\t\t<\/div>\n\t\t\t\t<\/div>\n\t\t\t\t\t\t<\/div>\n\t\t\t\t\t<\/div>\n\t\t<\/div>\n\t\t\t\t\t\t\t\t<\/div>\n\t\t\t\t\t<\/div>\n\t\t<\/section>\n\t\t\t\t<section class=\"elementor-section elementor-top-section elementor-element elementor-element-76c4ff5 elementor-section-full_width elementor-section-height-default elementor-section-height-default\" data-id=\"76c4ff5\" data-element_type=\"section\" data-settings=\"{&quot;background_background&quot;:&quot;classic&quot;}\">\n\t\t\t\t\t\t<div class=\"elementor-container elementor-column-gap-custom\">\n\t\t\t\t\t\t\t<div class=\"elementor-row\">\n\t\t\t\t\t<div class=\"elementor-column elementor-col-100 elementor-top-column elementor-element elementor-element-8355f1e\" data-id=\"8355f1e\" data-element_type=\"column\">\n\t\t\t<div class=\"elementor-column-wrap elementor-element-populated\">\n\t\t\t\t\t\t\t<div class=\"elementor-widget-wrap\">\n\t\t\t\t\t\t<div class=\"elementor-element elementor-element-95de324 elementor-widget elementor-widget-gallery\" data-id=\"95de324\" data-element_type=\"widget\" data-settings=\"{&quot;gallery_layout&quot;:&quot;masonry&quot;,&quot;columns&quot;:2,&quot;gap&quot;:{&quot;unit&quot;:&quot;px&quot;,&quot;size&quot;:50,&quot;sizes&quot;:[]},&quot;lazyload&quot;:&quot;yes&quot;,&quot;columns_tablet&quot;:2,&quot;columns_mobile&quot;:1,&quot;gap_tablet&quot;:{&quot;unit&quot;:&quot;px&quot;,&quot;size&quot;:10,&quot;sizes&quot;:[]},&quot;gap_mobile&quot;:{&quot;unit&quot;:&quot;px&quot;,&quot;size&quot;:10,&quot;sizes&quot;:[]},&quot;link_to&quot;:&quot;file&quot;,&quot;overlay_background&quot;:&quot;yes&quot;,&quot;content_hover_animation&quot;:&quot;fade-in&quot;}\" data-widget_type=\"gallery.default\">\n\t\t\t\t<div class=\"elementor-widget-container\">\n\t\t\t\t\t<div class=\"elementor-gallery__container\">\n\t\t\t\t\t\t\t<a class=\"e-gallery-item elementor-gallery-item elementor-animated-content\" href=\"https:\/\/vonsaten.net\/wp-content\/uploads\/2020\/10\/logo-1.jpg\" data-elementor-open-lightbox=\"yes\" data-elementor-lightbox-slideshow=\"all-95de324\" data-elementor-lightbox-title=\"logo\" e-action-hash=\"#elementor-action%3Aaction%3Dlightbox%26settings%3DeyJpZCI6NTMxLCJ1cmwiOiJodHRwczpcL1wvdm9uc2F0ZW4ubmV0XC93cC1jb250ZW50XC91cGxvYWRzXC8yMDIwXC8xMFwvbG9nby0xLmpwZyIsInNsaWRlc2hvdyI6ImFsbC05NWRlMzI0In0%3D\">\n\t\t\t\t\t<div class=\"e-gallery-image elementor-gallery-item__image\" data-thumbnail=\"https:\/\/vonsaten.net\/wp-content\/uploads\/2020\/10\/logo-1-1536x1040.jpg\" data-width=\"1536\" data-height=\"1040\" alt=\"\" ><\/div>\n\t\t\t\t\t\t\t\t\t\t\t<div class=\"elementor-gallery-item__overlay\"><\/div>\n\t\t\t\t\t\t\t\t\t\t\t\t\t\t<\/a>\n\t\t\t\t\t\t\t<a class=\"e-gallery-item elementor-gallery-item elementor-animated-content\" href=\"https:\/\/vonsaten.net\/wp-content\/uploads\/2020\/10\/pamet_porfolko2-1.jpg\" data-elementor-open-lightbox=\"yes\" data-elementor-lightbox-slideshow=\"all-95de324\" data-elementor-lightbox-title=\"pamet_porfolko2\" e-action-hash=\"#elementor-action%3Aaction%3Dlightbox%26settings%3DeyJpZCI6NTMzLCJ1cmwiOiJodHRwczpcL1wvdm9uc2F0ZW4ubmV0XC93cC1jb250ZW50XC91cGxvYWRzXC8yMDIwXC8xMFwvcGFtZXRfcG9yZm9sa28yLTEuanBnIiwic2xpZGVzaG93IjoiYWxsLTk1ZGUzMjQifQ%3D%3D\">\n\t\t\t\t\t<div class=\"e-gallery-image elementor-gallery-item__image\" data-thumbnail=\"https:\/\/vonsaten.net\/wp-content\/uploads\/2020\/10\/pamet_porfolko2-1-1536x1040.jpg\" data-width=\"1536\" data-height=\"1040\" alt=\"\" ><\/div>\n\t\t\t\t\t\t\t\t\t\t\t<div class=\"elementor-gallery-item__overlay\"><\/div>\n\t\t\t\t\t\t\t\t\t\t\t\t\t\t<\/a>\n\t\t\t\t\t\t\t<a class=\"e-gallery-item elementor-gallery-item elementor-animated-content\" href=\"https:\/\/vonsaten.net\/wp-content\/uploads\/2020\/10\/pamet_porfolko6-1.jpg\" data-elementor-open-lightbox=\"yes\" data-elementor-lightbox-slideshow=\"all-95de324\" data-elementor-lightbox-title=\"pamet_porfolko6\" e-action-hash=\"#elementor-action%3Aaction%3Dlightbox%26settings%3DeyJpZCI6NTM3LCJ1cmwiOiJodHRwczpcL1wvdm9uc2F0ZW4ubmV0XC93cC1jb250ZW50XC91cGxvYWRzXC8yMDIwXC8xMFwvcGFtZXRfcG9yZm9sa282LTEuanBnIiwic2xpZGVzaG93IjoiYWxsLTk1ZGUzMjQifQ%3D%3D\">\n\t\t\t\t\t<div class=\"e-gallery-image elementor-gallery-item__image\" data-thumbnail=\"https:\/\/vonsaten.net\/wp-content\/uploads\/2020\/10\/pamet_porfolko6-1-1536x1040.jpg\" data-width=\"1536\" data-height=\"1040\" alt=\"\" ><\/div>\n\t\t\t\t\t\t\t\t\t\t\t<div class=\"elementor-gallery-item__overlay\"><\/div>\n\t\t\t\t\t\t\t\t\t\t\t\t\t\t<\/a>\n\t\t\t\t\t\t\t<a class=\"e-gallery-item elementor-gallery-item elementor-animated-content\" href=\"https:\/\/vonsaten.net\/wp-content\/uploads\/2020\/10\/pamet_porfolko-1.jpg\" data-elementor-open-lightbox=\"yes\" data-elementor-lightbox-slideshow=\"all-95de324\" data-elementor-lightbox-title=\"pamet_porfolko\" e-action-hash=\"#elementor-action%3Aaction%3Dlightbox%26settings%3DeyJpZCI6NTMyLCJ1cmwiOiJodHRwczpcL1wvdm9uc2F0ZW4ubmV0XC93cC1jb250ZW50XC91cGxvYWRzXC8yMDIwXC8xMFwvcGFtZXRfcG9yZm9sa28tMS5qcGciLCJzbGlkZXNob3ciOiJhbGwtOTVkZTMyNCJ9\">\n\t\t\t\t\t<div class=\"e-gallery-image elementor-gallery-item__image\" data-thumbnail=\"https:\/\/vonsaten.net\/wp-content\/uploads\/2020\/10\/pamet_porfolko-1-1536x1040.jpg\" data-width=\"1536\" data-height=\"1040\" alt=\"\" ><\/div>\n\t\t\t\t\t\t\t\t\t\t\t<div class=\"elementor-gallery-item__overlay\"><\/div>\n\t\t\t\t\t\t\t\t\t\t\t\t\t\t<\/a>\n\t\t\t\t\t\t\t<a class=\"e-gallery-item elementor-gallery-item elementor-animated-content\" href=\"https:\/\/vonsaten.net\/wp-content\/uploads\/2020\/10\/pamet_porfolko3-1.jpg\" data-elementor-open-lightbox=\"yes\" data-elementor-lightbox-slideshow=\"all-95de324\" data-elementor-lightbox-title=\"pamet_porfolko3\" e-action-hash=\"#elementor-action%3Aaction%3Dlightbox%26settings%3DeyJpZCI6NTM0LCJ1cmwiOiJodHRwczpcL1wvdm9uc2F0ZW4ubmV0XC93cC1jb250ZW50XC91cGxvYWRzXC8yMDIwXC8xMFwvcGFtZXRfcG9yZm9sa28zLTEuanBnIiwic2xpZGVzaG93IjoiYWxsLTk1ZGUzMjQifQ%3D%3D\">\n\t\t\t\t\t<div class=\"e-gallery-image elementor-gallery-item__image\" data-thumbnail=\"https:\/\/vonsaten.net\/wp-content\/uploads\/2020\/10\/pamet_porfolko3-1-1536x1040.jpg\" data-width=\"1536\" data-height=\"1040\" alt=\"\" ><\/div>\n\t\t\t\t\t\t\t\t\t\t\t<div class=\"elementor-gallery-item__overlay\"><\/div>\n\t\t\t\t\t\t\t\t\t\t\t\t\t\t<\/a>\n\t\t\t\t\t\t\t<a class=\"e-gallery-item elementor-gallery-item elementor-animated-content\" href=\"https:\/\/vonsaten.net\/wp-content\/uploads\/2020\/10\/pamet_porfolko5-1.jpg\" data-elementor-open-lightbox=\"yes\" data-elementor-lightbox-slideshow=\"all-95de324\" data-elementor-lightbox-title=\"pamet_porfolko5\" e-action-hash=\"#elementor-action%3Aaction%3Dlightbox%26settings%3DeyJpZCI6NTM2LCJ1cmwiOiJodHRwczpcL1wvdm9uc2F0ZW4ubmV0XC93cC1jb250ZW50XC91cGxvYWRzXC8yMDIwXC8xMFwvcGFtZXRfcG9yZm9sa281LTEuanBnIiwic2xpZGVzaG93IjoiYWxsLTk1ZGUzMjQifQ%3D%3D\">\n\t\t\t\t\t<div class=\"e-gallery-image elementor-gallery-item__image\" data-thumbnail=\"https:\/\/vonsaten.net\/wp-content\/uploads\/2020\/10\/pamet_porfolko5-1-1536x1040.jpg\" data-width=\"1536\" data-height=\"1040\" alt=\"\" ><\/div>\n\t\t\t\t\t\t\t\t\t\t\t<div class=\"elementor-gallery-item__overlay\"><\/div>\n\t\t\t\t\t\t\t\t\t\t\t\t\t\t<\/a>\n\t\t\t\t\t\t\t<a class=\"e-gallery-item elementor-gallery-item elementor-animated-content\" href=\"https:\/\/vonsaten.net\/wp-content\/uploads\/2020\/10\/pamet_porfolko4-1.jpg\" data-elementor-open-lightbox=\"yes\" data-elementor-lightbox-slideshow=\"all-95de324\" data-elementor-lightbox-title=\"pamet_porfolko4\" e-action-hash=\"#elementor-action%3Aaction%3Dlightbox%26settings%3DeyJpZCI6NTM1LCJ1cmwiOiJodHRwczpcL1wvdm9uc2F0ZW4ubmV0XC93cC1jb250ZW50XC91cGxvYWRzXC8yMDIwXC8xMFwvcGFtZXRfcG9yZm9sa280LTEuanBnIiwic2xpZGVzaG93IjoiYWxsLTk1ZGUzMjQifQ%3D%3D\">\n\t\t\t\t\t<div class=\"e-gallery-image elementor-gallery-item__image\" data-thumbnail=\"https:\/\/vonsaten.net\/wp-content\/uploads\/2020\/10\/pamet_porfolko4-1-1536x1040.jpg\" data-width=\"1536\" data-height=\"1040\" alt=\"\" ><\/div>\n\t\t\t\t\t\t\t\t\t\t\t<div class=\"elementor-gallery-item__overlay\"><\/div>\n\t\t\t\t\t\t\t\t\t\t\t\t\t\t<\/a>\n\t\t\t\t\t\t\t<a class=\"e-gallery-item elementor-gallery-item elementor-animated-content\" href=\"https:\/\/vonsaten.net\/wp-content\/uploads\/2020\/10\/pamet_porfolko9-2.jpg\" data-elementor-open-lightbox=\"yes\" data-elementor-lightbox-slideshow=\"all-95de324\" data-elementor-lightbox-title=\"pamet_porfolko9\" e-action-hash=\"#elementor-action%3Aaction%3Dlightbox%26settings%3DeyJpZCI6NTQwLCJ1cmwiOiJodHRwczpcL1wvdm9uc2F0ZW4ubmV0XC93cC1jb250ZW50XC91cGxvYWRzXC8yMDIwXC8xMFwvcGFtZXRfcG9yZm9sa285LTIuanBnIiwic2xpZGVzaG93IjoiYWxsLTk1ZGUzMjQifQ%3D%3D\">\n\t\t\t\t\t<div class=\"e-gallery-image elementor-gallery-item__image\" data-thumbnail=\"https:\/\/vonsaten.net\/wp-content\/uploads\/2020\/10\/pamet_porfolko9-2-1536x908.jpg\" data-width=\"1536\" data-height=\"908\" alt=\"\" ><\/div>\n\t\t\t\t\t\t\t\t\t\t\t<div class=\"elementor-gallery-item__overlay\"><\/div>\n\t\t\t\t\t\t\t\t\t\t\t\t\t\t<\/a>\n\t\t\t\t\t\t\t<a class=\"e-gallery-item elementor-gallery-item elementor-animated-content\" href=\"https:\/\/vonsaten.net\/wp-content\/uploads\/2020\/10\/pikto-1.jpg\" data-elementor-open-lightbox=\"yes\" data-elementor-lightbox-slideshow=\"all-95de324\" data-elementor-lightbox-title=\"pikto\" e-action-hash=\"#elementor-action%3Aaction%3Dlightbox%26settings%3DeyJpZCI6NTQyLCJ1cmwiOiJodHRwczpcL1wvdm9uc2F0ZW4ubmV0XC93cC1jb250ZW50XC91cGxvYWRzXC8yMDIwXC8xMFwvcGlrdG8tMS5qcGciLCJzbGlkZXNob3ciOiJhbGwtOTVkZTMyNCJ9\">\n\t\t\t\t\t<div class=\"e-gallery-image elementor-gallery-item__image\" data-thumbnail=\"https:\/\/vonsaten.net\/wp-content\/uploads\/2020\/10\/pikto-1-1536x1040.jpg\" data-width=\"1536\" data-height=\"1040\" alt=\"\" ><\/div>\n\t\t\t\t\t\t\t\t\t\t\t<div class=\"elementor-gallery-item__overlay\"><\/div>\n\t\t\t\t\t\t\t\t\t\t\t\t\t\t<\/a>\n\t\t\t\t\t\t\t<a class=\"e-gallery-item elementor-gallery-item elementor-animated-content\" href=\"https:\/\/vonsaten.net\/wp-content\/uploads\/2020\/10\/pamet_porfolko10-2.jpg\" data-elementor-open-lightbox=\"yes\" data-elementor-lightbox-slideshow=\"all-95de324\" data-elementor-lightbox-title=\"pamet_porfolko10\" e-action-hash=\"#elementor-action%3Aaction%3Dlightbox%26settings%3DeyJpZCI6NTQxLCJ1cmwiOiJodHRwczpcL1wvdm9uc2F0ZW4ubmV0XC93cC1jb250ZW50XC91cGxvYWRzXC8yMDIwXC8xMFwvcGFtZXRfcG9yZm9sa28xMC0yLmpwZyIsInNsaWRlc2hvdyI6ImFsbC05NWRlMzI0In0%3D\">\n\t\t\t\t\t<div class=\"e-gallery-image elementor-gallery-item__image\" data-thumbnail=\"https:\/\/vonsaten.net\/wp-content\/uploads\/2020\/10\/pamet_porfolko10-2-1536x1040.jpg\" data-width=\"1536\" data-height=\"1040\" alt=\"\" ><\/div>\n\t\t\t\t\t\t\t\t\t\t\t<div class=\"elementor-gallery-item__overlay\"><\/div>\n\t\t\t\t\t\t\t\t\t\t\t\t\t\t<\/a>\n\t\t\t\t\t\t\t<a class=\"e-gallery-item elementor-gallery-item elementor-animated-content\" href=\"https:\/\/vonsaten.net\/wp-content\/uploads\/2020\/10\/pamet_porfolko7-1.jpg\" data-elementor-open-lightbox=\"yes\" data-elementor-lightbox-slideshow=\"all-95de324\" data-elementor-lightbox-title=\"pamet_porfolko7\" e-action-hash=\"#elementor-action%3Aaction%3Dlightbox%26settings%3DeyJpZCI6NTM4LCJ1cmwiOiJodHRwczpcL1wvdm9uc2F0ZW4ubmV0XC93cC1jb250ZW50XC91cGxvYWRzXC8yMDIwXC8xMFwvcGFtZXRfcG9yZm9sa283LTEuanBnIiwic2xpZGVzaG93IjoiYWxsLTk1ZGUzMjQifQ%3D%3D\">\n\t\t\t\t\t<div class=\"e-gallery-image elementor-gallery-item__image\" data-thumbnail=\"https:\/\/vonsaten.net\/wp-content\/uploads\/2020\/10\/pamet_porfolko7-1-1406x1536.jpg\" data-width=\"1406\" data-height=\"1536\" alt=\"\" ><\/div>\n\t\t\t\t\t\t\t\t\t\t\t<div class=\"elementor-gallery-item__overlay\"><\/div>\n\t\t\t\t\t\t\t\t\t\t\t\t\t\t<\/a>\n\t\t\t\t\t\t\t<a class=\"e-gallery-item elementor-gallery-item elementor-animated-content\" href=\"https:\/\/vonsaten.net\/wp-content\/uploads\/2020\/10\/pamet_porfolko8-2.jpg\" data-elementor-open-lightbox=\"yes\" data-elementor-lightbox-slideshow=\"all-95de324\" data-elementor-lightbox-title=\"pamet_porfolko8\" e-action-hash=\"#elementor-action%3Aaction%3Dlightbox%26settings%3DeyJpZCI6NTM5LCJ1cmwiOiJodHRwczpcL1wvdm9uc2F0ZW4ubmV0XC93cC1jb250ZW50XC91cGxvYWRzXC8yMDIwXC8xMFwvcGFtZXRfcG9yZm9sa284LTIuanBnIiwic2xpZGVzaG93IjoiYWxsLTk1ZGUzMjQifQ%3D%3D\">\n\t\t\t\t\t<div class=\"e-gallery-image elementor-gallery-item__image\" data-thumbnail=\"https:\/\/vonsaten.net\/wp-content\/uploads\/2020\/10\/pamet_porfolko8-2-1536x1429.jpg\" data-width=\"1536\" data-height=\"1429\" alt=\"\" ><\/div>\n\t\t\t\t\t\t\t\t\t\t\t<div class=\"elementor-gallery-item__overlay\"><\/div>\n\t\t\t\t\t\t\t\t\t\t\t\t\t\t<\/a>\n\t\t\t\t\t<\/div>\n\t\t\t<\/div>\n\t\t\t\t<\/div>\n\t\t\t\t\t\t<\/div>\n\t\t\t\t\t<\/div>\n\t\t<\/div>\n\t\t\t\t\t\t\t\t<\/div>\n\t\t\t\t\t<\/div>\n\t\t<\/section>\n\t\t\t\t\t\t\t\t\t<\/div>\n\t\t\t<\/div>\n\t\t\t\t\t<\/div>\n\t\t","protected":false},"excerpt":{"rendered":"<p>Reconstructions, gentrification, affordable housing, mass tourism. The project Pam\u011b\u0165 M\u011bsta (City Memory) maps the modern transformations of five Prague districts. Sm\u00edchov, Hole\u0161ovice, \u017di\u017ekov, Karl\u00edn, Star\u00e9 a Nov\u00e9 m\u011bsto. Five Prague districts and countless stories hidden in their streets.<\/p>\n","protected":false},"author":1,"featured_media":531,"parent":239,"menu_order":-1,"comment_status":"closed","ping_status":"open","template":"elementor_header_footer","meta":[],"_links":{"self":[{"href":"https:\/\/vonsaten.net\/index.php\/wp-json\/wp\/v2\/pages\/530"}],"collection":[{"href":"https:\/\/vonsaten.net\/index.php\/wp-json\/wp\/v2\/pages"}],"about":[{"href":"https:\/\/vonsaten.net\/index.php\/wp-json\/wp\/v2\/types\/page"}],"author":[{"embeddable":true,"href":"https:\/\/vonsaten.net\/index.php\/wp-json\/wp\/v2\/users\/1"}],"replies":[{"embeddable":true,"href":"https:\/\/vonsaten.net\/index.php\/wp-json\/wp\/v2\/comments?post=530"}],"version-history":[{"count":5,"href":"https:\/\/vonsaten.net\/index.php\/wp-json\/wp\/v2\/pages\/530\/revisions"}],"predecessor-version":[{"id":4005,"href":"https:\/\/vonsaten.net\/index.php\/wp-json\/wp\/v2\/pages\/530\/revisions\/4005"}],"up":[{"embeddable":true,"href":"https:\/\/vonsaten.net\/index.php\/wp-json\/wp\/v2\/pages\/239"}],"wp:featuredmedia":[{"embeddable":true,"href":"https:\/\/vonsaten.net\/index.php\/wp-json\/wp\/v2\/media\/531"}],"wp:attachment":[{"href":"https:\/\/vonsaten.net\/index.php\/wp-json\/wp\/v2\/media?parent=530"}],"curies":[{"name":"wp","href":"https:\/\/api.w.org\/{rel}","templated":true}]}}