{"id":5752,"date":"2023-11-12T21:30:00","date_gmt":"2023-11-12T21:30:00","guid":{"rendered":"https:\/\/vonsaten.net\/?page_id=5752"},"modified":"2023-11-12T21:41:33","modified_gmt":"2023-11-12T21:41:33","slug":"imagine-a-breath-of-fresh-air","status":"publish","type":"page","link":"https:\/\/vonsaten.net\/index.php\/von-saten-2\/imagine-a-breath-of-fresh-air\/","title":{"rendered":"Imagine a Breath of Fresh Air"},"content":{"rendered":"\t\t<div data-elementor-type=\"wp-page\" data-elementor-id=\"5752\" class=\"elementor elementor-5752\">\n\t\t\t\t\t\t<div class=\"elementor-inner\">\n\t\t\t\t<div class=\"elementor-section-wrap\">\n\t\t\t\t\t\t\t\t\t<section class=\"elementor-section elementor-top-section elementor-element elementor-element-c8a93b3 elementor-section-full_width elementor-section-height-default elementor-section-height-default\" data-id=\"c8a93b3\" data-element_type=\"section\" data-settings=\"{&quot;background_background&quot;:&quot;classic&quot;}\">\n\t\t\t\t\t\t<div class=\"elementor-container elementor-column-gap-custom\">\n\t\t\t\t\t\t\t<div class=\"elementor-row\">\n\t\t\t\t\t<div class=\"elementor-column elementor-col-50 elementor-top-column elementor-element elementor-element-2840e35\" data-id=\"2840e35\" data-element_type=\"column\">\n\t\t\t<div class=\"elementor-column-wrap elementor-element-populated\">\n\t\t\t\t\t\t\t<div class=\"elementor-widget-wrap\">\n\t\t\t\t\t\t<div class=\"elementor-element elementor-element-2120238 elementor-widget elementor-widget-text-editor\" data-id=\"2120238\" data-element_type=\"widget\" data-widget_type=\"text-editor.default\">\n\t\t\t\t<div class=\"elementor-widget-container\">\n\t\t\t\t\t\t\t\t<div class=\"elementor-text-editor elementor-clearfix\">\n\t\t\t\tImagine a Breath of Fresh Air\t\t\t\t\t<\/div>\n\t\t\t\t\t\t<\/div>\n\t\t\t\t<\/div>\n\t\t\t\t\t\t<\/div>\n\t\t\t\t\t<\/div>\n\t\t<\/div>\n\t\t\t\t<div class=\"elementor-column elementor-col-50 elementor-top-column elementor-element elementor-element-b738357\" data-id=\"b738357\" data-element_type=\"column\">\n\t\t\t<div class=\"elementor-column-wrap elementor-element-populated\">\n\t\t\t\t\t\t\t<div class=\"elementor-widget-wrap\">\n\t\t\t\t\t\t<div class=\"elementor-element elementor-element-b617164 elementor-widget elementor-widget-text-editor\" data-id=\"b617164\" data-element_type=\"widget\" data-widget_type=\"text-editor.default\">\n\t\t\t\t<div class=\"elementor-widget-container\">\n\t\t\t\t\t\t\t\t<div class=\"elementor-text-editor elementor-clearfix\">\n\t\t\t\t<p>Visual style of the exhibition: Imagine a Breath of Fresh Air curated by Jind\u0159ich Chalupeck\u00fd Society. A graphic exchange between two designers (Von Saten vs. Tereza Haspeklov\u00e1) with result of multiple photo collage. One of us represents techno optimism, and the other represents a return to nature and degrowth. It is an imaginary battle between two different approaches to the future of our planet. The creation of the design takes the form of passing the same design to each other. Each of us tries to spoil, replace, deform the other\u2019s previous move so that his theme becomes more dominant with each move.<\/p>\t\t\t\t\t<\/div>\n\t\t\t\t\t\t<\/div>\n\t\t\t\t<\/div>\n\t\t\t\t\t\t<\/div>\n\t\t\t\t\t<\/div>\n\t\t<\/div>\n\t\t\t\t\t\t\t\t<\/div>\n\t\t\t\t\t<\/div>\n\t\t<\/section>\n\t\t\t\t<section class=\"elementor-section elementor-top-section elementor-element elementor-element-4713638 elementor-section-full_width elementor-section-height-default elementor-section-height-default\" data-id=\"4713638\" data-element_type=\"section\" data-settings=\"{&quot;background_background&quot;:&quot;classic&quot;}\">\n\t\t\t\t\t\t<div class=\"elementor-container elementor-column-gap-custom\">\n\t\t\t\t\t\t\t<div class=\"elementor-row\">\n\t\t\t\t\t<div class=\"elementor-column elementor-col-100 elementor-top-column elementor-element elementor-element-8cff41f\" data-id=\"8cff41f\" data-element_type=\"column\">\n\t\t\t<div class=\"elementor-column-wrap elementor-element-populated\">\n\t\t\t\t\t\t\t<div class=\"elementor-widget-wrap\">\n\t\t\t\t\t\t<div class=\"elementor-element elementor-element-9c8a85d elementor-aspect-ratio-169 elementor-widget elementor-widget-video\" data-id=\"9c8a85d\" data-element_type=\"widget\" data-settings=\"{&quot;video_type&quot;:&quot;hosted&quot;,&quot;controls&quot;:&quot;yes&quot;,&quot;aspect_ratio&quot;:&quot;169&quot;}\" data-widget_type=\"video.default\">\n\t\t\t\t<div class=\"elementor-widget-container\">\n\t\t\t\t\t<div class=\"e-hosted-video elementor-wrapper elementor-fit-aspect-ratio elementor-open-inline\">\n\t\t\t\t\t<video class=\"elementor-video\" src=\"http:\/\/vonsaten.net\/wp-content\/uploads\/2023\/11\/FRESH_AIR_Video_1920x1080.mov\" controls=\"\" preload=\"metadata\" controlsList=\"nodownload\"><\/video>\n\t\t\t\t<\/div>\n\t\t\t\t<\/div>\n\t\t\t\t<\/div>\n\t\t\t\t<div class=\"elementor-element elementor-element-6228fac elementor-widget elementor-widget-gallery\" data-id=\"6228fac\" data-element_type=\"widget\" data-settings=\"{&quot;gallery_layout&quot;:&quot;masonry&quot;,&quot;columns&quot;:2,&quot;gap&quot;:{&quot;unit&quot;:&quot;px&quot;,&quot;size&quot;:50,&quot;sizes&quot;:[]},&quot;lazyload&quot;:&quot;yes&quot;,&quot;columns_tablet&quot;:2,&quot;columns_mobile&quot;:1,&quot;gap_tablet&quot;:{&quot;unit&quot;:&quot;px&quot;,&quot;size&quot;:10,&quot;sizes&quot;:[]},&quot;gap_mobile&quot;:{&quot;unit&quot;:&quot;px&quot;,&quot;size&quot;:10,&quot;sizes&quot;:[]},&quot;link_to&quot;:&quot;file&quot;,&quot;overlay_background&quot;:&quot;yes&quot;,&quot;content_hover_animation&quot;:&quot;fade-in&quot;}\" data-widget_type=\"gallery.default\">\n\t\t\t\t<div class=\"elementor-widget-container\">\n\t\t\t\t\t<div class=\"elementor-gallery__container\">\n\t\t\t\t\t\t\t<a class=\"e-gallery-item elementor-gallery-item elementor-animated-content\" href=\"https:\/\/vonsaten.net\/wp-content\/uploads\/2023\/11\/Freshair_Social_Selfpromo.jpg\" data-elementor-open-lightbox=\"yes\" data-elementor-lightbox-slideshow=\"all-6228fac\" data-elementor-lightbox-title=\"Freshair_Social_Selfpromo\" e-action-hash=\"#elementor-action%3Aaction%3Dlightbox%26settings%3DeyJpZCI6NTc1NSwidXJsIjoiaHR0cHM6XC9cL3ZvbnNhdGVuLm5ldFwvd3AtY29udGVudFwvdXBsb2Fkc1wvMjAyM1wvMTFcL0ZyZXNoYWlyX1NvY2lhbF9TZWxmcHJvbW8uanBnIiwic2xpZGVzaG93IjoiYWxsLTYyMjhmYWMifQ%3D%3D\">\n\t\t\t\t\t<div class=\"e-gallery-image elementor-gallery-item__image\" data-thumbnail=\"https:\/\/vonsaten.net\/wp-content\/uploads\/2023\/11\/Freshair_Social_Selfpromo.jpg\" data-width=\"1080\" data-height=\"1350\" alt=\"\" ><\/div>\n\t\t\t\t\t\t\t\t\t\t\t<div class=\"elementor-gallery-item__overlay\"><\/div>\n\t\t\t\t\t\t\t\t\t\t\t\t\t\t<\/a>\n\t\t\t\t\t\t\t<a class=\"e-gallery-item elementor-gallery-item elementor-animated-content\" href=\"https:\/\/vonsaten.net\/wp-content\/uploads\/2023\/11\/Freshair_Social_Selfpromo2.jpg\" data-elementor-open-lightbox=\"yes\" data-elementor-lightbox-slideshow=\"all-6228fac\" data-elementor-lightbox-title=\"Freshair_Social_Selfpromo2\" e-action-hash=\"#elementor-action%3Aaction%3Dlightbox%26settings%3DeyJpZCI6NTc1NiwidXJsIjoiaHR0cHM6XC9cL3ZvbnNhdGVuLm5ldFwvd3AtY29udGVudFwvdXBsb2Fkc1wvMjAyM1wvMTFcL0ZyZXNoYWlyX1NvY2lhbF9TZWxmcHJvbW8yLmpwZyIsInNsaWRlc2hvdyI6ImFsbC02MjI4ZmFjIn0%3D\">\n\t\t\t\t\t<div class=\"e-gallery-image elementor-gallery-item__image\" data-thumbnail=\"https:\/\/vonsaten.net\/wp-content\/uploads\/2023\/11\/Freshair_Social_Selfpromo2.jpg\" data-width=\"1080\" data-height=\"1350\" alt=\"\" ><\/div>\n\t\t\t\t\t\t\t\t\t\t\t<div class=\"elementor-gallery-item__overlay\"><\/div>\n\t\t\t\t\t\t\t\t\t\t\t\t\t\t<\/a>\n\t\t\t\t\t\t\t<a class=\"e-gallery-item elementor-gallery-item elementor-animated-content\" href=\"https:\/\/vonsaten.net\/wp-content\/uploads\/2023\/11\/Freshair_Social_Selfpromo4.jpg\" data-elementor-open-lightbox=\"yes\" data-elementor-lightbox-slideshow=\"all-6228fac\" data-elementor-lightbox-title=\"Freshair_Social_Selfpromo4\" e-action-hash=\"#elementor-action%3Aaction%3Dlightbox%26settings%3DeyJpZCI6NTc1OCwidXJsIjoiaHR0cHM6XC9cL3ZvbnNhdGVuLm5ldFwvd3AtY29udGVudFwvdXBsb2Fkc1wvMjAyM1wvMTFcL0ZyZXNoYWlyX1NvY2lhbF9TZWxmcHJvbW80LmpwZyIsInNsaWRlc2hvdyI6ImFsbC02MjI4ZmFjIn0%3D\">\n\t\t\t\t\t<div class=\"e-gallery-image elementor-gallery-item__image\" data-thumbnail=\"https:\/\/vonsaten.net\/wp-content\/uploads\/2023\/11\/Freshair_Social_Selfpromo4.jpg\" data-width=\"1080\" data-height=\"1350\" alt=\"\" ><\/div>\n\t\t\t\t\t\t\t\t\t\t\t<div class=\"elementor-gallery-item__overlay\"><\/div>\n\t\t\t\t\t\t\t\t\t\t\t\t\t\t<\/a>\n\t\t\t\t\t\t\t<a class=\"e-gallery-item elementor-gallery-item elementor-animated-content\" href=\"https:\/\/vonsaten.net\/wp-content\/uploads\/2023\/11\/Freshair_Social_Selfpromo5.jpg\" data-elementor-open-lightbox=\"yes\" data-elementor-lightbox-slideshow=\"all-6228fac\" data-elementor-lightbox-title=\"Freshair_Social_Selfpromo5\" e-action-hash=\"#elementor-action%3Aaction%3Dlightbox%26settings%3DeyJpZCI6NTc1OSwidXJsIjoiaHR0cHM6XC9cL3ZvbnNhdGVuLm5ldFwvd3AtY29udGVudFwvdXBsb2Fkc1wvMjAyM1wvMTFcL0ZyZXNoYWlyX1NvY2lhbF9TZWxmcHJvbW81LmpwZyIsInNsaWRlc2hvdyI6ImFsbC02MjI4ZmFjIn0%3D\">\n\t\t\t\t\t<div class=\"e-gallery-image elementor-gallery-item__image\" data-thumbnail=\"https:\/\/vonsaten.net\/wp-content\/uploads\/2023\/11\/Freshair_Social_Selfpromo5.jpg\" data-width=\"1080\" data-height=\"1350\" alt=\"\" ><\/div>\n\t\t\t\t\t\t\t\t\t\t\t<div class=\"elementor-gallery-item__overlay\"><\/div>\n\t\t\t\t\t\t\t\t\t\t\t\t\t\t<\/a>\n\t\t\t\t\t\t\t<a class=\"e-gallery-item elementor-gallery-item elementor-animated-content\" href=\"https:\/\/vonsaten.net\/wp-content\/uploads\/2023\/11\/Freshair_Social_Selfpromo6.jpg\" data-elementor-open-lightbox=\"yes\" data-elementor-lightbox-slideshow=\"all-6228fac\" data-elementor-lightbox-title=\"Freshair_Social_Selfpromo6\" e-action-hash=\"#elementor-action%3Aaction%3Dlightbox%26settings%3DeyJpZCI6NTc2MCwidXJsIjoiaHR0cHM6XC9cL3ZvbnNhdGVuLm5ldFwvd3AtY29udGVudFwvdXBsb2Fkc1wvMjAyM1wvMTFcL0ZyZXNoYWlyX1NvY2lhbF9TZWxmcHJvbW82LmpwZyIsInNsaWRlc2hvdyI6ImFsbC02MjI4ZmFjIn0%3D\">\n\t\t\t\t\t<div class=\"e-gallery-image elementor-gallery-item__image\" data-thumbnail=\"https:\/\/vonsaten.net\/wp-content\/uploads\/2023\/11\/Freshair_Social_Selfpromo6.jpg\" data-width=\"1080\" data-height=\"1350\" alt=\"\" ><\/div>\n\t\t\t\t\t\t\t\t\t\t\t<div class=\"elementor-gallery-item__overlay\"><\/div>\n\t\t\t\t\t\t\t\t\t\t\t\t\t\t<\/a>\n\t\t\t\t\t\t\t<a class=\"e-gallery-item elementor-gallery-item elementor-animated-content\" href=\"https:\/\/vonsaten.net\/wp-content\/uploads\/2023\/11\/Freshair_Social_Selfpromo7.jpg\" data-elementor-open-lightbox=\"yes\" data-elementor-lightbox-slideshow=\"all-6228fac\" data-elementor-lightbox-title=\"Freshair_Social_Selfpromo7\" e-action-hash=\"#elementor-action%3Aaction%3Dlightbox%26settings%3DeyJpZCI6NTc2MSwidXJsIjoiaHR0cHM6XC9cL3ZvbnNhdGVuLm5ldFwvd3AtY29udGVudFwvdXBsb2Fkc1wvMjAyM1wvMTFcL0ZyZXNoYWlyX1NvY2lhbF9TZWxmcHJvbW83LmpwZyIsInNsaWRlc2hvdyI6ImFsbC02MjI4ZmFjIn0%3D\">\n\t\t\t\t\t<div class=\"e-gallery-image elementor-gallery-item__image\" data-thumbnail=\"https:\/\/vonsaten.net\/wp-content\/uploads\/2023\/11\/Freshair_Social_Selfpromo7.jpg\" data-width=\"1080\" data-height=\"1350\" alt=\"\" ><\/div>\n\t\t\t\t\t\t\t\t\t\t\t<div class=\"elementor-gallery-item__overlay\"><\/div>\n\t\t\t\t\t\t\t\t\t\t\t\t\t\t<\/a>\n\t\t\t\t\t\t\t<a class=\"e-gallery-item elementor-gallery-item elementor-animated-content\" href=\"https:\/\/vonsaten.net\/wp-content\/uploads\/2023\/11\/Freshair_Social_Selfpromo8.jpg\" data-elementor-open-lightbox=\"yes\" data-elementor-lightbox-slideshow=\"all-6228fac\" data-elementor-lightbox-title=\"Freshair_Social_Selfpromo8\" e-action-hash=\"#elementor-action%3Aaction%3Dlightbox%26settings%3DeyJpZCI6NTc2MiwidXJsIjoiaHR0cHM6XC9cL3ZvbnNhdGVuLm5ldFwvd3AtY29udGVudFwvdXBsb2Fkc1wvMjAyM1wvMTFcL0ZyZXNoYWlyX1NvY2lhbF9TZWxmcHJvbW84LmpwZyIsInNsaWRlc2hvdyI6ImFsbC02MjI4ZmFjIn0%3D\">\n\t\t\t\t\t<div class=\"e-gallery-image elementor-gallery-item__image\" data-thumbnail=\"https:\/\/vonsaten.net\/wp-content\/uploads\/2023\/11\/Freshair_Social_Selfpromo8.jpg\" data-width=\"1080\" data-height=\"1350\" alt=\"\" ><\/div>\n\t\t\t\t\t\t\t\t\t\t\t<div class=\"elementor-gallery-item__overlay\"><\/div>\n\t\t\t\t\t\t\t\t\t\t\t\t\t\t<\/a>\n\t\t\t\t\t\t\t<a class=\"e-gallery-item elementor-gallery-item elementor-animated-content\" href=\"https:\/\/vonsaten.net\/wp-content\/uploads\/2023\/11\/Freshair_Social_Selfpromo9.jpg\" data-elementor-open-lightbox=\"yes\" data-elementor-lightbox-slideshow=\"all-6228fac\" data-elementor-lightbox-title=\"Freshair_Social_Selfpromo9\" e-action-hash=\"#elementor-action%3Aaction%3Dlightbox%26settings%3DeyJpZCI6NTc2MywidXJsIjoiaHR0cHM6XC9cL3ZvbnNhdGVuLm5ldFwvd3AtY29udGVudFwvdXBsb2Fkc1wvMjAyM1wvMTFcL0ZyZXNoYWlyX1NvY2lhbF9TZWxmcHJvbW85LmpwZyIsInNsaWRlc2hvdyI6ImFsbC02MjI4ZmFjIn0%3D\">\n\t\t\t\t\t<div class=\"e-gallery-image elementor-gallery-item__image\" data-thumbnail=\"https:\/\/vonsaten.net\/wp-content\/uploads\/2023\/11\/Freshair_Social_Selfpromo9.jpg\" data-width=\"1080\" data-height=\"1350\" alt=\"\" ><\/div>\n\t\t\t\t\t\t\t\t\t\t\t<div class=\"elementor-gallery-item__overlay\"><\/div>\n\t\t\t\t\t\t\t\t\t\t\t\t\t\t<\/a>\n\t\t\t\t\t<\/div>\n\t\t\t<\/div>\n\t\t\t\t<\/div>\n\t\t\t\t\t\t<\/div>\n\t\t\t\t\t<\/div>\n\t\t<\/div>\n\t\t\t\t\t\t\t\t<\/div>\n\t\t\t\t\t<\/div>\n\t\t<\/section>\n\t\t\t\t\t\t\t\t\t<\/div>\n\t\t\t<\/div>\n\t\t\t\t\t<\/div>\n\t\t","protected":false},"excerpt":{"rendered":"<p>Visual style of the exhibition: Imagine a Breath of Fresh Air curated by Jind\u0159ich Chalupeck\u00fd Society. A graphic exchange between two designers (Von Saten vs. Tereza Haspeklov\u00e1) with result of multiple photo collage. One of us represents techno optimism, and the other represents a return to nature and degrowth. It is an imaginary battle between<a class=\"more-link\" href=\"https:\/\/vonsaten.net\/index.php\/von-saten-2\/imagine-a-breath-of-fresh-air\/\">Continue reading <span class=\"screen-reader-text\">&#8220;Imagine a Breath of Fresh Air&#8221;<\/span><\/a><\/p>\n","protected":false},"author":1,"featured_media":5755,"parent":239,"menu_order":-1,"comment_status":"closed","ping_status":"closed","template":"elementor_header_footer","meta":[],"_links":{"self":[{"href":"https:\/\/vonsaten.net\/index.php\/wp-json\/wp\/v2\/pages\/5752"}],"collection":[{"href":"https:\/\/vonsaten.net\/index.php\/wp-json\/wp\/v2\/pages"}],"about":[{"href":"https:\/\/vonsaten.net\/index.php\/wp-json\/wp\/v2\/types\/page"}],"author":[{"embeddable":true,"href":"https:\/\/vonsaten.net\/index.php\/wp-json\/wp\/v2\/users\/1"}],"replies":[{"embeddable":true,"href":"https:\/\/vonsaten.net\/index.php\/wp-json\/wp\/v2\/comments?post=5752"}],"version-history":[{"count":13,"href":"https:\/\/vonsaten.net\/index.php\/wp-json\/wp\/v2\/pages\/5752\/revisions"}],"predecessor-version":[{"id":5776,"href":"https:\/\/vonsaten.net\/index.php\/wp-json\/wp\/v2\/pages\/5752\/revisions\/5776"}],"up":[{"embeddable":true,"href":"https:\/\/vonsaten.net\/index.php\/wp-json\/wp\/v2\/pages\/239"}],"wp:featuredmedia":[{"embeddable":true,"href":"https:\/\/vonsaten.net\/index.php\/wp-json\/wp\/v2\/media\/5755"}],"wp:attachment":[{"href":"https:\/\/vonsaten.net\/index.php\/wp-json\/wp\/v2\/media?parent=5752"}],"curies":[{"name":"wp","href":"https:\/\/api.w.org\/{rel}","templated":true}]}}