{"id":5839,"date":"2023-11-12T22:08:43","date_gmt":"2023-11-12T22:08:43","guid":{"rendered":"https:\/\/vonsaten.net\/?page_id=5839"},"modified":"2023-11-12T22:33:03","modified_gmt":"2023-11-12T22:33:03","slug":"hrdinove-kapitalisticke-prace-v-evrope","status":"publish","type":"page","link":"https:\/\/vonsaten.net\/index.php\/von-saten-2\/hrdinove-kapitalisticke-prace-v-evrope\/","title":{"rendered":"Hrdinov\u00e9 kapitalistick\u00e9 pr\u00e1ce v Evrop\u011b"},"content":{"rendered":"\t\t<div data-elementor-type=\"wp-page\" data-elementor-id=\"5839\" class=\"elementor elementor-5839\">\n\t\t\t\t\t\t<div class=\"elementor-inner\">\n\t\t\t\t<div class=\"elementor-section-wrap\">\n\t\t\t\t\t\t\t\t\t<section class=\"elementor-section elementor-top-section elementor-element elementor-element-c8a93b3 elementor-section-full_width elementor-section-height-default elementor-section-height-default\" data-id=\"c8a93b3\" data-element_type=\"section\" data-settings=\"{&quot;background_background&quot;:&quot;classic&quot;}\">\n\t\t\t\t\t\t<div class=\"elementor-container elementor-column-gap-custom\">\n\t\t\t\t\t\t\t<div class=\"elementor-row\">\n\t\t\t\t\t<div class=\"elementor-column elementor-col-50 elementor-top-column elementor-element elementor-element-2840e35\" data-id=\"2840e35\" data-element_type=\"column\">\n\t\t\t<div class=\"elementor-column-wrap elementor-element-populated\">\n\t\t\t\t\t\t\t<div class=\"elementor-widget-wrap\">\n\t\t\t\t\t\t<div class=\"elementor-element elementor-element-2120238 elementor-widget elementor-widget-text-editor\" data-id=\"2120238\" data-element_type=\"widget\" data-widget_type=\"text-editor.default\">\n\t\t\t\t<div class=\"elementor-widget-container\">\n\t\t\t\t\t\t\t\t<div class=\"elementor-text-editor elementor-clearfix\">\n\t\t\t\tHrdinov\u00e9 kapitalistick\u00e9 pr\u00e1ce v Evrop\u011b\t\t\t\t\t<\/div>\n\t\t\t\t\t\t<\/div>\n\t\t\t\t<\/div>\n\t\t\t\t\t\t<\/div>\n\t\t\t\t\t<\/div>\n\t\t<\/div>\n\t\t\t\t<div class=\"elementor-column elementor-col-50 elementor-top-column elementor-element elementor-element-b738357\" data-id=\"b738357\" data-element_type=\"column\">\n\t\t\t<div class=\"elementor-column-wrap elementor-element-populated\">\n\t\t\t\t\t\t\t<div class=\"elementor-widget-wrap\">\n\t\t\t\t\t\t<div class=\"elementor-element elementor-element-b617164 elementor-widget elementor-widget-text-editor\" data-id=\"b617164\" data-element_type=\"widget\" data-widget_type=\"text-editor.default\">\n\t\t\t\t<div class=\"elementor-widget-container\">\n\t\t\t\t\t\t\t\t<div class=\"elementor-text-editor elementor-clearfix\">\n\t\t\t\t<p>Design and typesetting of &#8220;Heroes of Capitalist Labour in Europe&#8221;, the second book published by Alarm.<\/p>\t\t\t\t\t<\/div>\n\t\t\t\t\t\t<\/div>\n\t\t\t\t<\/div>\n\t\t\t\t\t\t<\/div>\n\t\t\t\t\t<\/div>\n\t\t<\/div>\n\t\t\t\t\t\t\t\t<\/div>\n\t\t\t\t\t<\/div>\n\t\t<\/section>\n\t\t\t\t<section class=\"elementor-section elementor-top-section elementor-element elementor-element-4713638 elementor-section-full_width elementor-section-height-default elementor-section-height-default\" data-id=\"4713638\" data-element_type=\"section\" data-settings=\"{&quot;background_background&quot;:&quot;classic&quot;}\">\n\t\t\t\t\t\t<div class=\"elementor-container elementor-column-gap-custom\">\n\t\t\t\t\t\t\t<div class=\"elementor-row\">\n\t\t\t\t\t<div class=\"elementor-column elementor-col-100 elementor-top-column elementor-element elementor-element-8cff41f\" data-id=\"8cff41f\" data-element_type=\"column\">\n\t\t\t<div class=\"elementor-column-wrap elementor-element-populated\">\n\t\t\t\t\t\t\t<div class=\"elementor-widget-wrap\">\n\t\t\t\t\t\t<div class=\"elementor-element elementor-element-951e403 elementor-widget elementor-widget-gallery\" data-id=\"951e403\" data-element_type=\"widget\" data-settings=\"{&quot;gallery_layout&quot;:&quot;masonry&quot;,&quot;columns&quot;:1,&quot;gap&quot;:{&quot;unit&quot;:&quot;px&quot;,&quot;size&quot;:50,&quot;sizes&quot;:[]},&quot;lazyload&quot;:&quot;yes&quot;,&quot;columns_tablet&quot;:2,&quot;columns_mobile&quot;:1,&quot;gap_tablet&quot;:{&quot;unit&quot;:&quot;px&quot;,&quot;size&quot;:10,&quot;sizes&quot;:[]},&quot;gap_mobile&quot;:{&quot;unit&quot;:&quot;px&quot;,&quot;size&quot;:10,&quot;sizes&quot;:[]},&quot;link_to&quot;:&quot;file&quot;,&quot;overlay_background&quot;:&quot;yes&quot;,&quot;content_hover_animation&quot;:&quot;fade-in&quot;}\" data-widget_type=\"gallery.default\">\n\t\t\t\t<div class=\"elementor-widget-container\">\n\t\t\t\t\t<div class=\"elementor-gallery__container\">\n\t\t\t\t\t\t\t<a class=\"e-gallery-item elementor-gallery-item elementor-animated-content\" href=\"https:\/\/vonsaten.net\/wp-content\/uploads\/2023\/11\/Hrdinove-1.jpg\" data-elementor-open-lightbox=\"yes\" data-elementor-lightbox-slideshow=\"all-951e403\" data-elementor-lightbox-title=\"Hrdinove\" e-action-hash=\"#elementor-action%3Aaction%3Dlightbox%26settings%3DeyJpZCI6NTg2NSwidXJsIjoiaHR0cHM6XC9cL3ZvbnNhdGVuLm5ldFwvd3AtY29udGVudFwvdXBsb2Fkc1wvMjAyM1wvMTFcL0hyZGlub3ZlLTEuanBnIiwic2xpZGVzaG93IjoiYWxsLTk1MWU0MDMifQ%3D%3D\">\n\t\t\t\t\t<div class=\"e-gallery-image elementor-gallery-item__image\" data-thumbnail=\"https:\/\/vonsaten.net\/wp-content\/uploads\/2023\/11\/Hrdinove-1.jpg\" data-width=\"1800\" data-height=\"1200\" alt=\"\" ><\/div>\n\t\t\t\t\t\t\t\t\t\t\t<div class=\"elementor-gallery-item__overlay\"><\/div>\n\t\t\t\t\t\t\t\t\t\t\t\t\t\t<\/a>\n\t\t\t\t\t<\/div>\n\t\t\t<\/div>\n\t\t\t\t<\/div>\n\t\t\t\t<div class=\"elementor-element elementor-element-6228fac elementor-widget elementor-widget-gallery\" data-id=\"6228fac\" data-element_type=\"widget\" data-settings=\"{&quot;gallery_layout&quot;:&quot;masonry&quot;,&quot;columns&quot;:2,&quot;gap&quot;:{&quot;unit&quot;:&quot;px&quot;,&quot;size&quot;:50,&quot;sizes&quot;:[]},&quot;lazyload&quot;:&quot;yes&quot;,&quot;columns_tablet&quot;:2,&quot;columns_mobile&quot;:1,&quot;gap_tablet&quot;:{&quot;unit&quot;:&quot;px&quot;,&quot;size&quot;:10,&quot;sizes&quot;:[]},&quot;gap_mobile&quot;:{&quot;unit&quot;:&quot;px&quot;,&quot;size&quot;:10,&quot;sizes&quot;:[]},&quot;link_to&quot;:&quot;file&quot;,&quot;overlay_background&quot;:&quot;yes&quot;,&quot;content_hover_animation&quot;:&quot;fade-in&quot;}\" data-widget_type=\"gallery.default\">\n\t\t\t\t<div class=\"elementor-widget-container\">\n\t\t\t\t\t<div class=\"elementor-gallery__container\">\n\t\t\t\t\t\t\t<a class=\"e-gallery-item elementor-gallery-item elementor-animated-content\" href=\"https:\/\/vonsaten.net\/wp-content\/uploads\/2023\/11\/Hrdinove_22.jpg\" data-elementor-open-lightbox=\"yes\" data-elementor-lightbox-slideshow=\"all-6228fac\" data-elementor-lightbox-title=\"Hrdinove_22\" e-action-hash=\"#elementor-action%3Aaction%3Dlightbox%26settings%3DeyJpZCI6NTg2MiwidXJsIjoiaHR0cHM6XC9cL3ZvbnNhdGVuLm5ldFwvd3AtY29udGVudFwvdXBsb2Fkc1wvMjAyM1wvMTFcL0hyZGlub3ZlXzIyLmpwZyIsInNsaWRlc2hvdyI6ImFsbC02MjI4ZmFjIn0%3D\">\n\t\t\t\t\t<div class=\"e-gallery-image elementor-gallery-item__image\" data-thumbnail=\"https:\/\/vonsaten.net\/wp-content\/uploads\/2023\/11\/Hrdinove_22.jpg\" data-width=\"1800\" data-height=\"1200\" alt=\"\" ><\/div>\n\t\t\t\t\t\t\t\t\t\t\t<div class=\"elementor-gallery-item__overlay\"><\/div>\n\t\t\t\t\t\t\t\t\t\t\t\t\t\t<\/a>\n\t\t\t\t\t\t\t<a class=\"e-gallery-item elementor-gallery-item elementor-animated-content\" href=\"https:\/\/vonsaten.net\/wp-content\/uploads\/2023\/11\/Hrdinove_1.jpg\" data-elementor-open-lightbox=\"yes\" data-elementor-lightbox-slideshow=\"all-6228fac\" data-elementor-lightbox-title=\"Hrdinove_1\" e-action-hash=\"#elementor-action%3Aaction%3Dlightbox%26settings%3DeyJpZCI6NTg0MSwidXJsIjoiaHR0cHM6XC9cL3ZvbnNhdGVuLm5ldFwvd3AtY29udGVudFwvdXBsb2Fkc1wvMjAyM1wvMTFcL0hyZGlub3ZlXzEuanBnIiwic2xpZGVzaG93IjoiYWxsLTYyMjhmYWMifQ%3D%3D\">\n\t\t\t\t\t<div class=\"e-gallery-image elementor-gallery-item__image\" data-thumbnail=\"https:\/\/vonsaten.net\/wp-content\/uploads\/2023\/11\/Hrdinove_1.jpg\" data-width=\"1800\" data-height=\"1200\" alt=\"\" ><\/div>\n\t\t\t\t\t\t\t\t\t\t\t<div class=\"elementor-gallery-item__overlay\"><\/div>\n\t\t\t\t\t\t\t\t\t\t\t\t\t\t<\/a>\n\t\t\t\t\t\t\t<a class=\"e-gallery-item elementor-gallery-item elementor-animated-content\" href=\"https:\/\/vonsaten.net\/wp-content\/uploads\/2023\/11\/Hrdinove_2.jpg\" data-elementor-open-lightbox=\"yes\" data-elementor-lightbox-slideshow=\"all-6228fac\" data-elementor-lightbox-title=\"Hrdinove_2\" e-action-hash=\"#elementor-action%3Aaction%3Dlightbox%26settings%3DeyJpZCI6NTg0MiwidXJsIjoiaHR0cHM6XC9cL3ZvbnNhdGVuLm5ldFwvd3AtY29udGVudFwvdXBsb2Fkc1wvMjAyM1wvMTFcL0hyZGlub3ZlXzIuanBnIiwic2xpZGVzaG93IjoiYWxsLTYyMjhmYWMifQ%3D%3D\">\n\t\t\t\t\t<div class=\"e-gallery-image elementor-gallery-item__image\" data-thumbnail=\"https:\/\/vonsaten.net\/wp-content\/uploads\/2023\/11\/Hrdinove_2.jpg\" data-width=\"1800\" data-height=\"1200\" alt=\"\" ><\/div>\n\t\t\t\t\t\t\t\t\t\t\t<div class=\"elementor-gallery-item__overlay\"><\/div>\n\t\t\t\t\t\t\t\t\t\t\t\t\t\t<\/a>\n\t\t\t\t\t\t\t<a class=\"e-gallery-item elementor-gallery-item elementor-animated-content\" href=\"https:\/\/vonsaten.net\/wp-content\/uploads\/2023\/11\/Hrdinove_4.jpg\" data-elementor-open-lightbox=\"yes\" data-elementor-lightbox-slideshow=\"all-6228fac\" data-elementor-lightbox-title=\"Hrdinove_4\" e-action-hash=\"#elementor-action%3Aaction%3Dlightbox%26settings%3DeyJpZCI6NTg0NCwidXJsIjoiaHR0cHM6XC9cL3ZvbnNhdGVuLm5ldFwvd3AtY29udGVudFwvdXBsb2Fkc1wvMjAyM1wvMTFcL0hyZGlub3ZlXzQuanBnIiwic2xpZGVzaG93IjoiYWxsLTYyMjhmYWMifQ%3D%3D\">\n\t\t\t\t\t<div class=\"e-gallery-image elementor-gallery-item__image\" data-thumbnail=\"https:\/\/vonsaten.net\/wp-content\/uploads\/2023\/11\/Hrdinove_4.jpg\" data-width=\"1800\" data-height=\"1200\" alt=\"\" ><\/div>\n\t\t\t\t\t\t\t\t\t\t\t<div class=\"elementor-gallery-item__overlay\"><\/div>\n\t\t\t\t\t\t\t\t\t\t\t\t\t\t<\/a>\n\t\t\t\t\t\t\t<a class=\"e-gallery-item elementor-gallery-item elementor-animated-content\" href=\"https:\/\/vonsaten.net\/wp-content\/uploads\/2023\/11\/Hrdinove_5.jpg\" data-elementor-open-lightbox=\"yes\" data-elementor-lightbox-slideshow=\"all-6228fac\" data-elementor-lightbox-title=\"Hrdinove_5\" e-action-hash=\"#elementor-action%3Aaction%3Dlightbox%26settings%3DeyJpZCI6NTg0NSwidXJsIjoiaHR0cHM6XC9cL3ZvbnNhdGVuLm5ldFwvd3AtY29udGVudFwvdXBsb2Fkc1wvMjAyM1wvMTFcL0hyZGlub3ZlXzUuanBnIiwic2xpZGVzaG93IjoiYWxsLTYyMjhmYWMifQ%3D%3D\">\n\t\t\t\t\t<div class=\"e-gallery-image elementor-gallery-item__image\" data-thumbnail=\"https:\/\/vonsaten.net\/wp-content\/uploads\/2023\/11\/Hrdinove_5.jpg\" data-width=\"1800\" data-height=\"1200\" alt=\"\" ><\/div>\n\t\t\t\t\t\t\t\t\t\t\t<div class=\"elementor-gallery-item__overlay\"><\/div>\n\t\t\t\t\t\t\t\t\t\t\t\t\t\t<\/a>\n\t\t\t\t\t\t\t<a class=\"e-gallery-item elementor-gallery-item elementor-animated-content\" href=\"https:\/\/vonsaten.net\/wp-content\/uploads\/2023\/11\/Hrdinove_6.jpg\" data-elementor-open-lightbox=\"yes\" data-elementor-lightbox-slideshow=\"all-6228fac\" data-elementor-lightbox-title=\"Hrdinove_6\" e-action-hash=\"#elementor-action%3Aaction%3Dlightbox%26settings%3DeyJpZCI6NTg0NiwidXJsIjoiaHR0cHM6XC9cL3ZvbnNhdGVuLm5ldFwvd3AtY29udGVudFwvdXBsb2Fkc1wvMjAyM1wvMTFcL0hyZGlub3ZlXzYuanBnIiwic2xpZGVzaG93IjoiYWxsLTYyMjhmYWMifQ%3D%3D\">\n\t\t\t\t\t<div class=\"e-gallery-image elementor-gallery-item__image\" data-thumbnail=\"https:\/\/vonsaten.net\/wp-content\/uploads\/2023\/11\/Hrdinove_6.jpg\" data-width=\"1800\" data-height=\"1200\" alt=\"\" ><\/div>\n\t\t\t\t\t\t\t\t\t\t\t<div class=\"elementor-gallery-item__overlay\"><\/div>\n\t\t\t\t\t\t\t\t\t\t\t\t\t\t<\/a>\n\t\t\t\t\t\t\t<a class=\"e-gallery-item elementor-gallery-item elementor-animated-content\" href=\"https:\/\/vonsaten.net\/wp-content\/uploads\/2023\/11\/Hrdinove_7.jpg\" data-elementor-open-lightbox=\"yes\" data-elementor-lightbox-slideshow=\"all-6228fac\" data-elementor-lightbox-title=\"Hrdinove_7\" e-action-hash=\"#elementor-action%3Aaction%3Dlightbox%26settings%3DeyJpZCI6NTg0NywidXJsIjoiaHR0cHM6XC9cL3ZvbnNhdGVuLm5ldFwvd3AtY29udGVudFwvdXBsb2Fkc1wvMjAyM1wvMTFcL0hyZGlub3ZlXzcuanBnIiwic2xpZGVzaG93IjoiYWxsLTYyMjhmYWMifQ%3D%3D\">\n\t\t\t\t\t<div class=\"e-gallery-image elementor-gallery-item__image\" data-thumbnail=\"https:\/\/vonsaten.net\/wp-content\/uploads\/2023\/11\/Hrdinove_7.jpg\" data-width=\"1800\" data-height=\"1200\" alt=\"\" ><\/div>\n\t\t\t\t\t\t\t\t\t\t\t<div class=\"elementor-gallery-item__overlay\"><\/div>\n\t\t\t\t\t\t\t\t\t\t\t\t\t\t<\/a>\n\t\t\t\t\t\t\t<a class=\"e-gallery-item elementor-gallery-item elementor-animated-content\" href=\"https:\/\/vonsaten.net\/wp-content\/uploads\/2023\/11\/Hrdinove_8.jpg\" data-elementor-open-lightbox=\"yes\" data-elementor-lightbox-slideshow=\"all-6228fac\" data-elementor-lightbox-title=\"Hrdinove_8\" e-action-hash=\"#elementor-action%3Aaction%3Dlightbox%26settings%3DeyJpZCI6NTg0OCwidXJsIjoiaHR0cHM6XC9cL3ZvbnNhdGVuLm5ldFwvd3AtY29udGVudFwvdXBsb2Fkc1wvMjAyM1wvMTFcL0hyZGlub3ZlXzguanBnIiwic2xpZGVzaG93IjoiYWxsLTYyMjhmYWMifQ%3D%3D\">\n\t\t\t\t\t<div class=\"e-gallery-image elementor-gallery-item__image\" data-thumbnail=\"https:\/\/vonsaten.net\/wp-content\/uploads\/2023\/11\/Hrdinove_8.jpg\" data-width=\"1800\" data-height=\"1200\" alt=\"\" ><\/div>\n\t\t\t\t\t\t\t\t\t\t\t<div class=\"elementor-gallery-item__overlay\"><\/div>\n\t\t\t\t\t\t\t\t\t\t\t\t\t\t<\/a>\n\t\t\t\t\t\t\t<a class=\"e-gallery-item elementor-gallery-item elementor-animated-content\" href=\"https:\/\/vonsaten.net\/wp-content\/uploads\/2023\/11\/Hrdinove_10.jpg\" data-elementor-open-lightbox=\"yes\" data-elementor-lightbox-slideshow=\"all-6228fac\" data-elementor-lightbox-title=\"Hrdinove_10\" e-action-hash=\"#elementor-action%3Aaction%3Dlightbox%26settings%3DeyJpZCI6NTg1MCwidXJsIjoiaHR0cHM6XC9cL3ZvbnNhdGVuLm5ldFwvd3AtY29udGVudFwvdXBsb2Fkc1wvMjAyM1wvMTFcL0hyZGlub3ZlXzEwLmpwZyIsInNsaWRlc2hvdyI6ImFsbC02MjI4ZmFjIn0%3D\">\n\t\t\t\t\t<div class=\"e-gallery-image elementor-gallery-item__image\" data-thumbnail=\"https:\/\/vonsaten.net\/wp-content\/uploads\/2023\/11\/Hrdinove_10.jpg\" data-width=\"1800\" data-height=\"1200\" alt=\"\" ><\/div>\n\t\t\t\t\t\t\t\t\t\t\t<div class=\"elementor-gallery-item__overlay\"><\/div>\n\t\t\t\t\t\t\t\t\t\t\t\t\t\t<\/a>\n\t\t\t\t\t\t\t<a class=\"e-gallery-item elementor-gallery-item elementor-animated-content\" href=\"https:\/\/vonsaten.net\/wp-content\/uploads\/2023\/11\/Hrdinove_11.jpg\" data-elementor-open-lightbox=\"yes\" data-elementor-lightbox-slideshow=\"all-6228fac\" data-elementor-lightbox-title=\"Hrdinove_11\" e-action-hash=\"#elementor-action%3Aaction%3Dlightbox%26settings%3DeyJpZCI6NTg1MSwidXJsIjoiaHR0cHM6XC9cL3ZvbnNhdGVuLm5ldFwvd3AtY29udGVudFwvdXBsb2Fkc1wvMjAyM1wvMTFcL0hyZGlub3ZlXzExLmpwZyIsInNsaWRlc2hvdyI6ImFsbC02MjI4ZmFjIn0%3D\">\n\t\t\t\t\t<div class=\"e-gallery-image elementor-gallery-item__image\" data-thumbnail=\"https:\/\/vonsaten.net\/wp-content\/uploads\/2023\/11\/Hrdinove_11.jpg\" data-width=\"1800\" data-height=\"1200\" alt=\"\" ><\/div>\n\t\t\t\t\t\t\t\t\t\t\t<div class=\"elementor-gallery-item__overlay\"><\/div>\n\t\t\t\t\t\t\t\t\t\t\t\t\t\t<\/a>\n\t\t\t\t\t\t\t<a class=\"e-gallery-item elementor-gallery-item elementor-animated-content\" href=\"https:\/\/vonsaten.net\/wp-content\/uploads\/2023\/11\/Hrdinove_12.jpg\" data-elementor-open-lightbox=\"yes\" data-elementor-lightbox-slideshow=\"all-6228fac\" data-elementor-lightbox-title=\"Hrdinove_12\" e-action-hash=\"#elementor-action%3Aaction%3Dlightbox%26settings%3DeyJpZCI6NTg1MiwidXJsIjoiaHR0cHM6XC9cL3ZvbnNhdGVuLm5ldFwvd3AtY29udGVudFwvdXBsb2Fkc1wvMjAyM1wvMTFcL0hyZGlub3ZlXzEyLmpwZyIsInNsaWRlc2hvdyI6ImFsbC02MjI4ZmFjIn0%3D\">\n\t\t\t\t\t<div class=\"e-gallery-image elementor-gallery-item__image\" data-thumbnail=\"https:\/\/vonsaten.net\/wp-content\/uploads\/2023\/11\/Hrdinove_12.jpg\" data-width=\"1800\" data-height=\"1200\" alt=\"\" ><\/div>\n\t\t\t\t\t\t\t\t\t\t\t<div class=\"elementor-gallery-item__overlay\"><\/div>\n\t\t\t\t\t\t\t\t\t\t\t\t\t\t<\/a>\n\t\t\t\t\t\t\t<a class=\"e-gallery-item elementor-gallery-item elementor-animated-content\" href=\"https:\/\/vonsaten.net\/wp-content\/uploads\/2023\/11\/Hrdinove_13.jpg\" data-elementor-open-lightbox=\"yes\" data-elementor-lightbox-slideshow=\"all-6228fac\" data-elementor-lightbox-title=\"Hrdinove_13\" e-action-hash=\"#elementor-action%3Aaction%3Dlightbox%26settings%3DeyJpZCI6NTg1MywidXJsIjoiaHR0cHM6XC9cL3ZvbnNhdGVuLm5ldFwvd3AtY29udGVudFwvdXBsb2Fkc1wvMjAyM1wvMTFcL0hyZGlub3ZlXzEzLmpwZyIsInNsaWRlc2hvdyI6ImFsbC02MjI4ZmFjIn0%3D\">\n\t\t\t\t\t<div class=\"e-gallery-image elementor-gallery-item__image\" data-thumbnail=\"https:\/\/vonsaten.net\/wp-content\/uploads\/2023\/11\/Hrdinove_13.jpg\" data-width=\"1800\" data-height=\"1200\" alt=\"\" ><\/div>\n\t\t\t\t\t\t\t\t\t\t\t<div class=\"elementor-gallery-item__overlay\"><\/div>\n\t\t\t\t\t\t\t\t\t\t\t\t\t\t<\/a>\n\t\t\t\t\t\t\t<a class=\"e-gallery-item elementor-gallery-item elementor-animated-content\" href=\"https:\/\/vonsaten.net\/wp-content\/uploads\/2023\/11\/Hrdinove_14.jpg\" data-elementor-open-lightbox=\"yes\" data-elementor-lightbox-slideshow=\"all-6228fac\" data-elementor-lightbox-title=\"Hrdinove_14\" e-action-hash=\"#elementor-action%3Aaction%3Dlightbox%26settings%3DeyJpZCI6NTg1NCwidXJsIjoiaHR0cHM6XC9cL3ZvbnNhdGVuLm5ldFwvd3AtY29udGVudFwvdXBsb2Fkc1wvMjAyM1wvMTFcL0hyZGlub3ZlXzE0LmpwZyIsInNsaWRlc2hvdyI6ImFsbC02MjI4ZmFjIn0%3D\">\n\t\t\t\t\t<div class=\"e-gallery-image elementor-gallery-item__image\" data-thumbnail=\"https:\/\/vonsaten.net\/wp-content\/uploads\/2023\/11\/Hrdinove_14.jpg\" data-width=\"1800\" data-height=\"1200\" alt=\"\" ><\/div>\n\t\t\t\t\t\t\t\t\t\t\t<div class=\"elementor-gallery-item__overlay\"><\/div>\n\t\t\t\t\t\t\t\t\t\t\t\t\t\t<\/a>\n\t\t\t\t\t\t\t<a class=\"e-gallery-item elementor-gallery-item elementor-animated-content\" href=\"https:\/\/vonsaten.net\/wp-content\/uploads\/2023\/11\/Hrdinove_15.jpg\" data-elementor-open-lightbox=\"yes\" data-elementor-lightbox-slideshow=\"all-6228fac\" data-elementor-lightbox-title=\"Hrdinove_15\" e-action-hash=\"#elementor-action%3Aaction%3Dlightbox%26settings%3DeyJpZCI6NTg1NSwidXJsIjoiaHR0cHM6XC9cL3ZvbnNhdGVuLm5ldFwvd3AtY29udGVudFwvdXBsb2Fkc1wvMjAyM1wvMTFcL0hyZGlub3ZlXzE1LmpwZyIsInNsaWRlc2hvdyI6ImFsbC02MjI4ZmFjIn0%3D\">\n\t\t\t\t\t<div class=\"e-gallery-image elementor-gallery-item__image\" data-thumbnail=\"https:\/\/vonsaten.net\/wp-content\/uploads\/2023\/11\/Hrdinove_15.jpg\" data-width=\"1800\" data-height=\"1200\" alt=\"\" ><\/div>\n\t\t\t\t\t\t\t\t\t\t\t<div class=\"elementor-gallery-item__overlay\"><\/div>\n\t\t\t\t\t\t\t\t\t\t\t\t\t\t<\/a>\n\t\t\t\t\t\t\t<a class=\"e-gallery-item elementor-gallery-item elementor-animated-content\" href=\"https:\/\/vonsaten.net\/wp-content\/uploads\/2023\/11\/Hrdinove_16.jpg\" data-elementor-open-lightbox=\"yes\" data-elementor-lightbox-slideshow=\"all-6228fac\" data-elementor-lightbox-title=\"Hrdinove_16\" e-action-hash=\"#elementor-action%3Aaction%3Dlightbox%26settings%3DeyJpZCI6NTg1NiwidXJsIjoiaHR0cHM6XC9cL3ZvbnNhdGVuLm5ldFwvd3AtY29udGVudFwvdXBsb2Fkc1wvMjAyM1wvMTFcL0hyZGlub3ZlXzE2LmpwZyIsInNsaWRlc2hvdyI6ImFsbC02MjI4ZmFjIn0%3D\">\n\t\t\t\t\t<div class=\"e-gallery-image elementor-gallery-item__image\" data-thumbnail=\"https:\/\/vonsaten.net\/wp-content\/uploads\/2023\/11\/Hrdinove_16.jpg\" data-width=\"1800\" data-height=\"1200\" alt=\"\" ><\/div>\n\t\t\t\t\t\t\t\t\t\t\t<div class=\"elementor-gallery-item__overlay\"><\/div>\n\t\t\t\t\t\t\t\t\t\t\t\t\t\t<\/a>\n\t\t\t\t\t\t\t<a class=\"e-gallery-item elementor-gallery-item elementor-animated-content\" href=\"https:\/\/vonsaten.net\/wp-content\/uploads\/2023\/11\/Hrdinove_17.jpg\" data-elementor-open-lightbox=\"yes\" data-elementor-lightbox-slideshow=\"all-6228fac\" data-elementor-lightbox-title=\"Hrdinove_17\" e-action-hash=\"#elementor-action%3Aaction%3Dlightbox%26settings%3DeyJpZCI6NTg1NywidXJsIjoiaHR0cHM6XC9cL3ZvbnNhdGVuLm5ldFwvd3AtY29udGVudFwvdXBsb2Fkc1wvMjAyM1wvMTFcL0hyZGlub3ZlXzE3LmpwZyIsInNsaWRlc2hvdyI6ImFsbC02MjI4ZmFjIn0%3D\">\n\t\t\t\t\t<div class=\"e-gallery-image elementor-gallery-item__image\" data-thumbnail=\"https:\/\/vonsaten.net\/wp-content\/uploads\/2023\/11\/Hrdinove_17.jpg\" data-width=\"1800\" data-height=\"1200\" alt=\"\" ><\/div>\n\t\t\t\t\t\t\t\t\t\t\t<div class=\"elementor-gallery-item__overlay\"><\/div>\n\t\t\t\t\t\t\t\t\t\t\t\t\t\t<\/a>\n\t\t\t\t\t\t\t<a class=\"e-gallery-item elementor-gallery-item elementor-animated-content\" href=\"https:\/\/vonsaten.net\/wp-content\/uploads\/2023\/11\/Hrdinove_18.jpg\" data-elementor-open-lightbox=\"yes\" data-elementor-lightbox-slideshow=\"all-6228fac\" data-elementor-lightbox-title=\"Hrdinove_18\" e-action-hash=\"#elementor-action%3Aaction%3Dlightbox%26settings%3DeyJpZCI6NTg1OCwidXJsIjoiaHR0cHM6XC9cL3ZvbnNhdGVuLm5ldFwvd3AtY29udGVudFwvdXBsb2Fkc1wvMjAyM1wvMTFcL0hyZGlub3ZlXzE4LmpwZyIsInNsaWRlc2hvdyI6ImFsbC02MjI4ZmFjIn0%3D\">\n\t\t\t\t\t<div class=\"e-gallery-image elementor-gallery-item__image\" data-thumbnail=\"https:\/\/vonsaten.net\/wp-content\/uploads\/2023\/11\/Hrdinove_18.jpg\" data-width=\"1800\" data-height=\"1200\" alt=\"\" ><\/div>\n\t\t\t\t\t\t\t\t\t\t\t<div class=\"elementor-gallery-item__overlay\"><\/div>\n\t\t\t\t\t\t\t\t\t\t\t\t\t\t<\/a>\n\t\t\t\t\t<\/div>\n\t\t\t<\/div>\n\t\t\t\t<\/div>\n\t\t\t\t\t\t<\/div>\n\t\t\t\t\t<\/div>\n\t\t<\/div>\n\t\t\t\t\t\t\t\t<\/div>\n\t\t\t\t\t<\/div>\n\t\t<\/section>\n\t\t\t\t\t\t\t\t\t<\/div>\n\t\t\t<\/div>\n\t\t\t\t\t<\/div>\n\t\t","protected":false},"excerpt":{"rendered":"<p>Design and typesetting of &#8220;Heroes of Capitalist Labour in Europe&#8221;, the second book published by Alarm.<\/p>\n","protected":false},"author":1,"featured_media":5862,"parent":239,"menu_order":-1,"comment_status":"closed","ping_status":"closed","template":"elementor_header_footer","meta":[],"_links":{"self":[{"href":"https:\/\/vonsaten.net\/index.php\/wp-json\/wp\/v2\/pages\/5839"}],"collection":[{"href":"https:\/\/vonsaten.net\/index.php\/wp-json\/wp\/v2\/pages"}],"about":[{"href":"https:\/\/vonsaten.net\/index.php\/wp-json\/wp\/v2\/types\/page"}],"author":[{"embeddable":true,"href":"https:\/\/vonsaten.net\/index.php\/wp-json\/wp\/v2\/users\/1"}],"replies":[{"embeddable":true,"href":"https:\/\/vonsaten.net\/index.php\/wp-json\/wp\/v2\/comments?post=5839"}],"version-history":[{"count":10,"href":"https:\/\/vonsaten.net\/index.php\/wp-json\/wp\/v2\/pages\/5839\/revisions"}],"predecessor-version":[{"id":5874,"href":"https:\/\/vonsaten.net\/index.php\/wp-json\/wp\/v2\/pages\/5839\/revisions\/5874"}],"up":[{"embeddable":true,"href":"https:\/\/vonsaten.net\/index.php\/wp-json\/wp\/v2\/pages\/239"}],"wp:featuredmedia":[{"embeddable":true,"href":"https:\/\/vonsaten.net\/index.php\/wp-json\/wp\/v2\/media\/5862"}],"wp:attachment":[{"href":"https:\/\/vonsaten.net\/index.php\/wp-json\/wp\/v2\/media?parent=5839"}],"curies":[{"name":"wp","href":"https:\/\/api.w.org\/{rel}","templated":true}]}}