{"id":6207,"date":"2024-09-12T09:40:30","date_gmt":"2024-09-12T09:40:30","guid":{"rendered":"https:\/\/vonsaten.net\/?page_id=6207"},"modified":"2024-09-12T09:44:58","modified_gmt":"2024-09-12T09:44:58","slug":"velka-mama","status":"publish","type":"page","link":"https:\/\/vonsaten.net\/index.php\/von-saten-2\/velka-mama\/","title":{"rendered":"Velk\u00e1 m\u00e1ma"},"content":{"rendered":"\t\t<div data-elementor-type=\"wp-page\" data-elementor-id=\"6207\" class=\"elementor elementor-6207\">\n\t\t\t\t\t\t<div class=\"elementor-inner\">\n\t\t\t\t<div class=\"elementor-section-wrap\">\n\t\t\t\t\t\t\t\t\t<section class=\"elementor-section elementor-top-section elementor-element elementor-element-c8a93b3 elementor-section-full_width elementor-section-height-default elementor-section-height-default\" data-id=\"c8a93b3\" data-element_type=\"section\" data-settings=\"{&quot;background_background&quot;:&quot;classic&quot;}\">\n\t\t\t\t\t\t<div class=\"elementor-container elementor-column-gap-custom\">\n\t\t\t\t\t\t\t<div class=\"elementor-row\">\n\t\t\t\t\t<div class=\"elementor-column elementor-col-50 elementor-top-column elementor-element elementor-element-2840e35\" data-id=\"2840e35\" data-element_type=\"column\">\n\t\t\t<div class=\"elementor-column-wrap elementor-element-populated\">\n\t\t\t\t\t\t\t<div class=\"elementor-widget-wrap\">\n\t\t\t\t\t\t<div class=\"elementor-element elementor-element-2120238 elementor-widget elementor-widget-text-editor\" data-id=\"2120238\" data-element_type=\"widget\" data-widget_type=\"text-editor.default\">\n\t\t\t\t<div class=\"elementor-widget-container\">\n\t\t\t\t\t\t\t\t<div class=\"elementor-text-editor elementor-clearfix\">\n\t\t\t\tVelk\u00e1 m\u00e1ma\t\t\t\t\t<\/div>\n\t\t\t\t\t\t<\/div>\n\t\t\t\t<\/div>\n\t\t\t\t\t\t<\/div>\n\t\t\t\t\t<\/div>\n\t\t<\/div>\n\t\t\t\t<div class=\"elementor-column elementor-col-50 elementor-top-column elementor-element elementor-element-b738357\" data-id=\"b738357\" data-element_type=\"column\">\n\t\t\t<div class=\"elementor-column-wrap elementor-element-populated\">\n\t\t\t\t\t\t\t<div class=\"elementor-widget-wrap\">\n\t\t\t\t\t\t<div class=\"elementor-element elementor-element-b617164 elementor-widget elementor-widget-text-editor\" data-id=\"b617164\" data-element_type=\"widget\" data-widget_type=\"text-editor.default\">\n\t\t\t\t<div class=\"elementor-widget-container\">\n\t\t\t\t\t\t\t\t<div class=\"elementor-text-editor elementor-clearfix\">\n\t\t\t\t<p>Velk\u00e1 M\u00e1ma is a photographic book from the Czech freetechno scene. It is about music, love, dirt, belonging, revolt, joy, freedom. Custom font Srab Condensed in use. Author: Adam Rolex, riso print: Kudlawerkstatt, screen print on cover: Carolina Sidon, binding: Vladim\u00edr Rak. The book won the second prize of the Nejkr\u00e1sn\u011bj\u0161\u00ed \u010desk\u00e1 kniha roku of 2023 in the category of author&#8217;s books and bibliophilia.<\/p>\t\t\t\t\t<\/div>\n\t\t\t\t\t\t<\/div>\n\t\t\t\t<\/div>\n\t\t\t\t\t\t<\/div>\n\t\t\t\t\t<\/div>\n\t\t<\/div>\n\t\t\t\t\t\t\t\t<\/div>\n\t\t\t\t\t<\/div>\n\t\t<\/section>\n\t\t\t\t<section class=\"elementor-section elementor-top-section elementor-element elementor-element-4713638 elementor-section-full_width elementor-section-height-default elementor-section-height-default\" data-id=\"4713638\" data-element_type=\"section\" data-settings=\"{&quot;background_background&quot;:&quot;classic&quot;}\">\n\t\t\t\t\t\t<div class=\"elementor-container elementor-column-gap-custom\">\n\t\t\t\t\t\t\t<div class=\"elementor-row\">\n\t\t\t\t\t<div class=\"elementor-column elementor-col-100 elementor-top-column elementor-element elementor-element-8cff41f\" data-id=\"8cff41f\" data-element_type=\"column\">\n\t\t\t<div class=\"elementor-column-wrap elementor-element-populated\">\n\t\t\t\t\t\t\t<div class=\"elementor-widget-wrap\">\n\t\t\t\t\t\t<div class=\"elementor-element elementor-element-08cd292 elementor-widget elementor-widget-image\" data-id=\"08cd292\" data-element_type=\"widget\" data-widget_type=\"image.default\">\n\t\t\t\t<div class=\"elementor-widget-container\">\n\t\t\t\t\t\t\t\t<div class=\"elementor-image\">\n\t\t\t\t\t\t\t\t\t\t\t\t<img decoding=\"async\" width=\"2500\" height=\"1789\" src=\"https:\/\/vonsaten.net\/wp-content\/uploads\/2024\/09\/IMG_1329.jpg\" class=\"attachment-full size-full wp-image-6211\" alt=\"\" loading=\"lazy\" srcset=\"https:\/\/vonsaten.net\/wp-content\/uploads\/2024\/09\/IMG_1329.jpg 2500w, https:\/\/vonsaten.net\/wp-content\/uploads\/2024\/09\/IMG_1329-1024x733.jpg 1024w, https:\/\/vonsaten.net\/wp-content\/uploads\/2024\/09\/IMG_1329-768x550.jpg 768w, https:\/\/vonsaten.net\/wp-content\/uploads\/2024\/09\/IMG_1329-1536x1099.jpg 1536w, https:\/\/vonsaten.net\/wp-content\/uploads\/2024\/09\/IMG_1329-2048x1466.jpg 2048w, https:\/\/vonsaten.net\/wp-content\/uploads\/2024\/09\/IMG_1329-1568x1122.jpg 1568w\" sizes=\"(max-width: 2500px) 100vw, 2500px\" \/>\t\t\t\t\t\t\t\t\t\t\t\t\t\t<\/div>\n\t\t\t\t\t\t<\/div>\n\t\t\t\t<\/div>\n\t\t\t\t<div class=\"elementor-element elementor-element-6228fac elementor-widget elementor-widget-gallery\" data-id=\"6228fac\" data-element_type=\"widget\" data-settings=\"{&quot;gallery_layout&quot;:&quot;masonry&quot;,&quot;columns&quot;:1,&quot;gap&quot;:{&quot;unit&quot;:&quot;px&quot;,&quot;size&quot;:50,&quot;sizes&quot;:[]},&quot;columns_tablet&quot;:2,&quot;columns_mobile&quot;:1,&quot;gap_tablet&quot;:{&quot;unit&quot;:&quot;px&quot;,&quot;size&quot;:10,&quot;sizes&quot;:[]},&quot;gap_mobile&quot;:{&quot;unit&quot;:&quot;px&quot;,&quot;size&quot;:10,&quot;sizes&quot;:[]},&quot;link_to&quot;:&quot;file&quot;,&quot;content_hover_animation&quot;:&quot;fade-in&quot;}\" data-widget_type=\"gallery.default\">\n\t\t\t\t<div class=\"elementor-widget-container\">\n\t\t\t\t\t<div class=\"elementor-gallery__container\">\n\t\t\t\t\t\t\t<a class=\"e-gallery-item elementor-gallery-item elementor-animated-content\" href=\"https:\/\/vonsaten.net\/wp-content\/uploads\/2024\/09\/IMG_1332.jpg\" data-elementor-open-lightbox=\"yes\" data-elementor-lightbox-slideshow=\"all-6228fac\" data-elementor-lightbox-title=\"IMG_1332\" e-action-hash=\"#elementor-action%3Aaction%3Dlightbox%26settings%3DeyJpZCI6NjIxMiwidXJsIjoiaHR0cHM6XC9cL3ZvbnNhdGVuLm5ldFwvd3AtY29udGVudFwvdXBsb2Fkc1wvMjAyNFwvMDlcL0lNR18xMzMyLmpwZyIsInNsaWRlc2hvdyI6ImFsbC02MjI4ZmFjIn0%3D\">\n\t\t\t\t\t<div class=\"e-gallery-image elementor-gallery-item__image\" data-thumbnail=\"https:\/\/vonsaten.net\/wp-content\/uploads\/2024\/09\/IMG_1332.jpg\" data-width=\"2500\" data-height=\"2089\" alt=\"\" ><\/div>\n\t\t\t\t\t\t\t\t\t\t\t\t\t\t<\/a>\n\t\t\t\t\t\t\t<a class=\"e-gallery-item elementor-gallery-item elementor-animated-content\" href=\"https:\/\/vonsaten.net\/wp-content\/uploads\/2024\/09\/IMG_1326-scaled.jpg\" data-elementor-open-lightbox=\"yes\" data-elementor-lightbox-slideshow=\"all-6228fac\" data-elementor-lightbox-title=\"IMG_1326\" e-action-hash=\"#elementor-action%3Aaction%3Dlightbox%26settings%3DeyJpZCI6NjIwOSwidXJsIjoiaHR0cHM6XC9cL3ZvbnNhdGVuLm5ldFwvd3AtY29udGVudFwvdXBsb2Fkc1wvMjAyNFwvMDlcL0lNR18xMzI2LXNjYWxlZC5qcGciLCJzbGlkZXNob3ciOiJhbGwtNjIyOGZhYyJ9\">\n\t\t\t\t\t<div class=\"e-gallery-image elementor-gallery-item__image\" data-thumbnail=\"https:\/\/vonsaten.net\/wp-content\/uploads\/2024\/09\/IMG_1326-scaled.jpg\" data-width=\"2560\" data-height=\"1707\" alt=\"\" ><\/div>\n\t\t\t\t\t\t\t\t\t\t\t\t\t\t<\/a>\n\t\t\t\t\t\t\t<a class=\"e-gallery-item elementor-gallery-item elementor-animated-content\" href=\"https:\/\/vonsaten.net\/wp-content\/uploads\/2024\/09\/IMG_1333-scaled.jpg\" data-elementor-open-lightbox=\"yes\" data-elementor-lightbox-slideshow=\"all-6228fac\" data-elementor-lightbox-title=\"IMG_1333\" e-action-hash=\"#elementor-action%3Aaction%3Dlightbox%26settings%3DeyJpZCI6NjIxMywidXJsIjoiaHR0cHM6XC9cL3ZvbnNhdGVuLm5ldFwvd3AtY29udGVudFwvdXBsb2Fkc1wvMjAyNFwvMDlcL0lNR18xMzMzLXNjYWxlZC5qcGciLCJzbGlkZXNob3ciOiJhbGwtNjIyOGZhYyJ9\">\n\t\t\t\t\t<div class=\"e-gallery-image elementor-gallery-item__image\" data-thumbnail=\"https:\/\/vonsaten.net\/wp-content\/uploads\/2024\/09\/IMG_1333-scaled.jpg\" data-width=\"2560\" data-height=\"1707\" alt=\"\" ><\/div>\n\t\t\t\t\t\t\t\t\t\t\t\t\t\t<\/a>\n\t\t\t\t\t\t\t<a class=\"e-gallery-item elementor-gallery-item elementor-animated-content\" href=\"https:\/\/vonsaten.net\/wp-content\/uploads\/2024\/09\/IMG_1335-scaled.jpg\" data-elementor-open-lightbox=\"yes\" data-elementor-lightbox-slideshow=\"all-6228fac\" data-elementor-lightbox-title=\"IMG_1335\" e-action-hash=\"#elementor-action%3Aaction%3Dlightbox%26settings%3DeyJpZCI6NjIxNCwidXJsIjoiaHR0cHM6XC9cL3ZvbnNhdGVuLm5ldFwvd3AtY29udGVudFwvdXBsb2Fkc1wvMjAyNFwvMDlcL0lNR18xMzM1LXNjYWxlZC5qcGciLCJzbGlkZXNob3ciOiJhbGwtNjIyOGZhYyJ9\">\n\t\t\t\t\t<div class=\"e-gallery-image elementor-gallery-item__image\" data-thumbnail=\"https:\/\/vonsaten.net\/wp-content\/uploads\/2024\/09\/IMG_1335-scaled.jpg\" data-width=\"2560\" data-height=\"1707\" alt=\"\" ><\/div>\n\t\t\t\t\t\t\t\t\t\t\t\t\t\t<\/a>\n\t\t\t\t\t\t\t<a class=\"e-gallery-item elementor-gallery-item elementor-animated-content\" href=\"https:\/\/vonsaten.net\/wp-content\/uploads\/2024\/09\/IMG_1338-scaled.jpg\" data-elementor-open-lightbox=\"yes\" data-elementor-lightbox-slideshow=\"all-6228fac\" data-elementor-lightbox-title=\"IMG_1338\" e-action-hash=\"#elementor-action%3Aaction%3Dlightbox%26settings%3DeyJpZCI6NjIxNSwidXJsIjoiaHR0cHM6XC9cL3ZvbnNhdGVuLm5ldFwvd3AtY29udGVudFwvdXBsb2Fkc1wvMjAyNFwvMDlcL0lNR18xMzM4LXNjYWxlZC5qcGciLCJzbGlkZXNob3ciOiJhbGwtNjIyOGZhYyJ9\">\n\t\t\t\t\t<div class=\"e-gallery-image elementor-gallery-item__image\" data-thumbnail=\"https:\/\/vonsaten.net\/wp-content\/uploads\/2024\/09\/IMG_1338-scaled.jpg\" data-width=\"2560\" data-height=\"1707\" alt=\"\" ><\/div>\n\t\t\t\t\t\t\t\t\t\t\t\t\t\t<\/a>\n\t\t\t\t\t\t\t<a class=\"e-gallery-item elementor-gallery-item elementor-animated-content\" href=\"https:\/\/vonsaten.net\/wp-content\/uploads\/2024\/09\/IMG_1339-scaled.jpg\" data-elementor-open-lightbox=\"yes\" data-elementor-lightbox-slideshow=\"all-6228fac\" data-elementor-lightbox-title=\"IMG_1339\" e-action-hash=\"#elementor-action%3Aaction%3Dlightbox%26settings%3DeyJpZCI6NjIxNiwidXJsIjoiaHR0cHM6XC9cL3ZvbnNhdGVuLm5ldFwvd3AtY29udGVudFwvdXBsb2Fkc1wvMjAyNFwvMDlcL0lNR18xMzM5LXNjYWxlZC5qcGciLCJzbGlkZXNob3ciOiJhbGwtNjIyOGZhYyJ9\">\n\t\t\t\t\t<div class=\"e-gallery-image elementor-gallery-item__image\" data-thumbnail=\"https:\/\/vonsaten.net\/wp-content\/uploads\/2024\/09\/IMG_1339-scaled.jpg\" data-width=\"2560\" data-height=\"1707\" alt=\"\" ><\/div>\n\t\t\t\t\t\t\t\t\t\t\t\t\t\t<\/a>\n\t\t\t\t\t\t\t<a class=\"e-gallery-item elementor-gallery-item elementor-animated-content\" href=\"https:\/\/vonsaten.net\/wp-content\/uploads\/2024\/09\/IMG_1341-scaled.jpg\" data-elementor-open-lightbox=\"yes\" data-elementor-lightbox-slideshow=\"all-6228fac\" data-elementor-lightbox-title=\"IMG_1341\" e-action-hash=\"#elementor-action%3Aaction%3Dlightbox%26settings%3DeyJpZCI6NjIxNywidXJsIjoiaHR0cHM6XC9cL3ZvbnNhdGVuLm5ldFwvd3AtY29udGVudFwvdXBsb2Fkc1wvMjAyNFwvMDlcL0lNR18xMzQxLXNjYWxlZC5qcGciLCJzbGlkZXNob3ciOiJhbGwtNjIyOGZhYyJ9\">\n\t\t\t\t\t<div class=\"e-gallery-image elementor-gallery-item__image\" data-thumbnail=\"https:\/\/vonsaten.net\/wp-content\/uploads\/2024\/09\/IMG_1341-scaled.jpg\" data-width=\"2560\" data-height=\"1707\" alt=\"\" ><\/div>\n\t\t\t\t\t\t\t\t\t\t\t\t\t\t<\/a>\n\t\t\t\t\t\t\t<a class=\"e-gallery-item elementor-gallery-item elementor-animated-content\" href=\"https:\/\/vonsaten.net\/wp-content\/uploads\/2024\/09\/IMG_1342-scaled.jpg\" data-elementor-open-lightbox=\"yes\" data-elementor-lightbox-slideshow=\"all-6228fac\" data-elementor-lightbox-title=\"IMG_1342\" e-action-hash=\"#elementor-action%3Aaction%3Dlightbox%26settings%3DeyJpZCI6NjIxOCwidXJsIjoiaHR0cHM6XC9cL3ZvbnNhdGVuLm5ldFwvd3AtY29udGVudFwvdXBsb2Fkc1wvMjAyNFwvMDlcL0lNR18xMzQyLXNjYWxlZC5qcGciLCJzbGlkZXNob3ciOiJhbGwtNjIyOGZhYyJ9\">\n\t\t\t\t\t<div class=\"e-gallery-image elementor-gallery-item__image\" data-thumbnail=\"https:\/\/vonsaten.net\/wp-content\/uploads\/2024\/09\/IMG_1342-scaled.jpg\" data-width=\"2560\" data-height=\"1707\" alt=\"\" ><\/div>\n\t\t\t\t\t\t\t\t\t\t\t\t\t\t<\/a>\n\t\t\t\t\t\t\t<a class=\"e-gallery-item elementor-gallery-item elementor-animated-content\" href=\"https:\/\/vonsaten.net\/wp-content\/uploads\/2024\/09\/IMG_1343-scaled.jpg\" data-elementor-open-lightbox=\"yes\" data-elementor-lightbox-slideshow=\"all-6228fac\" data-elementor-lightbox-title=\"IMG_1343\" e-action-hash=\"#elementor-action%3Aaction%3Dlightbox%26settings%3DeyJpZCI6NjIxOSwidXJsIjoiaHR0cHM6XC9cL3ZvbnNhdGVuLm5ldFwvd3AtY29udGVudFwvdXBsb2Fkc1wvMjAyNFwvMDlcL0lNR18xMzQzLXNjYWxlZC5qcGciLCJzbGlkZXNob3ciOiJhbGwtNjIyOGZhYyJ9\">\n\t\t\t\t\t<div class=\"e-gallery-image elementor-gallery-item__image\" data-thumbnail=\"https:\/\/vonsaten.net\/wp-content\/uploads\/2024\/09\/IMG_1343-scaled.jpg\" data-width=\"2560\" data-height=\"1707\" alt=\"\" ><\/div>\n\t\t\t\t\t\t\t\t\t\t\t\t\t\t<\/a>\n\t\t\t\t\t\t\t<a class=\"e-gallery-item elementor-gallery-item elementor-animated-content\" href=\"https:\/\/vonsaten.net\/wp-content\/uploads\/2024\/09\/IMG_1344-scaled.jpg\" data-elementor-open-lightbox=\"yes\" data-elementor-lightbox-slideshow=\"all-6228fac\" data-elementor-lightbox-title=\"IMG_1344\" e-action-hash=\"#elementor-action%3Aaction%3Dlightbox%26settings%3DeyJpZCI6NjIyMCwidXJsIjoiaHR0cHM6XC9cL3ZvbnNhdGVuLm5ldFwvd3AtY29udGVudFwvdXBsb2Fkc1wvMjAyNFwvMDlcL0lNR18xMzQ0LXNjYWxlZC5qcGciLCJzbGlkZXNob3ciOiJhbGwtNjIyOGZhYyJ9\">\n\t\t\t\t\t<div class=\"e-gallery-image elementor-gallery-item__image\" data-thumbnail=\"https:\/\/vonsaten.net\/wp-content\/uploads\/2024\/09\/IMG_1344-scaled.jpg\" data-width=\"2560\" data-height=\"1707\" alt=\"\" ><\/div>\n\t\t\t\t\t\t\t\t\t\t\t\t\t\t<\/a>\n\t\t\t\t\t\t\t<a class=\"e-gallery-item elementor-gallery-item elementor-animated-content\" href=\"https:\/\/vonsaten.net\/wp-content\/uploads\/2024\/09\/IMG_1346-scaled.jpg\" data-elementor-open-lightbox=\"yes\" data-elementor-lightbox-slideshow=\"all-6228fac\" data-elementor-lightbox-title=\"IMG_1346\" e-action-hash=\"#elementor-action%3Aaction%3Dlightbox%26settings%3DeyJpZCI6NjIyMSwidXJsIjoiaHR0cHM6XC9cL3ZvbnNhdGVuLm5ldFwvd3AtY29udGVudFwvdXBsb2Fkc1wvMjAyNFwvMDlcL0lNR18xMzQ2LXNjYWxlZC5qcGciLCJzbGlkZXNob3ciOiJhbGwtNjIyOGZhYyJ9\">\n\t\t\t\t\t<div class=\"e-gallery-image elementor-gallery-item__image\" data-thumbnail=\"https:\/\/vonsaten.net\/wp-content\/uploads\/2024\/09\/IMG_1346-scaled.jpg\" data-width=\"2560\" data-height=\"1719\" alt=\"\" ><\/div>\n\t\t\t\t\t\t\t\t\t\t\t\t\t\t<\/a>\n\t\t\t\t\t\t\t<a class=\"e-gallery-item elementor-gallery-item elementor-animated-content\" href=\"https:\/\/vonsaten.net\/wp-content\/uploads\/2024\/09\/IMG_1347-scaled.jpg\" data-elementor-open-lightbox=\"yes\" data-elementor-lightbox-slideshow=\"all-6228fac\" data-elementor-lightbox-title=\"IMG_1347\" e-action-hash=\"#elementor-action%3Aaction%3Dlightbox%26settings%3DeyJpZCI6NjIyMiwidXJsIjoiaHR0cHM6XC9cL3ZvbnNhdGVuLm5ldFwvd3AtY29udGVudFwvdXBsb2Fkc1wvMjAyNFwvMDlcL0lNR18xMzQ3LXNjYWxlZC5qcGciLCJzbGlkZXNob3ciOiJhbGwtNjIyOGZhYyJ9\">\n\t\t\t\t\t<div class=\"e-gallery-image elementor-gallery-item__image\" data-thumbnail=\"https:\/\/vonsaten.net\/wp-content\/uploads\/2024\/09\/IMG_1347-scaled.jpg\" data-width=\"2560\" data-height=\"1707\" alt=\"\" ><\/div>\n\t\t\t\t\t\t\t\t\t\t\t\t\t\t<\/a>\n\t\t\t\t\t\t\t<a class=\"e-gallery-item elementor-gallery-item elementor-animated-content\" href=\"https:\/\/vonsaten.net\/wp-content\/uploads\/2024\/09\/IMG_1348-scaled.jpg\" data-elementor-open-lightbox=\"yes\" data-elementor-lightbox-slideshow=\"all-6228fac\" data-elementor-lightbox-title=\"IMG_1348\" e-action-hash=\"#elementor-action%3Aaction%3Dlightbox%26settings%3DeyJpZCI6NjIyMywidXJsIjoiaHR0cHM6XC9cL3ZvbnNhdGVuLm5ldFwvd3AtY29udGVudFwvdXBsb2Fkc1wvMjAyNFwvMDlcL0lNR18xMzQ4LXNjYWxlZC5qcGciLCJzbGlkZXNob3ciOiJhbGwtNjIyOGZhYyJ9\">\n\t\t\t\t\t<div class=\"e-gallery-image elementor-gallery-item__image\" data-thumbnail=\"https:\/\/vonsaten.net\/wp-content\/uploads\/2024\/09\/IMG_1348-scaled.jpg\" data-width=\"2560\" data-height=\"1731\" alt=\"\" ><\/div>\n\t\t\t\t\t\t\t\t\t\t\t\t\t\t<\/a>\n\t\t\t\t\t\t\t<a class=\"e-gallery-item elementor-gallery-item elementor-animated-content\" href=\"https:\/\/vonsaten.net\/wp-content\/uploads\/2024\/09\/IMG_1350-scaled.jpg\" data-elementor-open-lightbox=\"yes\" data-elementor-lightbox-slideshow=\"all-6228fac\" data-elementor-lightbox-title=\"IMG_1350\" e-action-hash=\"#elementor-action%3Aaction%3Dlightbox%26settings%3DeyJpZCI6NjIyNCwidXJsIjoiaHR0cHM6XC9cL3ZvbnNhdGVuLm5ldFwvd3AtY29udGVudFwvdXBsb2Fkc1wvMjAyNFwvMDlcL0lNR18xMzUwLXNjYWxlZC5qcGciLCJzbGlkZXNob3ciOiJhbGwtNjIyOGZhYyJ9\">\n\t\t\t\t\t<div class=\"e-gallery-image elementor-gallery-item__image\" data-thumbnail=\"https:\/\/vonsaten.net\/wp-content\/uploads\/2024\/09\/IMG_1350-scaled.jpg\" data-width=\"2560\" data-height=\"1738\" alt=\"\" ><\/div>\n\t\t\t\t\t\t\t\t\t\t\t\t\t\t<\/a>\n\t\t\t\t\t\t\t<a class=\"e-gallery-item elementor-gallery-item elementor-animated-content\" href=\"https:\/\/vonsaten.net\/wp-content\/uploads\/2024\/09\/IMG_1351-scaled.jpg\" data-elementor-open-lightbox=\"yes\" data-elementor-lightbox-slideshow=\"all-6228fac\" data-elementor-lightbox-title=\"IMG_1351\" e-action-hash=\"#elementor-action%3Aaction%3Dlightbox%26settings%3DeyJpZCI6NjIyNSwidXJsIjoiaHR0cHM6XC9cL3ZvbnNhdGVuLm5ldFwvd3AtY29udGVudFwvdXBsb2Fkc1wvMjAyNFwvMDlcL0lNR18xMzUxLXNjYWxlZC5qcGciLCJzbGlkZXNob3ciOiJhbGwtNjIyOGZhYyJ9\">\n\t\t\t\t\t<div class=\"e-gallery-image elementor-gallery-item__image\" data-thumbnail=\"https:\/\/vonsaten.net\/wp-content\/uploads\/2024\/09\/IMG_1351-scaled.jpg\" data-width=\"2560\" data-height=\"1788\" alt=\"\" ><\/div>\n\t\t\t\t\t\t\t\t\t\t\t\t\t\t<\/a>\n\t\t\t\t\t\t\t<a class=\"e-gallery-item elementor-gallery-item elementor-animated-content\" href=\"https:\/\/vonsaten.net\/wp-content\/uploads\/2024\/09\/IMG_1352-scaled.jpg\" data-elementor-open-lightbox=\"yes\" data-elementor-lightbox-slideshow=\"all-6228fac\" data-elementor-lightbox-title=\"IMG_1352\" e-action-hash=\"#elementor-action%3Aaction%3Dlightbox%26settings%3DeyJpZCI6NjIyNiwidXJsIjoiaHR0cHM6XC9cL3ZvbnNhdGVuLm5ldFwvd3AtY29udGVudFwvdXBsb2Fkc1wvMjAyNFwvMDlcL0lNR18xMzUyLXNjYWxlZC5qcGciLCJzbGlkZXNob3ciOiJhbGwtNjIyOGZhYyJ9\">\n\t\t\t\t\t<div class=\"e-gallery-image elementor-gallery-item__image\" data-thumbnail=\"https:\/\/vonsaten.net\/wp-content\/uploads\/2024\/09\/IMG_1352-scaled.jpg\" data-width=\"2560\" data-height=\"1736\" alt=\"\" ><\/div>\n\t\t\t\t\t\t\t\t\t\t\t\t\t\t<\/a>\n\t\t\t\t\t\t\t<a class=\"e-gallery-item elementor-gallery-item elementor-animated-content\" href=\"https:\/\/vonsaten.net\/wp-content\/uploads\/2024\/09\/IMG_1353-scaled.jpg\" data-elementor-open-lightbox=\"yes\" data-elementor-lightbox-slideshow=\"all-6228fac\" data-elementor-lightbox-title=\"IMG_1353\" e-action-hash=\"#elementor-action%3Aaction%3Dlightbox%26settings%3DeyJpZCI6NjIyNywidXJsIjoiaHR0cHM6XC9cL3ZvbnNhdGVuLm5ldFwvd3AtY29udGVudFwvdXBsb2Fkc1wvMjAyNFwvMDlcL0lNR18xMzUzLXNjYWxlZC5qcGciLCJzbGlkZXNob3ciOiJhbGwtNjIyOGZhYyJ9\">\n\t\t\t\t\t<div class=\"e-gallery-image elementor-gallery-item__image\" data-thumbnail=\"https:\/\/vonsaten.net\/wp-content\/uploads\/2024\/09\/IMG_1353-scaled.jpg\" data-width=\"2560\" data-height=\"1747\" alt=\"\" ><\/div>\n\t\t\t\t\t\t\t\t\t\t\t\t\t\t<\/a>\n\t\t\t\t\t\t\t<a class=\"e-gallery-item elementor-gallery-item elementor-animated-content\" href=\"https:\/\/vonsaten.net\/wp-content\/uploads\/2024\/09\/IMG_1354-scaled.jpg\" data-elementor-open-lightbox=\"yes\" data-elementor-lightbox-slideshow=\"all-6228fac\" data-elementor-lightbox-title=\"IMG_1354\" e-action-hash=\"#elementor-action%3Aaction%3Dlightbox%26settings%3DeyJpZCI6NjIyOCwidXJsIjoiaHR0cHM6XC9cL3ZvbnNhdGVuLm5ldFwvd3AtY29udGVudFwvdXBsb2Fkc1wvMjAyNFwvMDlcL0lNR18xMzU0LXNjYWxlZC5qcGciLCJzbGlkZXNob3ciOiJhbGwtNjIyOGZhYyJ9\">\n\t\t\t\t\t<div class=\"e-gallery-image elementor-gallery-item__image\" data-thumbnail=\"https:\/\/vonsaten.net\/wp-content\/uploads\/2024\/09\/IMG_1354-scaled.jpg\" data-width=\"2560\" data-height=\"1721\" alt=\"\" ><\/div>\n\t\t\t\t\t\t\t\t\t\t\t\t\t\t<\/a>\n\t\t\t\t\t\t\t<a class=\"e-gallery-item elementor-gallery-item elementor-animated-content\" href=\"https:\/\/vonsaten.net\/wp-content\/uploads\/2024\/09\/IMG_1355-scaled.jpg\" data-elementor-open-lightbox=\"yes\" data-elementor-lightbox-slideshow=\"all-6228fac\" data-elementor-lightbox-title=\"IMG_1355\" e-action-hash=\"#elementor-action%3Aaction%3Dlightbox%26settings%3DeyJpZCI6NjIyOSwidXJsIjoiaHR0cHM6XC9cL3ZvbnNhdGVuLm5ldFwvd3AtY29udGVudFwvdXBsb2Fkc1wvMjAyNFwvMDlcL0lNR18xMzU1LXNjYWxlZC5qcGciLCJzbGlkZXNob3ciOiJhbGwtNjIyOGZhYyJ9\">\n\t\t\t\t\t<div class=\"e-gallery-image elementor-gallery-item__image\" data-thumbnail=\"https:\/\/vonsaten.net\/wp-content\/uploads\/2024\/09\/IMG_1355-scaled.jpg\" data-width=\"2560\" data-height=\"1707\" alt=\"\" ><\/div>\n\t\t\t\t\t\t\t\t\t\t\t\t\t\t<\/a>\n\t\t\t\t\t\t\t<a class=\"e-gallery-item elementor-gallery-item elementor-animated-content\" href=\"https:\/\/vonsaten.net\/wp-content\/uploads\/2024\/09\/IMG_1356-scaled.jpg\" data-elementor-open-lightbox=\"yes\" data-elementor-lightbox-slideshow=\"all-6228fac\" data-elementor-lightbox-title=\"IMG_1356\" e-action-hash=\"#elementor-action%3Aaction%3Dlightbox%26settings%3DeyJpZCI6NjIzMCwidXJsIjoiaHR0cHM6XC9cL3ZvbnNhdGVuLm5ldFwvd3AtY29udGVudFwvdXBsb2Fkc1wvMjAyNFwvMDlcL0lNR18xMzU2LXNjYWxlZC5qcGciLCJzbGlkZXNob3ciOiJhbGwtNjIyOGZhYyJ9\">\n\t\t\t\t\t<div class=\"e-gallery-image elementor-gallery-item__image\" data-thumbnail=\"https:\/\/vonsaten.net\/wp-content\/uploads\/2024\/09\/IMG_1356-scaled.jpg\" data-width=\"2560\" data-height=\"1752\" alt=\"\" ><\/div>\n\t\t\t\t\t\t\t\t\t\t\t\t\t\t<\/a>\n\t\t\t\t\t\t\t<a class=\"e-gallery-item elementor-gallery-item elementor-animated-content\" href=\"https:\/\/vonsaten.net\/wp-content\/uploads\/2024\/09\/IMG_1357-scaled.jpg\" data-elementor-open-lightbox=\"yes\" data-elementor-lightbox-slideshow=\"all-6228fac\" data-elementor-lightbox-title=\"IMG_1357\" e-action-hash=\"#elementor-action%3Aaction%3Dlightbox%26settings%3DeyJpZCI6NjIzMSwidXJsIjoiaHR0cHM6XC9cL3ZvbnNhdGVuLm5ldFwvd3AtY29udGVudFwvdXBsb2Fkc1wvMjAyNFwvMDlcL0lNR18xMzU3LXNjYWxlZC5qcGciLCJzbGlkZXNob3ciOiJhbGwtNjIyOGZhYyJ9\">\n\t\t\t\t\t<div class=\"e-gallery-image elementor-gallery-item__image\" data-thumbnail=\"https:\/\/vonsaten.net\/wp-content\/uploads\/2024\/09\/IMG_1357-scaled.jpg\" data-width=\"2560\" data-height=\"1786\" alt=\"\" ><\/div>\n\t\t\t\t\t\t\t\t\t\t\t\t\t\t<\/a>\n\t\t\t\t\t\t\t<a class=\"e-gallery-item elementor-gallery-item elementor-animated-content\" href=\"https:\/\/vonsaten.net\/wp-content\/uploads\/2024\/09\/IMG_1358-scaled.jpg\" data-elementor-open-lightbox=\"yes\" data-elementor-lightbox-slideshow=\"all-6228fac\" data-elementor-lightbox-title=\"IMG_1358\" e-action-hash=\"#elementor-action%3Aaction%3Dlightbox%26settings%3DeyJpZCI6NjIzMiwidXJsIjoiaHR0cHM6XC9cL3ZvbnNhdGVuLm5ldFwvd3AtY29udGVudFwvdXBsb2Fkc1wvMjAyNFwvMDlcL0lNR18xMzU4LXNjYWxlZC5qcGciLCJzbGlkZXNob3ciOiJhbGwtNjIyOGZhYyJ9\">\n\t\t\t\t\t<div class=\"e-gallery-image elementor-gallery-item__image\" data-thumbnail=\"https:\/\/vonsaten.net\/wp-content\/uploads\/2024\/09\/IMG_1358-scaled.jpg\" data-width=\"2560\" data-height=\"1746\" alt=\"\" ><\/div>\n\t\t\t\t\t\t\t\t\t\t\t\t\t\t<\/a>\n\t\t\t\t\t\t\t<a class=\"e-gallery-item elementor-gallery-item elementor-animated-content\" href=\"https:\/\/vonsaten.net\/wp-content\/uploads\/2024\/09\/IMG_1327.jpg\" data-elementor-open-lightbox=\"yes\" data-elementor-lightbox-slideshow=\"all-6228fac\" data-elementor-lightbox-title=\"IMG_1327\" e-action-hash=\"#elementor-action%3Aaction%3Dlightbox%26settings%3DeyJpZCI6NjIxMCwidXJsIjoiaHR0cHM6XC9cL3ZvbnNhdGVuLm5ldFwvd3AtY29udGVudFwvdXBsb2Fkc1wvMjAyNFwvMDlcL0lNR18xMzI3LmpwZyIsInNsaWRlc2hvdyI6ImFsbC02MjI4ZmFjIn0%3D\">\n\t\t\t\t\t<div class=\"e-gallery-image elementor-gallery-item__image\" data-thumbnail=\"https:\/\/vonsaten.net\/wp-content\/uploads\/2024\/09\/IMG_1327.jpg\" data-width=\"2000\" data-height=\"1333\" alt=\"\" ><\/div>\n\t\t\t\t\t\t\t\t\t\t\t\t\t\t<\/a>\n\t\t\t\t\t<\/div>\n\t\t\t<\/div>\n\t\t\t\t<\/div>\n\t\t\t\t\t\t<\/div>\n\t\t\t\t\t<\/div>\n\t\t<\/div>\n\t\t\t\t\t\t\t\t<\/div>\n\t\t\t\t\t<\/div>\n\t\t<\/section>\n\t\t\t\t\t\t\t\t\t<\/div>\n\t\t\t<\/div>\n\t\t\t\t\t<\/div>\n\t\t","protected":false},"excerpt":{"rendered":"<p>Velk\u00e1 M\u00e1ma is a photographic book from the Czech freetechno scene. It is about music, love, dirt, belonging, revolt, joy, freedom. Custom font Srab Condensed in use. Author: Adam Rolex, riso print: Kudlawerkstatt, screen print on cover: Carolina Sidon, binding: Vladim\u00edr Rak. The book won the second prize of the Nejkr\u00e1sn\u011bj\u0161\u00ed \u010desk\u00e1 kniha roku of<a class=\"more-link\" href=\"https:\/\/vonsaten.net\/index.php\/von-saten-2\/velka-mama\/\">Continue reading <span class=\"screen-reader-text\">&#8220;Velk\u00e1 m\u00e1ma&#8221;<\/span><\/a><\/p>\n","protected":false},"author":1,"featured_media":6212,"parent":239,"menu_order":-1,"comment_status":"closed","ping_status":"closed","template":"elementor_header_footer","meta":[],"_links":{"self":[{"href":"https:\/\/vonsaten.net\/index.php\/wp-json\/wp\/v2\/pages\/6207"}],"collection":[{"href":"https:\/\/vonsaten.net\/index.php\/wp-json\/wp\/v2\/pages"}],"about":[{"href":"https:\/\/vonsaten.net\/index.php\/wp-json\/wp\/v2\/types\/page"}],"author":[{"embeddable":true,"href":"https:\/\/vonsaten.net\/index.php\/wp-json\/wp\/v2\/users\/1"}],"replies":[{"embeddable":true,"href":"https:\/\/vonsaten.net\/index.php\/wp-json\/wp\/v2\/comments?post=6207"}],"version-history":[{"count":4,"href":"https:\/\/vonsaten.net\/index.php\/wp-json\/wp\/v2\/pages\/6207\/revisions"}],"predecessor-version":[{"id":6237,"href":"https:\/\/vonsaten.net\/index.php\/wp-json\/wp\/v2\/pages\/6207\/revisions\/6237"}],"up":[{"embeddable":true,"href":"https:\/\/vonsaten.net\/index.php\/wp-json\/wp\/v2\/pages\/239"}],"wp:featuredmedia":[{"embeddable":true,"href":"https:\/\/vonsaten.net\/index.php\/wp-json\/wp\/v2\/media\/6212"}],"wp:attachment":[{"href":"https:\/\/vonsaten.net\/index.php\/wp-json\/wp\/v2\/media?parent=6207"}],"curies":[{"name":"wp","href":"https:\/\/api.w.org\/{rel}","templated":true}]}}