{"id":6262,"date":"2023-12-12T11:00:00","date_gmt":"2023-12-12T11:00:00","guid":{"rendered":"https:\/\/vonsaten.net\/?page_id=6262"},"modified":"2024-09-12T15:50:08","modified_gmt":"2024-09-12T15:50:08","slug":"prazska-bytova-krize","status":"publish","type":"page","link":"https:\/\/vonsaten.net\/index.php\/von-saten-2\/prazska-bytova-krize\/","title":{"rendered":"Pra\u017esk\u00e1 bytov\u00e1 krize"},"content":{"rendered":"\t\t<div data-elementor-type=\"wp-page\" data-elementor-id=\"6262\" class=\"elementor elementor-6262\">\n\t\t\t\t\t\t<div class=\"elementor-inner\">\n\t\t\t\t<div class=\"elementor-section-wrap\">\n\t\t\t\t\t\t\t\t\t<section class=\"elementor-section elementor-top-section elementor-element elementor-element-c8a93b3 elementor-section-full_width elementor-section-height-default elementor-section-height-default\" data-id=\"c8a93b3\" data-element_type=\"section\" data-settings=\"{&quot;background_background&quot;:&quot;classic&quot;}\">\n\t\t\t\t\t\t<div class=\"elementor-container elementor-column-gap-custom\">\n\t\t\t\t\t\t\t<div class=\"elementor-row\">\n\t\t\t\t\t<div class=\"elementor-column elementor-col-50 elementor-top-column elementor-element elementor-element-2840e35\" data-id=\"2840e35\" data-element_type=\"column\">\n\t\t\t<div class=\"elementor-column-wrap elementor-element-populated\">\n\t\t\t\t\t\t\t<div class=\"elementor-widget-wrap\">\n\t\t\t\t\t\t<div class=\"elementor-element elementor-element-2120238 elementor-widget elementor-widget-text-editor\" data-id=\"2120238\" data-element_type=\"widget\" data-widget_type=\"text-editor.default\">\n\t\t\t\t<div class=\"elementor-widget-container\">\n\t\t\t\t\t\t\t\t<div class=\"elementor-text-editor elementor-clearfix\">\n\t\t\t\tPra\u017esk\u00e1 bytov\u00e1 krize\t\t\t\t\t<\/div>\n\t\t\t\t\t\t<\/div>\n\t\t\t\t<\/div>\n\t\t\t\t\t\t<\/div>\n\t\t\t\t\t<\/div>\n\t\t<\/div>\n\t\t\t\t<div class=\"elementor-column elementor-col-50 elementor-top-column elementor-element elementor-element-b738357\" data-id=\"b738357\" data-element_type=\"column\">\n\t\t\t<div class=\"elementor-column-wrap elementor-element-populated\">\n\t\t\t\t\t\t\t<div class=\"elementor-widget-wrap\">\n\t\t\t\t\t\t<div class=\"elementor-element elementor-element-b617164 elementor-widget elementor-widget-text-editor\" data-id=\"b617164\" data-element_type=\"widget\" data-widget_type=\"text-editor.default\">\n\t\t\t\t<div class=\"elementor-widget-container\">\n\t\t\t\t\t\t\t\t<div class=\"elementor-text-editor elementor-clearfix\">\n\t\t\t\t<p>Over the past year, Prague has become the city with the most unaffordable housing in Europe. Despite a modest increase in the number of apartments built or innovative new city policies, housing prices have risen by more than 50% over the past five years, while average wages have risen by only 21%. A new comprehensive analysis by Arnika shows that the problem will not be solved by promoting development alone, as is often claimed. More complex public administration interventions and support for other types of construction and housing are needed. More info <a href=\"https:\/\/arnika.org\/prazska-bytova-krize-perspektivy-a-souvislosti\">here<\/a>.<\/p>\t\t\t\t\t<\/div>\n\t\t\t\t\t\t<\/div>\n\t\t\t\t<\/div>\n\t\t\t\t\t\t<\/div>\n\t\t\t\t\t<\/div>\n\t\t<\/div>\n\t\t\t\t\t\t\t\t<\/div>\n\t\t\t\t\t<\/div>\n\t\t<\/section>\n\t\t\t\t<section class=\"elementor-section elementor-top-section elementor-element elementor-element-4713638 elementor-section-full_width elementor-section-height-default elementor-section-height-default\" data-id=\"4713638\" data-element_type=\"section\" data-settings=\"{&quot;background_background&quot;:&quot;classic&quot;}\">\n\t\t\t\t\t\t<div class=\"elementor-container elementor-column-gap-custom\">\n\t\t\t\t\t\t\t<div class=\"elementor-row\">\n\t\t\t\t\t<div class=\"elementor-column elementor-col-100 elementor-top-column elementor-element elementor-element-8cff41f\" data-id=\"8cff41f\" data-element_type=\"column\">\n\t\t\t<div class=\"elementor-column-wrap elementor-element-populated\">\n\t\t\t\t\t\t\t<div class=\"elementor-widget-wrap\">\n\t\t\t\t\t\t<div class=\"elementor-element elementor-element-08cd292 elementor-widget elementor-widget-image\" data-id=\"08cd292\" data-element_type=\"widget\" data-widget_type=\"image.default\">\n\t\t\t\t<div class=\"elementor-widget-container\">\n\t\t\t\t\t\t\t\t<div class=\"elementor-image\">\n\t\t\t\t\t\t\t\t\t\t\t\t<img decoding=\"async\" width=\"2500\" height=\"2029\" src=\"https:\/\/vonsaten.net\/wp-content\/uploads\/2024\/09\/IMG_1453.jpg\" class=\"attachment-full size-full wp-image-6263\" alt=\"\" loading=\"lazy\" srcset=\"https:\/\/vonsaten.net\/wp-content\/uploads\/2024\/09\/IMG_1453.jpg 2500w, https:\/\/vonsaten.net\/wp-content\/uploads\/2024\/09\/IMG_1453-1024x831.jpg 1024w, https:\/\/vonsaten.net\/wp-content\/uploads\/2024\/09\/IMG_1453-768x623.jpg 768w, https:\/\/vonsaten.net\/wp-content\/uploads\/2024\/09\/IMG_1453-1536x1247.jpg 1536w, https:\/\/vonsaten.net\/wp-content\/uploads\/2024\/09\/IMG_1453-2048x1662.jpg 2048w, https:\/\/vonsaten.net\/wp-content\/uploads\/2024\/09\/IMG_1453-1568x1273.jpg 1568w\" sizes=\"(max-width: 2500px) 100vw, 2500px\" \/>\t\t\t\t\t\t\t\t\t\t\t\t\t\t<\/div>\n\t\t\t\t\t\t<\/div>\n\t\t\t\t<\/div>\n\t\t\t\t<div class=\"elementor-element elementor-element-6228fac elementor-widget elementor-widget-gallery\" data-id=\"6228fac\" data-element_type=\"widget\" data-settings=\"{&quot;gallery_layout&quot;:&quot;masonry&quot;,&quot;columns&quot;:1,&quot;gap&quot;:{&quot;unit&quot;:&quot;px&quot;,&quot;size&quot;:50,&quot;sizes&quot;:[]},&quot;columns_tablet&quot;:2,&quot;columns_mobile&quot;:1,&quot;gap_tablet&quot;:{&quot;unit&quot;:&quot;px&quot;,&quot;size&quot;:10,&quot;sizes&quot;:[]},&quot;gap_mobile&quot;:{&quot;unit&quot;:&quot;px&quot;,&quot;size&quot;:10,&quot;sizes&quot;:[]},&quot;link_to&quot;:&quot;file&quot;,&quot;content_hover_animation&quot;:&quot;fade-in&quot;}\" data-widget_type=\"gallery.default\">\n\t\t\t\t<div class=\"elementor-widget-container\">\n\t\t\t\t\t<div class=\"elementor-gallery__container\">\n\t\t\t\t\t\t\t<a class=\"e-gallery-item elementor-gallery-item elementor-animated-content\" href=\"https:\/\/vonsaten.net\/wp-content\/uploads\/2024\/09\/IMG_1488.jpg\" data-elementor-open-lightbox=\"yes\" data-elementor-lightbox-slideshow=\"all-6228fac\" data-elementor-lightbox-title=\"IMG_1488\" e-action-hash=\"#elementor-action%3Aaction%3Dlightbox%26settings%3DeyJpZCI6NjI3NywidXJsIjoiaHR0cHM6XC9cL3ZvbnNhdGVuLm5ldFwvd3AtY29udGVudFwvdXBsb2Fkc1wvMjAyNFwvMDlcL0lNR18xNDg4LmpwZyIsInNsaWRlc2hvdyI6ImFsbC02MjI4ZmFjIn0%3D\">\n\t\t\t\t\t<div class=\"e-gallery-image elementor-gallery-item__image\" data-thumbnail=\"https:\/\/vonsaten.net\/wp-content\/uploads\/2024\/09\/IMG_1488.jpg\" data-width=\"2000\" data-height=\"1333\" alt=\"\" ><\/div>\n\t\t\t\t\t\t\t\t\t\t\t\t\t\t<\/a>\n\t\t\t\t\t\t\t<a class=\"e-gallery-item elementor-gallery-item elementor-animated-content\" href=\"https:\/\/vonsaten.net\/wp-content\/uploads\/2024\/09\/IMG_1484-scaled.jpg\" data-elementor-open-lightbox=\"yes\" data-elementor-lightbox-slideshow=\"all-6228fac\" data-elementor-lightbox-title=\"IMG_1484\" e-action-hash=\"#elementor-action%3Aaction%3Dlightbox%26settings%3DeyJpZCI6NjI3NiwidXJsIjoiaHR0cHM6XC9cL3ZvbnNhdGVuLm5ldFwvd3AtY29udGVudFwvdXBsb2Fkc1wvMjAyNFwvMDlcL0lNR18xNDg0LXNjYWxlZC5qcGciLCJzbGlkZXNob3ciOiJhbGwtNjIyOGZhYyJ9\">\n\t\t\t\t\t<div class=\"e-gallery-image elementor-gallery-item__image\" data-thumbnail=\"https:\/\/vonsaten.net\/wp-content\/uploads\/2024\/09\/IMG_1484-scaled.jpg\" data-width=\"2560\" data-height=\"1707\" alt=\"\" ><\/div>\n\t\t\t\t\t\t\t\t\t\t\t\t\t\t<\/a>\n\t\t\t\t\t\t\t<a class=\"e-gallery-item elementor-gallery-item elementor-animated-content\" href=\"https:\/\/vonsaten.net\/wp-content\/uploads\/2024\/09\/IMG_1467.jpg\" data-elementor-open-lightbox=\"yes\" data-elementor-lightbox-slideshow=\"all-6228fac\" data-elementor-lightbox-title=\"IMG_1467\" e-action-hash=\"#elementor-action%3Aaction%3Dlightbox%26settings%3DeyJpZCI6NjI2NywidXJsIjoiaHR0cHM6XC9cL3ZvbnNhdGVuLm5ldFwvd3AtY29udGVudFwvdXBsb2Fkc1wvMjAyNFwvMDlcL0lNR18xNDY3LmpwZyIsInNsaWRlc2hvdyI6ImFsbC02MjI4ZmFjIn0%3D\">\n\t\t\t\t\t<div class=\"e-gallery-image elementor-gallery-item__image\" data-thumbnail=\"https:\/\/vonsaten.net\/wp-content\/uploads\/2024\/09\/IMG_1467.jpg\" data-width=\"2000\" data-height=\"1333\" alt=\"\" ><\/div>\n\t\t\t\t\t\t\t\t\t\t\t\t\t\t<\/a>\n\t\t\t\t\t\t\t<a class=\"e-gallery-item elementor-gallery-item elementor-animated-content\" href=\"https:\/\/vonsaten.net\/wp-content\/uploads\/2024\/09\/IMG_1469.jpg\" data-elementor-open-lightbox=\"yes\" data-elementor-lightbox-slideshow=\"all-6228fac\" data-elementor-lightbox-title=\"IMG_1469\" e-action-hash=\"#elementor-action%3Aaction%3Dlightbox%26settings%3DeyJpZCI6NjI2OCwidXJsIjoiaHR0cHM6XC9cL3ZvbnNhdGVuLm5ldFwvd3AtY29udGVudFwvdXBsb2Fkc1wvMjAyNFwvMDlcL0lNR18xNDY5LmpwZyIsInNsaWRlc2hvdyI6ImFsbC02MjI4ZmFjIn0%3D\">\n\t\t\t\t\t<div class=\"e-gallery-image elementor-gallery-item__image\" data-thumbnail=\"https:\/\/vonsaten.net\/wp-content\/uploads\/2024\/09\/IMG_1469.jpg\" data-width=\"2000\" data-height=\"1333\" alt=\"\" ><\/div>\n\t\t\t\t\t\t\t\t\t\t\t\t\t\t<\/a>\n\t\t\t\t\t\t\t<a class=\"e-gallery-item elementor-gallery-item elementor-animated-content\" href=\"https:\/\/vonsaten.net\/wp-content\/uploads\/2024\/09\/IMG_1471.jpg\" data-elementor-open-lightbox=\"yes\" data-elementor-lightbox-slideshow=\"all-6228fac\" data-elementor-lightbox-title=\"IMG_1471\" e-action-hash=\"#elementor-action%3Aaction%3Dlightbox%26settings%3DeyJpZCI6NjI2OSwidXJsIjoiaHR0cHM6XC9cL3ZvbnNhdGVuLm5ldFwvd3AtY29udGVudFwvdXBsb2Fkc1wvMjAyNFwvMDlcL0lNR18xNDcxLmpwZyIsInNsaWRlc2hvdyI6ImFsbC02MjI4ZmFjIn0%3D\">\n\t\t\t\t\t<div class=\"e-gallery-image elementor-gallery-item__image\" data-thumbnail=\"https:\/\/vonsaten.net\/wp-content\/uploads\/2024\/09\/IMG_1471.jpg\" data-width=\"2000\" data-height=\"1333\" alt=\"\" ><\/div>\n\t\t\t\t\t\t\t\t\t\t\t\t\t\t<\/a>\n\t\t\t\t\t\t\t<a class=\"e-gallery-item elementor-gallery-item elementor-animated-content\" href=\"https:\/\/vonsaten.net\/wp-content\/uploads\/2024\/09\/IMG_1474.jpg\" data-elementor-open-lightbox=\"yes\" data-elementor-lightbox-slideshow=\"all-6228fac\" data-elementor-lightbox-title=\"IMG_1474\" e-action-hash=\"#elementor-action%3Aaction%3Dlightbox%26settings%3DeyJpZCI6NjI3MCwidXJsIjoiaHR0cHM6XC9cL3ZvbnNhdGVuLm5ldFwvd3AtY29udGVudFwvdXBsb2Fkc1wvMjAyNFwvMDlcL0lNR18xNDc0LmpwZyIsInNsaWRlc2hvdyI6ImFsbC02MjI4ZmFjIn0%3D\">\n\t\t\t\t\t<div class=\"e-gallery-image elementor-gallery-item__image\" data-thumbnail=\"https:\/\/vonsaten.net\/wp-content\/uploads\/2024\/09\/IMG_1474.jpg\" data-width=\"2000\" data-height=\"1333\" alt=\"\" ><\/div>\n\t\t\t\t\t\t\t\t\t\t\t\t\t\t<\/a>\n\t\t\t\t\t\t\t<a class=\"e-gallery-item elementor-gallery-item elementor-animated-content\" href=\"https:\/\/vonsaten.net\/wp-content\/uploads\/2024\/09\/IMG_1460.jpg\" data-elementor-open-lightbox=\"yes\" data-elementor-lightbox-slideshow=\"all-6228fac\" data-elementor-lightbox-title=\"IMG_1460\" e-action-hash=\"#elementor-action%3Aaction%3Dlightbox%26settings%3DeyJpZCI6NjI2NCwidXJsIjoiaHR0cHM6XC9cL3ZvbnNhdGVuLm5ldFwvd3AtY29udGVudFwvdXBsb2Fkc1wvMjAyNFwvMDlcL0lNR18xNDYwLmpwZyIsInNsaWRlc2hvdyI6ImFsbC02MjI4ZmFjIn0%3D\">\n\t\t\t\t\t<div class=\"e-gallery-image elementor-gallery-item__image\" data-thumbnail=\"https:\/\/vonsaten.net\/wp-content\/uploads\/2024\/09\/IMG_1460.jpg\" data-width=\"2000\" data-height=\"1333\" alt=\"\" ><\/div>\n\t\t\t\t\t\t\t\t\t\t\t\t\t\t<\/a>\n\t\t\t\t\t\t\t<a class=\"e-gallery-item elementor-gallery-item elementor-animated-content\" href=\"https:\/\/vonsaten.net\/wp-content\/uploads\/2024\/09\/IMG_1480.jpg\" data-elementor-open-lightbox=\"yes\" data-elementor-lightbox-slideshow=\"all-6228fac\" data-elementor-lightbox-title=\"IMG_1480\" e-action-hash=\"#elementor-action%3Aaction%3Dlightbox%26settings%3DeyJpZCI6NjI3MywidXJsIjoiaHR0cHM6XC9cL3ZvbnNhdGVuLm5ldFwvd3AtY29udGVudFwvdXBsb2Fkc1wvMjAyNFwvMDlcL0lNR18xNDgwLmpwZyIsInNsaWRlc2hvdyI6ImFsbC02MjI4ZmFjIn0%3D\">\n\t\t\t\t\t<div class=\"e-gallery-image elementor-gallery-item__image\" data-thumbnail=\"https:\/\/vonsaten.net\/wp-content\/uploads\/2024\/09\/IMG_1480.jpg\" data-width=\"2000\" data-height=\"1333\" alt=\"\" ><\/div>\n\t\t\t\t\t\t\t\t\t\t\t\t\t\t<\/a>\n\t\t\t\t\t\t\t<a class=\"e-gallery-item elementor-gallery-item elementor-animated-content\" href=\"https:\/\/vonsaten.net\/wp-content\/uploads\/2024\/09\/IMG_1481.jpg\" data-elementor-open-lightbox=\"yes\" data-elementor-lightbox-slideshow=\"all-6228fac\" data-elementor-lightbox-title=\"IMG_1481\" e-action-hash=\"#elementor-action%3Aaction%3Dlightbox%26settings%3DeyJpZCI6NjI3NCwidXJsIjoiaHR0cHM6XC9cL3ZvbnNhdGVuLm5ldFwvd3AtY29udGVudFwvdXBsb2Fkc1wvMjAyNFwvMDlcL0lNR18xNDgxLmpwZyIsInNsaWRlc2hvdyI6ImFsbC02MjI4ZmFjIn0%3D\">\n\t\t\t\t\t<div class=\"e-gallery-image elementor-gallery-item__image\" data-thumbnail=\"https:\/\/vonsaten.net\/wp-content\/uploads\/2024\/09\/IMG_1481.jpg\" data-width=\"2000\" data-height=\"1333\" alt=\"\" ><\/div>\n\t\t\t\t\t\t\t\t\t\t\t\t\t\t<\/a>\n\t\t\t\t\t\t\t<a class=\"e-gallery-item elementor-gallery-item elementor-animated-content\" href=\"https:\/\/vonsaten.net\/wp-content\/uploads\/2024\/09\/IMG_1478-scaled.jpg\" data-elementor-open-lightbox=\"yes\" data-elementor-lightbox-slideshow=\"all-6228fac\" data-elementor-lightbox-title=\"IMG_1478\" e-action-hash=\"#elementor-action%3Aaction%3Dlightbox%26settings%3DeyJpZCI6NjI3MiwidXJsIjoiaHR0cHM6XC9cL3ZvbnNhdGVuLm5ldFwvd3AtY29udGVudFwvdXBsb2Fkc1wvMjAyNFwvMDlcL0lNR18xNDc4LXNjYWxlZC5qcGciLCJzbGlkZXNob3ciOiJhbGwtNjIyOGZhYyJ9\">\n\t\t\t\t\t<div class=\"e-gallery-image elementor-gallery-item__image\" data-thumbnail=\"https:\/\/vonsaten.net\/wp-content\/uploads\/2024\/09\/IMG_1478-scaled.jpg\" data-width=\"2560\" data-height=\"1707\" alt=\"\" ><\/div>\n\t\t\t\t\t\t\t\t\t\t\t\t\t\t<\/a>\n\t\t\t\t\t\t\t<a class=\"e-gallery-item elementor-gallery-item elementor-animated-content\" href=\"https:\/\/vonsaten.net\/wp-content\/uploads\/2024\/09\/IMG_1482.jpg\" data-elementor-open-lightbox=\"yes\" data-elementor-lightbox-slideshow=\"all-6228fac\" data-elementor-lightbox-title=\"IMG_1482\" e-action-hash=\"#elementor-action%3Aaction%3Dlightbox%26settings%3DeyJpZCI6NjI3NSwidXJsIjoiaHR0cHM6XC9cL3ZvbnNhdGVuLm5ldFwvd3AtY29udGVudFwvdXBsb2Fkc1wvMjAyNFwvMDlcL0lNR18xNDgyLmpwZyIsInNsaWRlc2hvdyI6ImFsbC02MjI4ZmFjIn0%3D\">\n\t\t\t\t\t<div class=\"e-gallery-image elementor-gallery-item__image\" data-thumbnail=\"https:\/\/vonsaten.net\/wp-content\/uploads\/2024\/09\/IMG_1482.jpg\" data-width=\"2000\" data-height=\"1333\" alt=\"\" ><\/div>\n\t\t\t\t\t\t\t\t\t\t\t\t\t\t<\/a>\n\t\t\t\t\t\t\t<a class=\"e-gallery-item elementor-gallery-item elementor-animated-content\" href=\"https:\/\/vonsaten.net\/wp-content\/uploads\/2024\/09\/IMG_1475-scaled.jpg\" data-elementor-open-lightbox=\"yes\" data-elementor-lightbox-slideshow=\"all-6228fac\" data-elementor-lightbox-title=\"IMG_1475\" e-action-hash=\"#elementor-action%3Aaction%3Dlightbox%26settings%3DeyJpZCI6NjI3MSwidXJsIjoiaHR0cHM6XC9cL3ZvbnNhdGVuLm5ldFwvd3AtY29udGVudFwvdXBsb2Fkc1wvMjAyNFwvMDlcL0lNR18xNDc1LXNjYWxlZC5qcGciLCJzbGlkZXNob3ciOiJhbGwtNjIyOGZhYyJ9\">\n\t\t\t\t\t<div class=\"e-gallery-image elementor-gallery-item__image\" data-thumbnail=\"https:\/\/vonsaten.net\/wp-content\/uploads\/2024\/09\/IMG_1475-scaled.jpg\" data-width=\"2560\" data-height=\"1707\" alt=\"\" ><\/div>\n\t\t\t\t\t\t\t\t\t\t\t\t\t\t<\/a>\n\t\t\t\t\t\t\t<a class=\"e-gallery-item elementor-gallery-item elementor-animated-content\" href=\"https:\/\/vonsaten.net\/wp-content\/uploads\/2024\/09\/IMG_1463-scaled.jpg\" data-elementor-open-lightbox=\"yes\" data-elementor-lightbox-slideshow=\"all-6228fac\" data-elementor-lightbox-title=\"IMG_1463\" e-action-hash=\"#elementor-action%3Aaction%3Dlightbox%26settings%3DeyJpZCI6NjI2NSwidXJsIjoiaHR0cHM6XC9cL3ZvbnNhdGVuLm5ldFwvd3AtY29udGVudFwvdXBsb2Fkc1wvMjAyNFwvMDlcL0lNR18xNDYzLXNjYWxlZC5qcGciLCJzbGlkZXNob3ciOiJhbGwtNjIyOGZhYyJ9\">\n\t\t\t\t\t<div class=\"e-gallery-image elementor-gallery-item__image\" data-thumbnail=\"https:\/\/vonsaten.net\/wp-content\/uploads\/2024\/09\/IMG_1463-scaled.jpg\" data-width=\"2560\" data-height=\"1707\" alt=\"\" ><\/div>\n\t\t\t\t\t\t\t\t\t\t\t\t\t\t<\/a>\n\t\t\t\t\t\t\t<a class=\"e-gallery-item elementor-gallery-item elementor-animated-content\" href=\"https:\/\/vonsaten.net\/wp-content\/uploads\/2024\/09\/IMG_1466.jpg\" data-elementor-open-lightbox=\"yes\" data-elementor-lightbox-slideshow=\"all-6228fac\" data-elementor-lightbox-title=\"IMG_1466\" e-action-hash=\"#elementor-action%3Aaction%3Dlightbox%26settings%3DeyJpZCI6NjI2NiwidXJsIjoiaHR0cHM6XC9cL3ZvbnNhdGVuLm5ldFwvd3AtY29udGVudFwvdXBsb2Fkc1wvMjAyNFwvMDlcL0lNR18xNDY2LmpwZyIsInNsaWRlc2hvdyI6ImFsbC02MjI4ZmFjIn0%3D\">\n\t\t\t\t\t<div class=\"e-gallery-image elementor-gallery-item__image\" data-thumbnail=\"https:\/\/vonsaten.net\/wp-content\/uploads\/2024\/09\/IMG_1466.jpg\" data-width=\"2000\" data-height=\"1333\" alt=\"\" ><\/div>\n\t\t\t\t\t\t\t\t\t\t\t\t\t\t<\/a>\n\t\t\t\t\t<\/div>\n\t\t\t<\/div>\n\t\t\t\t<\/div>\n\t\t\t\t\t\t<\/div>\n\t\t\t\t\t<\/div>\n\t\t<\/div>\n\t\t\t\t\t\t\t\t<\/div>\n\t\t\t\t\t<\/div>\n\t\t<\/section>\n\t\t\t\t\t\t\t\t\t<\/div>\n\t\t\t<\/div>\n\t\t\t\t\t<\/div>\n\t\t","protected":false},"excerpt":{"rendered":"<p>Over the past year, Prague has become the city with the most unaffordable housing in Europe. Despite a modest increase in the number of apartments built or innovative new city policies, housing prices have risen by more than 50% over the past five years, while average wages have risen by only 21%. A new comprehensive<a class=\"more-link\" href=\"https:\/\/vonsaten.net\/index.php\/von-saten-2\/prazska-bytova-krize\/\">Continue reading <span class=\"screen-reader-text\">&#8220;Pra\u017esk\u00e1 bytov\u00e1 krize&#8221;<\/span><\/a><\/p>\n","protected":false},"author":1,"featured_media":6276,"parent":239,"menu_order":-1,"comment_status":"closed","ping_status":"closed","template":"elementor_header_footer","meta":[],"_links":{"self":[{"href":"https:\/\/vonsaten.net\/index.php\/wp-json\/wp\/v2\/pages\/6262"}],"collection":[{"href":"https:\/\/vonsaten.net\/index.php\/wp-json\/wp\/v2\/pages"}],"about":[{"href":"https:\/\/vonsaten.net\/index.php\/wp-json\/wp\/v2\/types\/page"}],"author":[{"embeddable":true,"href":"https:\/\/vonsaten.net\/index.php\/wp-json\/wp\/v2\/users\/1"}],"replies":[{"embeddable":true,"href":"https:\/\/vonsaten.net\/index.php\/wp-json\/wp\/v2\/comments?post=6262"}],"version-history":[{"count":5,"href":"https:\/\/vonsaten.net\/index.php\/wp-json\/wp\/v2\/pages\/6262\/revisions"}],"predecessor-version":[{"id":6283,"href":"https:\/\/vonsaten.net\/index.php\/wp-json\/wp\/v2\/pages\/6262\/revisions\/6283"}],"up":[{"embeddable":true,"href":"https:\/\/vonsaten.net\/index.php\/wp-json\/wp\/v2\/pages\/239"}],"wp:featuredmedia":[{"embeddable":true,"href":"https:\/\/vonsaten.net\/index.php\/wp-json\/wp\/v2\/media\/6276"}],"wp:attachment":[{"href":"https:\/\/vonsaten.net\/index.php\/wp-json\/wp\/v2\/media?parent=6262"}],"curies":[{"name":"wp","href":"https:\/\/api.w.org\/{rel}","templated":true}]}}