{"id":744,"date":"2021-08-03T17:30:34","date_gmt":"2021-08-03T17:30:34","guid":{"rendered":"http:\/\/vonsaten.net\/?page_id=744"},"modified":"2023-02-18T22:47:57","modified_gmt":"2023-02-18T22:47:57","slug":"jedna-spolecnost-ruzne-svety","status":"publish","type":"page","link":"https:\/\/vonsaten.net\/index.php\/von-saten-2\/jedna-spolecnost-ruzne-svety\/","title":{"rendered":"Jedna spole\u010dnost \u2013 r\u016fzn\u00e9 sv\u011bty"},"content":{"rendered":"\t\t<div data-elementor-type=\"wp-page\" data-elementor-id=\"744\" class=\"elementor elementor-744\">\n\t\t\t\t\t\t<div class=\"elementor-inner\">\n\t\t\t\t<div class=\"elementor-section-wrap\">\n\t\t\t\t\t\t\t\t\t<section class=\"elementor-section elementor-top-section elementor-element elementor-element-34e4270 elementor-section-full_width elementor-section-height-default elementor-section-height-default\" data-id=\"34e4270\" data-element_type=\"section\" data-settings=\"{&quot;background_background&quot;:&quot;classic&quot;}\">\n\t\t\t\t\t\t<div class=\"elementor-container elementor-column-gap-custom\">\n\t\t\t\t\t\t\t<div class=\"elementor-row\">\n\t\t\t\t\t<div class=\"elementor-column elementor-col-50 elementor-top-column elementor-element elementor-element-163fb11\" data-id=\"163fb11\" data-element_type=\"column\">\n\t\t\t<div class=\"elementor-column-wrap elementor-element-populated\">\n\t\t\t\t\t\t\t<div class=\"elementor-widget-wrap\">\n\t\t\t\t\t\t<div class=\"elementor-element elementor-element-100b946 elementor-widget elementor-widget-text-editor\" data-id=\"100b946\" data-element_type=\"widget\" data-widget_type=\"text-editor.default\">\n\t\t\t\t<div class=\"elementor-widget-container\">\n\t\t\t\t\t\t\t\t<div class=\"elementor-text-editor elementor-clearfix\">\n\t\t\t\tJedna spole\u010dnost \u2013 r\u016fzn\u00e9 sv\u011bty\t\t\t\t\t<\/div>\n\t\t\t\t\t\t<\/div>\n\t\t\t\t<\/div>\n\t\t\t\t\t\t<\/div>\n\t\t\t\t\t<\/div>\n\t\t<\/div>\n\t\t\t\t<div class=\"elementor-column elementor-col-50 elementor-top-column elementor-element elementor-element-a37d374\" data-id=\"a37d374\" data-element_type=\"column\">\n\t\t\t<div class=\"elementor-column-wrap elementor-element-populated\">\n\t\t\t\t\t\t\t<div class=\"elementor-widget-wrap\">\n\t\t\t\t\t\t<div class=\"elementor-element elementor-element-1504f14 elementor-widget elementor-widget-text-editor\" data-id=\"1504f14\" data-element_type=\"widget\" data-widget_type=\"text-editor.default\">\n\t\t\t\t<div class=\"elementor-widget-container\">\n\t\t\t\t\t\t\t\t<div class=\"elementor-text-editor elementor-clearfix\">\n\t\t\t\t<p>Design of a printed publication containing qualitative research on the fragmentation of Czech society. Which issues divide Czech society the most?<\/p>\t\t\t\t\t<\/div>\n\t\t\t\t\t\t<\/div>\n\t\t\t\t<\/div>\n\t\t\t\t\t\t<\/div>\n\t\t\t\t\t<\/div>\n\t\t<\/div>\n\t\t\t\t\t\t\t\t<\/div>\n\t\t\t\t\t<\/div>\n\t\t<\/section>\n\t\t\t\t<section class=\"elementor-section elementor-top-section elementor-element elementor-element-7d25ced elementor-section-full_width elementor-section-height-default elementor-section-height-default\" data-id=\"7d25ced\" data-element_type=\"section\" data-settings=\"{&quot;background_background&quot;:&quot;classic&quot;}\">\n\t\t\t\t\t\t<div class=\"elementor-container elementor-column-gap-custom\">\n\t\t\t\t\t\t\t<div class=\"elementor-row\">\n\t\t\t\t\t<div class=\"elementor-column elementor-col-100 elementor-top-column elementor-element elementor-element-74d7894\" data-id=\"74d7894\" data-element_type=\"column\">\n\t\t\t<div class=\"elementor-column-wrap elementor-element-populated\">\n\t\t\t\t\t\t\t<div class=\"elementor-widget-wrap\">\n\t\t\t\t\t\t<div class=\"elementor-element elementor-element-606004d elementor-invisible elementor-widget elementor-widget-image\" data-id=\"606004d\" data-element_type=\"widget\" data-settings=\"{&quot;_animation&quot;:&quot;fadeIn&quot;}\" data-widget_type=\"image.default\">\n\t\t\t\t<div class=\"elementor-widget-container\">\n\t\t\t\t\t\t\t\t<div class=\"elementor-image\">\n\t\t\t\t\t\t\t\t\t\t\t\t<img decoding=\"async\" width=\"2000\" height=\"1273\" src=\"https:\/\/vonsaten.net\/wp-content\/uploads\/2021\/08\/IMG_7125NEW.jpg\" class=\"attachment-full size-full wp-image-748\" alt=\"\" loading=\"lazy\" srcset=\"https:\/\/vonsaten.net\/wp-content\/uploads\/2021\/08\/IMG_7125NEW.jpg 2000w, https:\/\/vonsaten.net\/wp-content\/uploads\/2021\/08\/IMG_7125NEW-1024x652.jpg 1024w, https:\/\/vonsaten.net\/wp-content\/uploads\/2021\/08\/IMG_7125NEW-768x489.jpg 768w, https:\/\/vonsaten.net\/wp-content\/uploads\/2021\/08\/IMG_7125NEW-1536x978.jpg 1536w, https:\/\/vonsaten.net\/wp-content\/uploads\/2021\/08\/IMG_7125NEW-600x382.jpg 600w\" sizes=\"(max-width: 2000px) 100vw, 2000px\" \/>\t\t\t\t\t\t\t\t\t\t\t\t\t\t<\/div>\n\t\t\t\t\t\t<\/div>\n\t\t\t\t<\/div>\n\t\t\t\t<div class=\"elementor-element elementor-element-33c5644 elementor-widget elementor-widget-gallery\" data-id=\"33c5644\" data-element_type=\"widget\" data-settings=\"{&quot;gallery_layout&quot;:&quot;masonry&quot;,&quot;columns&quot;:2,&quot;gap&quot;:{&quot;unit&quot;:&quot;px&quot;,&quot;size&quot;:50,&quot;sizes&quot;:[]},&quot;lazyload&quot;:&quot;yes&quot;,&quot;columns_tablet&quot;:2,&quot;columns_mobile&quot;:1,&quot;gap_tablet&quot;:{&quot;unit&quot;:&quot;px&quot;,&quot;size&quot;:10,&quot;sizes&quot;:[]},&quot;gap_mobile&quot;:{&quot;unit&quot;:&quot;px&quot;,&quot;size&quot;:10,&quot;sizes&quot;:[]},&quot;link_to&quot;:&quot;file&quot;,&quot;overlay_background&quot;:&quot;yes&quot;,&quot;content_hover_animation&quot;:&quot;fade-in&quot;}\" data-widget_type=\"gallery.default\">\n\t\t\t\t<div class=\"elementor-widget-container\">\n\t\t\t\t\t<div class=\"elementor-gallery__container\">\n\t\t\t\t\t\t\t<a class=\"e-gallery-item elementor-gallery-item elementor-animated-content\" href=\"https:\/\/vonsaten.net\/wp-content\/uploads\/2021\/08\/IMG_7143NEW.jpg\" data-elementor-open-lightbox=\"yes\" data-elementor-lightbox-slideshow=\"all-33c5644\" data-elementor-lightbox-title=\"IMG_7143NEW\" e-action-hash=\"#elementor-action%3Aaction%3Dlightbox%26settings%3DeyJpZCI6NzUyLCJ1cmwiOiJodHRwczpcL1wvdm9uc2F0ZW4ubmV0XC93cC1jb250ZW50XC91cGxvYWRzXC8yMDIxXC8wOFwvSU1HXzcxNDNORVcuanBnIiwic2xpZGVzaG93IjoiYWxsLTMzYzU2NDQifQ%3D%3D\">\n\t\t\t\t\t<div class=\"e-gallery-image elementor-gallery-item__image\" data-thumbnail=\"https:\/\/vonsaten.net\/wp-content\/uploads\/2021\/08\/IMG_7143NEW-1024x682.jpg\" data-width=\"620\" data-height=\"413\" alt=\"\" ><\/div>\n\t\t\t\t\t\t\t\t\t\t\t<div class=\"elementor-gallery-item__overlay\"><\/div>\n\t\t\t\t\t\t\t\t\t\t\t\t\t\t<\/a>\n\t\t\t\t\t\t\t<a class=\"e-gallery-item elementor-gallery-item elementor-animated-content\" href=\"https:\/\/vonsaten.net\/wp-content\/uploads\/2021\/08\/IMG_7141NEW.jpg\" data-elementor-open-lightbox=\"yes\" data-elementor-lightbox-slideshow=\"all-33c5644\" data-elementor-lightbox-title=\"IMG_7141NEW\" e-action-hash=\"#elementor-action%3Aaction%3Dlightbox%26settings%3DeyJpZCI6NzUxLCJ1cmwiOiJodHRwczpcL1wvdm9uc2F0ZW4ubmV0XC93cC1jb250ZW50XC91cGxvYWRzXC8yMDIxXC8wOFwvSU1HXzcxNDFORVcuanBnIiwic2xpZGVzaG93IjoiYWxsLTMzYzU2NDQifQ%3D%3D\">\n\t\t\t\t\t<div class=\"e-gallery-image elementor-gallery-item__image\" data-thumbnail=\"https:\/\/vonsaten.net\/wp-content\/uploads\/2021\/08\/IMG_7141NEW-1024x682.jpg\" data-width=\"620\" data-height=\"413\" alt=\"\" ><\/div>\n\t\t\t\t\t\t\t\t\t\t\t<div class=\"elementor-gallery-item__overlay\"><\/div>\n\t\t\t\t\t\t\t\t\t\t\t\t\t\t<\/a>\n\t\t\t\t\t\t\t<a class=\"e-gallery-item elementor-gallery-item elementor-animated-content\" href=\"https:\/\/vonsaten.net\/wp-content\/uploads\/2021\/08\/IMG_7140NEW.jpg\" data-elementor-open-lightbox=\"yes\" data-elementor-lightbox-slideshow=\"all-33c5644\" data-elementor-lightbox-title=\"IMG_7140NEW\" e-action-hash=\"#elementor-action%3Aaction%3Dlightbox%26settings%3DeyJpZCI6NzUwLCJ1cmwiOiJodHRwczpcL1wvdm9uc2F0ZW4ubmV0XC93cC1jb250ZW50XC91cGxvYWRzXC8yMDIxXC8wOFwvSU1HXzcxNDBORVcuanBnIiwic2xpZGVzaG93IjoiYWxsLTMzYzU2NDQifQ%3D%3D\">\n\t\t\t\t\t<div class=\"e-gallery-image elementor-gallery-item__image\" data-thumbnail=\"https:\/\/vonsaten.net\/wp-content\/uploads\/2021\/08\/IMG_7140NEW-1024x711.jpg\" data-width=\"620\" data-height=\"430\" alt=\"\" ><\/div>\n\t\t\t\t\t\t\t\t\t\t\t<div class=\"elementor-gallery-item__overlay\"><\/div>\n\t\t\t\t\t\t\t\t\t\t\t\t\t\t<\/a>\n\t\t\t\t\t\t\t<a class=\"e-gallery-item elementor-gallery-item elementor-animated-content\" href=\"https:\/\/vonsaten.net\/wp-content\/uploads\/2021\/08\/IMG_7181NEW.jpg\" data-elementor-open-lightbox=\"yes\" data-elementor-lightbox-slideshow=\"all-33c5644\" data-elementor-lightbox-title=\"IMG_7181NEW\" e-action-hash=\"#elementor-action%3Aaction%3Dlightbox%26settings%3DeyJpZCI6NzYwLCJ1cmwiOiJodHRwczpcL1wvdm9uc2F0ZW4ubmV0XC93cC1jb250ZW50XC91cGxvYWRzXC8yMDIxXC8wOFwvSU1HXzcxODFORVcuanBnIiwic2xpZGVzaG93IjoiYWxsLTMzYzU2NDQifQ%3D%3D\">\n\t\t\t\t\t<div class=\"e-gallery-image elementor-gallery-item__image\" data-thumbnail=\"https:\/\/vonsaten.net\/wp-content\/uploads\/2021\/08\/IMG_7181NEW-1024x682.jpg\" data-width=\"620\" data-height=\"413\" alt=\"\" ><\/div>\n\t\t\t\t\t\t\t\t\t\t\t<div class=\"elementor-gallery-item__overlay\"><\/div>\n\t\t\t\t\t\t\t\t\t\t\t\t\t\t<\/a>\n\t\t\t\t\t\t\t<a class=\"e-gallery-item elementor-gallery-item elementor-animated-content\" href=\"https:\/\/vonsaten.net\/wp-content\/uploads\/2021\/08\/IMG_7180NEW.jpg\" data-elementor-open-lightbox=\"yes\" data-elementor-lightbox-slideshow=\"all-33c5644\" data-elementor-lightbox-title=\"IMG_7180NEW\" e-action-hash=\"#elementor-action%3Aaction%3Dlightbox%26settings%3DeyJpZCI6NzU5LCJ1cmwiOiJodHRwczpcL1wvdm9uc2F0ZW4ubmV0XC93cC1jb250ZW50XC91cGxvYWRzXC8yMDIxXC8wOFwvSU1HXzcxODBORVcuanBnIiwic2xpZGVzaG93IjoiYWxsLTMzYzU2NDQifQ%3D%3D\">\n\t\t\t\t\t<div class=\"e-gallery-image elementor-gallery-item__image\" data-thumbnail=\"https:\/\/vonsaten.net\/wp-content\/uploads\/2021\/08\/IMG_7180NEW-1024x682.jpg\" data-width=\"620\" data-height=\"413\" alt=\"\" ><\/div>\n\t\t\t\t\t\t\t\t\t\t\t<div class=\"elementor-gallery-item__overlay\"><\/div>\n\t\t\t\t\t\t\t\t\t\t\t\t\t\t<\/a>\n\t\t\t\t\t\t\t<a class=\"e-gallery-item elementor-gallery-item elementor-animated-content\" href=\"https:\/\/vonsaten.net\/wp-content\/uploads\/2021\/08\/IMG_7179NEW.jpg\" data-elementor-open-lightbox=\"yes\" data-elementor-lightbox-slideshow=\"all-33c5644\" data-elementor-lightbox-title=\"IMG_7179NEW\" e-action-hash=\"#elementor-action%3Aaction%3Dlightbox%26settings%3DeyJpZCI6NzU4LCJ1cmwiOiJodHRwczpcL1wvdm9uc2F0ZW4ubmV0XC93cC1jb250ZW50XC91cGxvYWRzXC8yMDIxXC8wOFwvSU1HXzcxNzlORVcuanBnIiwic2xpZGVzaG93IjoiYWxsLTMzYzU2NDQifQ%3D%3D\">\n\t\t\t\t\t<div class=\"e-gallery-image elementor-gallery-item__image\" data-thumbnail=\"https:\/\/vonsaten.net\/wp-content\/uploads\/2021\/08\/IMG_7179NEW-1024x742.jpg\" data-width=\"620\" data-height=\"449\" alt=\"\" ><\/div>\n\t\t\t\t\t\t\t\t\t\t\t<div class=\"elementor-gallery-item__overlay\"><\/div>\n\t\t\t\t\t\t\t\t\t\t\t\t\t\t<\/a>\n\t\t\t\t\t\t\t<a class=\"e-gallery-item elementor-gallery-item elementor-animated-content\" href=\"https:\/\/vonsaten.net\/wp-content\/uploads\/2021\/08\/IMG_7149NEW.jpg\" data-elementor-open-lightbox=\"yes\" data-elementor-lightbox-slideshow=\"all-33c5644\" data-elementor-lightbox-title=\"IMG_7149NEW\" e-action-hash=\"#elementor-action%3Aaction%3Dlightbox%26settings%3DeyJpZCI6NzU3LCJ1cmwiOiJodHRwczpcL1wvdm9uc2F0ZW4ubmV0XC93cC1jb250ZW50XC91cGxvYWRzXC8yMDIxXC8wOFwvSU1HXzcxNDlORVcuanBnIiwic2xpZGVzaG93IjoiYWxsLTMzYzU2NDQifQ%3D%3D\">\n\t\t\t\t\t<div class=\"e-gallery-image elementor-gallery-item__image\" data-thumbnail=\"https:\/\/vonsaten.net\/wp-content\/uploads\/2021\/08\/IMG_7149NEW-1024x682.jpg\" data-width=\"620\" data-height=\"413\" alt=\"\" ><\/div>\n\t\t\t\t\t\t\t\t\t\t\t<div class=\"elementor-gallery-item__overlay\"><\/div>\n\t\t\t\t\t\t\t\t\t\t\t\t\t\t<\/a>\n\t\t\t\t\t\t\t<a class=\"e-gallery-item elementor-gallery-item elementor-animated-content\" href=\"https:\/\/vonsaten.net\/wp-content\/uploads\/2021\/08\/IMG_7145NEW.jpg\" data-elementor-open-lightbox=\"yes\" data-elementor-lightbox-slideshow=\"all-33c5644\" data-elementor-lightbox-title=\"IMG_7145NEW\" e-action-hash=\"#elementor-action%3Aaction%3Dlightbox%26settings%3DeyJpZCI6NzUzLCJ1cmwiOiJodHRwczpcL1wvdm9uc2F0ZW4ubmV0XC93cC1jb250ZW50XC91cGxvYWRzXC8yMDIxXC8wOFwvSU1HXzcxNDVORVcuanBnIiwic2xpZGVzaG93IjoiYWxsLTMzYzU2NDQifQ%3D%3D\">\n\t\t\t\t\t<div class=\"e-gallery-image elementor-gallery-item__image\" data-thumbnail=\"https:\/\/vonsaten.net\/wp-content\/uploads\/2021\/08\/IMG_7145NEW-1024x682.jpg\" data-width=\"620\" data-height=\"413\" alt=\"\" ><\/div>\n\t\t\t\t\t\t\t\t\t\t\t<div class=\"elementor-gallery-item__overlay\"><\/div>\n\t\t\t\t\t\t\t\t\t\t\t\t\t\t<\/a>\n\t\t\t\t\t\t\t<a class=\"e-gallery-item elementor-gallery-item elementor-animated-content\" href=\"https:\/\/vonsaten.net\/wp-content\/uploads\/2021\/08\/IMG_7148NEW.jpg\" data-elementor-open-lightbox=\"yes\" data-elementor-lightbox-slideshow=\"all-33c5644\" data-elementor-lightbox-title=\"IMG_7148NEW\" e-action-hash=\"#elementor-action%3Aaction%3Dlightbox%26settings%3DeyJpZCI6NzU2LCJ1cmwiOiJodHRwczpcL1wvdm9uc2F0ZW4ubmV0XC93cC1jb250ZW50XC91cGxvYWRzXC8yMDIxXC8wOFwvSU1HXzcxNDhORVcuanBnIiwic2xpZGVzaG93IjoiYWxsLTMzYzU2NDQifQ%3D%3D\">\n\t\t\t\t\t<div class=\"e-gallery-image elementor-gallery-item__image\" data-thumbnail=\"https:\/\/vonsaten.net\/wp-content\/uploads\/2021\/08\/IMG_7148NEW-1024x682.jpg\" data-width=\"620\" data-height=\"413\" alt=\"\" ><\/div>\n\t\t\t\t\t\t\t\t\t\t\t<div class=\"elementor-gallery-item__overlay\"><\/div>\n\t\t\t\t\t\t\t\t\t\t\t\t\t\t<\/a>\n\t\t\t\t\t\t\t<a class=\"e-gallery-item elementor-gallery-item elementor-animated-content\" href=\"https:\/\/vonsaten.net\/wp-content\/uploads\/2021\/08\/IMG_7147NEW.jpg\" data-elementor-open-lightbox=\"yes\" data-elementor-lightbox-slideshow=\"all-33c5644\" data-elementor-lightbox-title=\"IMG_7147NEW\" e-action-hash=\"#elementor-action%3Aaction%3Dlightbox%26settings%3DeyJpZCI6NzU1LCJ1cmwiOiJodHRwczpcL1wvdm9uc2F0ZW4ubmV0XC93cC1jb250ZW50XC91cGxvYWRzXC8yMDIxXC8wOFwvSU1HXzcxNDdORVcuanBnIiwic2xpZGVzaG93IjoiYWxsLTMzYzU2NDQifQ%3D%3D\">\n\t\t\t\t\t<div class=\"e-gallery-image elementor-gallery-item__image\" data-thumbnail=\"https:\/\/vonsaten.net\/wp-content\/uploads\/2021\/08\/IMG_7147NEW-1024x682.jpg\" data-width=\"620\" data-height=\"413\" alt=\"\" ><\/div>\n\t\t\t\t\t\t\t\t\t\t\t<div class=\"elementor-gallery-item__overlay\"><\/div>\n\t\t\t\t\t\t\t\t\t\t\t\t\t\t<\/a>\n\t\t\t\t\t\t\t<a class=\"e-gallery-item elementor-gallery-item elementor-animated-content\" href=\"https:\/\/vonsaten.net\/wp-content\/uploads\/2021\/08\/IMG_7146NEW.jpg\" data-elementor-open-lightbox=\"yes\" data-elementor-lightbox-slideshow=\"all-33c5644\" data-elementor-lightbox-title=\"IMG_7146NEW\" e-action-hash=\"#elementor-action%3Aaction%3Dlightbox%26settings%3DeyJpZCI6NzU0LCJ1cmwiOiJodHRwczpcL1wvdm9uc2F0ZW4ubmV0XC93cC1jb250ZW50XC91cGxvYWRzXC8yMDIxXC8wOFwvSU1HXzcxNDZORVcuanBnIiwic2xpZGVzaG93IjoiYWxsLTMzYzU2NDQifQ%3D%3D\">\n\t\t\t\t\t<div class=\"e-gallery-image elementor-gallery-item__image\" data-thumbnail=\"https:\/\/vonsaten.net\/wp-content\/uploads\/2021\/08\/IMG_7146NEW-1024x682.jpg\" data-width=\"620\" data-height=\"413\" alt=\"\" ><\/div>\n\t\t\t\t\t\t\t\t\t\t\t<div class=\"elementor-gallery-item__overlay\"><\/div>\n\t\t\t\t\t\t\t\t\t\t\t\t\t\t<\/a>\n\t\t\t\t\t\t\t<a class=\"e-gallery-item elementor-gallery-item elementor-animated-content\" href=\"https:\/\/vonsaten.net\/wp-content\/uploads\/2021\/08\/287A96C1-53D6-440A-81EF-A5ACE5C3CCED.jpg\" data-elementor-open-lightbox=\"yes\" data-elementor-lightbox-slideshow=\"all-33c5644\" data-elementor-lightbox-title=\"287A96C1-53D6-440A-81EF-A5ACE5C3CCED\" e-action-hash=\"#elementor-action%3Aaction%3Dlightbox%26settings%3DeyJpZCI6NzY3LCJ1cmwiOiJodHRwczpcL1wvdm9uc2F0ZW4ubmV0XC93cC1jb250ZW50XC91cGxvYWRzXC8yMDIxXC8wOFwvMjg3QTk2QzEtNTNENi00NDBBLTgxRUYtQTVBQ0U1QzNDQ0VELmpwZyIsInNsaWRlc2hvdyI6ImFsbC0zM2M1NjQ0In0%3D\">\n\t\t\t\t\t<div class=\"e-gallery-image elementor-gallery-item__image\" data-thumbnail=\"https:\/\/vonsaten.net\/wp-content\/uploads\/2021\/08\/287A96C1-53D6-440A-81EF-A5ACE5C3CCED-1024x1024.jpg\" data-width=\"620\" data-height=\"620\" alt=\"\" ><\/div>\n\t\t\t\t\t\t\t\t\t\t\t<div class=\"elementor-gallery-item__overlay\"><\/div>\n\t\t\t\t\t\t\t\t\t\t\t\t\t\t<\/a>\n\t\t\t\t\t\t\t<a class=\"e-gallery-item elementor-gallery-item elementor-animated-content\" href=\"https:\/\/vonsaten.net\/wp-content\/uploads\/2021\/08\/62F2137F-935B-4098-B25C-3127F41176AF.jpg\" data-elementor-open-lightbox=\"yes\" data-elementor-lightbox-slideshow=\"all-33c5644\" data-elementor-lightbox-title=\"62F2137F-935B-4098-B25C-3127F41176AF\" e-action-hash=\"#elementor-action%3Aaction%3Dlightbox%26settings%3DeyJpZCI6NzYzLCJ1cmwiOiJodHRwczpcL1wvdm9uc2F0ZW4ubmV0XC93cC1jb250ZW50XC91cGxvYWRzXC8yMDIxXC8wOFwvNjJGMjEzN0YtOTM1Qi00MDk4LUIyNUMtMzEyN0Y0MTE3NkFGLmpwZyIsInNsaWRlc2hvdyI6ImFsbC0zM2M1NjQ0In0%3D\">\n\t\t\t\t\t<div class=\"e-gallery-image elementor-gallery-item__image\" data-thumbnail=\"https:\/\/vonsaten.net\/wp-content\/uploads\/2021\/08\/62F2137F-935B-4098-B25C-3127F41176AF-1024x1024.jpg\" data-width=\"620\" data-height=\"620\" alt=\"\" ><\/div>\n\t\t\t\t\t\t\t\t\t\t\t<div class=\"elementor-gallery-item__overlay\"><\/div>\n\t\t\t\t\t\t\t\t\t\t\t\t\t\t<\/a>\n\t\t\t\t\t\t\t<a class=\"e-gallery-item elementor-gallery-item elementor-animated-content\" href=\"https:\/\/vonsaten.net\/wp-content\/uploads\/2021\/08\/EDB5B647-EAF7-4016-B9D4-E0F88DF49A2B.jpg\" data-elementor-open-lightbox=\"yes\" data-elementor-lightbox-slideshow=\"all-33c5644\" data-elementor-lightbox-title=\"EDB5B647-EAF7-4016-B9D4-E0F88DF49A2B\" e-action-hash=\"#elementor-action%3Aaction%3Dlightbox%26settings%3DeyJpZCI6NzY5LCJ1cmwiOiJodHRwczpcL1wvdm9uc2F0ZW4ubmV0XC93cC1jb250ZW50XC91cGxvYWRzXC8yMDIxXC8wOFwvRURCNUI2NDctRUFGNy00MDE2LUI5RDQtRTBGODhERjQ5QTJCLmpwZyIsInNsaWRlc2hvdyI6ImFsbC0zM2M1NjQ0In0%3D\">\n\t\t\t\t\t<div class=\"e-gallery-image elementor-gallery-item__image\" data-thumbnail=\"https:\/\/vonsaten.net\/wp-content\/uploads\/2021\/08\/EDB5B647-EAF7-4016-B9D4-E0F88DF49A2B-1024x1024.jpg\" data-width=\"620\" data-height=\"620\" alt=\"\" ><\/div>\n\t\t\t\t\t\t\t\t\t\t\t<div class=\"elementor-gallery-item__overlay\"><\/div>\n\t\t\t\t\t\t\t\t\t\t\t\t\t\t<\/a>\n\t\t\t\t\t\t\t<a class=\"e-gallery-item elementor-gallery-item elementor-animated-content\" href=\"https:\/\/vonsaten.net\/wp-content\/uploads\/2021\/08\/PROFILOVANEW.jpg\" data-elementor-open-lightbox=\"yes\" data-elementor-lightbox-slideshow=\"all-33c5644\" data-elementor-lightbox-title=\"PROFILOVANEW\" e-action-hash=\"#elementor-action%3Aaction%3Dlightbox%26settings%3DeyJpZCI6NzcxLCJ1cmwiOiJodHRwczpcL1wvdm9uc2F0ZW4ubmV0XC93cC1jb250ZW50XC91cGxvYWRzXC8yMDIxXC8wOFwvUFJPRklMT1ZBTkVXLmpwZyIsInNsaWRlc2hvdyI6ImFsbC0zM2M1NjQ0In0%3D\">\n\t\t\t\t\t<div class=\"e-gallery-image elementor-gallery-item__image\" data-thumbnail=\"https:\/\/vonsaten.net\/wp-content\/uploads\/2021\/08\/PROFILOVANEW-1024x774.jpg\" data-width=\"620\" data-height=\"469\" alt=\"\" ><\/div>\n\t\t\t\t\t\t\t\t\t\t\t<div class=\"elementor-gallery-item__overlay\"><\/div>\n\t\t\t\t\t\t\t\t\t\t\t\t\t\t<\/a>\n\t\t\t\t\t\t\t<a class=\"e-gallery-item elementor-gallery-item elementor-animated-content\" href=\"https:\/\/vonsaten.net\/wp-content\/uploads\/2021\/08\/IMG_7136NEW.jpg\" data-elementor-open-lightbox=\"yes\" data-elementor-lightbox-slideshow=\"all-33c5644\" data-elementor-lightbox-title=\"IMG_7136NEW\" e-action-hash=\"#elementor-action%3Aaction%3Dlightbox%26settings%3DeyJpZCI6NzQ5LCJ1cmwiOiJodHRwczpcL1wvdm9uc2F0ZW4ubmV0XC93cC1jb250ZW50XC91cGxvYWRzXC8yMDIxXC8wOFwvSU1HXzcxMzZORVcuanBnIiwic2xpZGVzaG93IjoiYWxsLTMzYzU2NDQifQ%3D%3D\">\n\t\t\t\t\t<div class=\"e-gallery-image elementor-gallery-item__image\" data-thumbnail=\"https:\/\/vonsaten.net\/wp-content\/uploads\/2021\/08\/IMG_7136NEW-1024x659.jpg\" data-width=\"620\" data-height=\"399\" alt=\"\" ><\/div>\n\t\t\t\t\t\t\t\t\t\t\t<div class=\"elementor-gallery-item__overlay\"><\/div>\n\t\t\t\t\t\t\t\t\t\t\t\t\t\t<\/a>\n\t\t\t\t\t\t\t<a class=\"e-gallery-item elementor-gallery-item elementor-animated-content\" href=\"https:\/\/vonsaten.net\/wp-content\/uploads\/2021\/08\/44BC854F-D0D1-405F-9B50-5A878BD00B9A.jpg\" data-elementor-open-lightbox=\"yes\" data-elementor-lightbox-slideshow=\"all-33c5644\" data-elementor-lightbox-title=\"44BC854F-D0D1-405F-9B50-5A878BD00B9A\" e-action-hash=\"#elementor-action%3Aaction%3Dlightbox%26settings%3DeyJpZCI6NzYyLCJ1cmwiOiJodHRwczpcL1wvdm9uc2F0ZW4ubmV0XC93cC1jb250ZW50XC91cGxvYWRzXC8yMDIxXC8wOFwvNDRCQzg1NEYtRDBEMS00MDVGLTlCNTAtNUE4NzhCRDAwQjlBLmpwZyIsInNsaWRlc2hvdyI6ImFsbC0zM2M1NjQ0In0%3D\">\n\t\t\t\t\t<div class=\"e-gallery-image elementor-gallery-item__image\" data-thumbnail=\"https:\/\/vonsaten.net\/wp-content\/uploads\/2021\/08\/44BC854F-D0D1-405F-9B50-5A878BD00B9A-1024x1024.jpg\" data-width=\"620\" data-height=\"620\" alt=\"\" ><\/div>\n\t\t\t\t\t\t\t\t\t\t\t<div class=\"elementor-gallery-item__overlay\"><\/div>\n\t\t\t\t\t\t\t\t\t\t\t\t\t\t<\/a>\n\t\t\t\t\t<\/div>\n\t\t\t<\/div>\n\t\t\t\t<\/div>\n\t\t\t\t\t\t<\/div>\n\t\t\t\t\t<\/div>\n\t\t<\/div>\n\t\t\t\t\t\t\t\t<\/div>\n\t\t\t\t\t<\/div>\n\t\t<\/section>\n\t\t\t\t\t\t\t\t\t<\/div>\n\t\t\t<\/div>\n\t\t\t\t\t<\/div>\n\t\t","protected":false},"excerpt":{"rendered":"<p>Design of a printed publication containing qualitative research on the fragmentation of Czech society. Which issues divide Czech society the most?<\/p>\n","protected":false},"author":1,"featured_media":748,"parent":239,"menu_order":-1,"comment_status":"closed","ping_status":"open","template":"elementor_header_footer","meta":[],"_links":{"self":[{"href":"https:\/\/vonsaten.net\/index.php\/wp-json\/wp\/v2\/pages\/744"}],"collection":[{"href":"https:\/\/vonsaten.net\/index.php\/wp-json\/wp\/v2\/pages"}],"about":[{"href":"https:\/\/vonsaten.net\/index.php\/wp-json\/wp\/v2\/types\/page"}],"author":[{"embeddable":true,"href":"https:\/\/vonsaten.net\/index.php\/wp-json\/wp\/v2\/users\/1"}],"replies":[{"embeddable":true,"href":"https:\/\/vonsaten.net\/index.php\/wp-json\/wp\/v2\/comments?post=744"}],"version-history":[{"count":5,"href":"https:\/\/vonsaten.net\/index.php\/wp-json\/wp\/v2\/pages\/744\/revisions"}],"predecessor-version":[{"id":3899,"href":"https:\/\/vonsaten.net\/index.php\/wp-json\/wp\/v2\/pages\/744\/revisions\/3899"}],"up":[{"embeddable":true,"href":"https:\/\/vonsaten.net\/index.php\/wp-json\/wp\/v2\/pages\/239"}],"wp:featuredmedia":[{"embeddable":true,"href":"https:\/\/vonsaten.net\/index.php\/wp-json\/wp\/v2\/media\/748"}],"wp:attachment":[{"href":"https:\/\/vonsaten.net\/index.php\/wp-json\/wp\/v2\/media?parent=744"}],"curies":[{"name":"wp","href":"https:\/\/api.w.org\/{rel}","templated":true}]}}